{"id":940,"date":"2025-06-19T07:29:42","date_gmt":"2025-06-19T05:29:42","guid":{"rendered":"https:\/\/casablanca.dev.gejststudio.com\/tangkroen\/?page_id=940"},"modified":"2026-04-17T14:24:38","modified_gmt":"2026-04-17T12:24:38","slug":"dabognavngivning","status":"publish","type":"page","link":"https:\/\/casablanca.dev.gejststudio.com\/tangkroen\/dabognavngivning\/","title":{"rendered":"D\u00e5bs- og navngivningsfest"},"content":{"rendered":"\n<div class=\"block-masthead relative max-w-full alignfull has-background w-full alignfull\">\n\r\n<header\r\n    data-hero\r\n    data-hero-type=\"text_and_bg\"\r\n     class='block-hero relative max-w-full alignfull has-background w-full alignfull'>\r\n\r\n    \r\n        \n<div class=\"site-padding-x pt-[var(--header-height)]\">\n    <div class=\"relative flex flex-col justify-end w-full mx-auto max-w-site-width min-h-[70vmin] sm:min-h-[60vmin] rounded overflow-hidden\">\n\n        <!-- Content -->\n        <div\n            data-hero-content\n            class=\"relative z-10 max-w-screen-xl sm:w-10\/12 module-padding-x module-padding-y text-white\"\n        >\n                            <h1 class=\"display-text\">D\u00e5bs- og navngivningsfest<\/h1>\n                    <\/div>\n\n        <!-- Media -->\n        \n<div\n    class=\"absolute inset-x-0 top-0 h-full mx-auto\"\n    data-hero-media-outer\n    data-hero-media-should-animate=\"true\"\n>\n    <div\n        class=\"relative w-full h-full overflow-hidden bg-black rounded\"\n        data-hero-media-container\n    >\n\n        \n            <img loading=\"lazy\" decoding=\"async\" width=\"1600\" height=\"1067\" src=\"https:\/\/casablanca.dev.gejststudio.com\/tangkroen\/wp-content\/uploads\/sites\/6\/2026\/01\/2024.08.19-KiaerPhotography-LineCasper-bryllup-424.jpg\" class=\"absolute top-0 left-0 h-full w-full object-cover scale-[1.06] blur-lg\" alt=\"\" style=\"opacity: 0.4;\" data-hero-media=\"true\" srcset=\"https:\/\/casablanca.dev.gejststudio.com\/tangkroen\/wp-content\/uploads\/sites\/6\/2026\/01\/2024.08.19-KiaerPhotography-LineCasper-bryllup-424.jpg 1600w, https:\/\/casablanca.dev.gejststudio.com\/tangkroen\/wp-content\/uploads\/sites\/6\/2026\/01\/2024.08.19-KiaerPhotography-LineCasper-bryllup-424-1280x854.jpg 1280w, https:\/\/casablanca.dev.gejststudio.com\/tangkroen\/wp-content\/uploads\/sites\/6\/2026\/01\/2024.08.19-KiaerPhotography-LineCasper-bryllup-424-768x512.jpg 768w, https:\/\/casablanca.dev.gejststudio.com\/tangkroen\/wp-content\/uploads\/sites\/6\/2026\/01\/2024.08.19-KiaerPhotography-LineCasper-bryllup-424-1536x1024.jpg 1536w\" sizes=\"auto, (max-width: 1600px) 100vw, 1600px\" \/>\n        \n        \n    <\/div>\n<\/div>\n\n    <\/div>\n<\/div>\n\r\n    \r\n<\/header>\r\n\n<\/div>\n\n\n\n    <section  class='block-lead-paragraph alignwide'>\n\n        <div class=\"text-xl leading-tight sm:text-3xl lg:text-4xl\">\n            Med udsigt til Aarhusbugten og Marselisborg Skovene som bagt\u00e6ppe danner Tangkroen de ideelle rammer for en dag med ro, n\u00e6rv\u00e6r og gl\u00e6de \u2013 og for at skabe smukke minder med familie og venner.        <\/div>\n\n    <\/section>\n\n\n\n\n\n    <section  class='block-text-and-media alignwide'>\n        <div class=\"block-inner-container grid grid-cols-1 gap-y-5 gap-x-[8vmin] md:grid-cols-2\">\n\n            <!-- Content-->\n            <div class=\"col-span-1 flex flex-col gap-5 md:gap-12 md:w-11\/12 text-left\">\n                                    <h2 class=\"display-text-md text-brand\">\n                        En hyggelig og uformel dag                    <\/h2>\n                \n                                    <div class=\"flex flex-col gap-5 md:gap-6\">\n                                                    <div class=\"wysiwyg-formatting\">\n                                <p>Hos os bliver I m\u00f8dt af et varmt og professionelt v\u00e6rtskab, en sans for detaljen og en afslappet stemning. Vi hj\u00e6lper gerne med at sammens\u00e6tte dagen, s\u00e5 I blot skal l\u00e6ne jer tilbage og nyde jeres g\u00e6ster.<\/p>\n<p>Vores lokaler byder p\u00e5 smuk udsigt, naturligt lys og adgang til terrassen \u2013 oplagt til en g\u00e5tur eller en velkomst i det gr\u00f8nne.<\/p>\n                            <\/div>\n                        \n                                                    \n\t\t\t\t<a href=\"#\/p\/1942\" target=\"_self\" data-barba-prevent=\"self\" aria-label=\"Tangkroen - Galleri &#8211; Konfirmation + d\u00e5b\/nanvgivning\" class=\"max-w-fit btn \">\n                    Se flere billeder i vores galleri\n\t\t\t\t<\/a>\n\t\t\t                                            <\/div>\n                \n                            <\/div>\n\n            <!-- Media -->\n            <div class=\" md:order-last\">\n                    <figure class=\"relative flex items-center h-full w-full overflow-hidden rounded aspect-video\">\n\n        \n            <img loading=\"lazy\" decoding=\"async\" width=\"854\" height=\"1280\" src=\"https:\/\/casablanca.dev.gejststudio.com\/tangkroen\/wp-content\/uploads\/sites\/6\/2026\/01\/2024.08.19-KiaerPhotography-LineCasper-bryllup-323-854x1280.jpg\" class=\"w-full h-full object-cover\" alt=\"\" srcset=\"https:\/\/casablanca.dev.gejststudio.com\/tangkroen\/wp-content\/uploads\/sites\/6\/2026\/01\/2024.08.19-KiaerPhotography-LineCasper-bryllup-323-854x1280.jpg 854w, https:\/\/casablanca.dev.gejststudio.com\/tangkroen\/wp-content\/uploads\/sites\/6\/2026\/01\/2024.08.19-KiaerPhotography-LineCasper-bryllup-323-1024x1536.jpg 1024w\" sizes=\"auto, (max-width: 854px) 100vw, 854px\" \/>\n        \n        \n    <\/figure>\n            <\/div>\n\n        <\/div>\n    <\/section>\n\n\n\n\n    <section  class='block-link-list alignwide'>\n\n        \n        <ol class=\"link-list\" data-list-hover-image-reveal data-animated-list>\n                            <li>\n                    <a\n                        class=\"relative block w-full py-8 duration-300 text-brand ease-in-out outline-none hover:text-brand\"\n                        href=\"#\/p\/963\"\n                        target=\"_self\"\n                        data-barba-prevent=\"self\" aria-label=\"Tangkroen - D\u00e5b\/navngivning Frokosthygge\"                                                tabindex=\"0\"\n                    >\n                        <div class=\"overflow-hidden\">\n                            <div class=\"flex flex-col gap-2\" data-animated-list-text>\n                                <div class=\"flex gap-10 justify-between items-start\">\n                                    <div class=\"display-text-md\">\n                                        Frokosthygge                                    <\/div>\n\n                                    <div class=\"hidden md:block py-2 btn mt-2 font-sans shrink-0 text-sm\">\n                                        Se mulighederne                                    <\/div>\n                                <\/div>\n\n                                                                    <span class=\"text-sm sm:text-base lg:text-lg\">2-retters frokost inkl. \u00f8l\/vand og vin under frokosten. Efterf\u00f8lgende kagetapas samt kaffe\/te\/saft.<\/span>\n                                                            <\/div>\n                        <\/div>\n                    <\/a>\n                    <div class=\"w-full h-px bg-beige-300\"><\/div>\n                <\/li>\n                            <li>\n                    <a\n                        class=\"relative block w-full py-8 duration-300 text-brand ease-in-out outline-none hover:text-brand\"\n                        href=\"#\/p\/981\"\n                        target=\"_self\"\n                        data-barba-prevent=\"self\" aria-label=\"Tangkroen - D\u00e5b\/navngivning Kronchbuffet\"                                                tabindex=\"0\"\n                    >\n                        <div class=\"overflow-hidden\">\n                            <div class=\"flex flex-col gap-2\" data-animated-list-text>\n                                <div class=\"flex gap-10 justify-between items-start\">\n                                    <div class=\"display-text-md\">\n                                        Kronch-buffet                                    <\/div>\n\n                                    <div class=\"hidden md:block py-2 btn mt-2 font-sans shrink-0 text-sm\">\n                                        Se mulighederne                                    <\/div>\n                                <\/div>\n\n                                                                    <span class=\"text-sm sm:text-base lg:text-lg\">Vores popul\u00e6re Kronch-buffet inkl. kaffe\/te, juice samt ingef\u00e6rshots.<\/span>\n                                                            <\/div>\n                        <\/div>\n                    <\/a>\n                    <div class=\"w-full h-px bg-beige-300\"><\/div>\n                <\/li>\n                    <\/ol>\n\n    <\/section>\n\n\n\n\n    <div  class='block-cta relative alignfull has-background bg-brand-bg text-white alignwide'>\n        <div class=\"block-inner-container\">\n\n            <div class=\"relative flex flex-col items-center justify-center text-center gap-5 lg:gap-8 w-full mx-auto max-w-site-width site-padding-x py-[5vmin]\">\n                                    <h2 class=\"display-text max-w-screen-lg text-white\">\n                        Kontakt os                    <\/h2>\n                \n                                    <div class=\"w-11\/12 max-w-md\">\n                        Lad os st\u00e5 for rammerne for jeres d\u00e5bs- eller navngivningsfest \u2013 og gl\u00e6d jer til en uformel og hyggelig dag.                    <\/div>\n                \n                                    <div x-data={} class=\"flex gap-x-4 gap-y-2 flex-wrap\">\n\t\t\t\t<a href=\"mailto:kontakt@tangkroen.dk?subject=D%C3%A5bs-%2Fnavngivningsfest&#038;body=Angiv%20venligst%20f%C3%B8lgende%3A%0A%0D%0A-%20Anledning%3A%0A%0D%0A-%20Antal%20g%C3%A6ster%3A%0A%0D%0A-%20Dato%3A%0A%0D%0A-%20Kontaktoplysninger%3A%0A%0D%0A-%20Hvorn%C3%A5r%20kan%20vi%20tr%C3%A6ffe%20jer%3A\" target=\"_self\"  class=\"max-w-fit btn-white \">\n                    Send foresp\u00f8rgsel\n\t\t\t\t<\/a>\n\t\t\t<\/div>                            <\/div>\n\n        <\/div>\n    <\/div>\n\n","protected":false},"excerpt":{"rendered":"","protected":false},"author":2,"featured_media":0,"parent":0,"menu_order":0,"comment_status":"closed","ping_status":"closed","template":"","meta":{"_acf_changed":false,"footnotes":""},"class_list":["post-940","page","type-page","status-publish","hentry"],"acf":[],"_links":{"self":[{"href":"https:\/\/casablanca.dev.gejststudio.com\/tangkroen\/wp-json\/wp\/v2\/pages\/940","targetHints":{"allow":["GET"]}}],"collection":[{"href":"https:\/\/casablanca.dev.gejststudio.com\/tangkroen\/wp-json\/wp\/v2\/pages"}],"about":[{"href":"https:\/\/casablanca.dev.gejststudio.com\/tangkroen\/wp-json\/wp\/v2\/types\/page"}],"author":[{"embeddable":true,"href":"https:\/\/casablanca.dev.gejststudio.com\/tangkroen\/wp-json\/wp\/v2\/users\/2"}],"replies":[{"embeddable":true,"href":"https:\/\/casablanca.dev.gejststudio.com\/tangkroen\/wp-json\/wp\/v2\/comments?post=940"}],"version-history":[{"count":26,"href":"https:\/\/casablanca.dev.gejststudio.com\/tangkroen\/wp-json\/wp\/v2\/pages\/940\/revisions"}],"predecessor-version":[{"id":3812,"href":"https:\/\/casablanca.dev.gejststudio.com\/tangkroen\/wp-json\/wp\/v2\/pages\/940\/revisions\/3812"}],"wp:attachment":[{"href":"https:\/\/casablanca.dev.gejststudio.com\/tangkroen\/wp-json\/wp\/v2\/media?parent=940"}],"curies":[{"name":"wp","href":"https:\/\/api.w.org\/{rel}","templated":true}]}}