{"id":3412,"date":"2025-06-26T14:17:04","date_gmt":"2025-06-26T12:17:04","guid":{"rendered":"https:\/\/casablanca.dev.gejststudio.com\/tangkroen\/?page_id=3412"},"modified":"2026-04-10T10:25:20","modified_gmt":"2026-04-10T08:25:20","slug":"gourmet-pa-kroen","status":"publish","type":"page","link":"https:\/\/casablanca.dev.gejststudio.com\/tangkroen\/gourmet-pa-kroen\/","title":{"rendered":"Gourmet p\u00e5 Kroen"},"content":{"rendered":"\n<div class=\"block-masthead relative max-w-full alignfull has-background w-full alignfull\">\n\r\n<header\r\n    data-hero\r\n    data-hero-type=\"text_and_bg\"\r\n     class='block-hero relative max-w-full alignfull has-background w-full alignfull'>\r\n\r\n    \r\n        \n<div class=\"site-padding-x pt-[var(--header-height)]\">\n    <div class=\"relative flex flex-col justify-end w-full mx-auto max-w-site-width min-h-[70vmin] sm:min-h-[60vmin] rounded overflow-hidden\">\n\n        <!-- Content -->\n        <div\n            data-hero-content\n            class=\"relative z-10 max-w-screen-xl sm:w-10\/12 module-padding-x module-padding-y text-white\"\n        >\n                            <h1 class=\"display-text\">Gourmet p\u00e5 Kroen<\/h1>\n                    <\/div>\n\n        <!-- Media -->\n        \n<div\n    class=\"absolute inset-x-0 top-0 h-full mx-auto\"\n    data-hero-media-outer\n    data-hero-media-should-animate=\"true\"\n>\n    <div\n        class=\"relative w-full h-full overflow-hidden bg-black rounded\"\n        data-hero-media-container\n    >\n\n        \n            <img loading=\"lazy\" decoding=\"async\" width=\"960\" height=\"1280\" src=\"https:\/\/casablanca.dev.gejststudio.com\/tangkroen\/wp-content\/uploads\/sites\/6\/2026\/03\/1773051995516.jpg\" class=\"absolute top-0 left-0 h-full w-full object-cover scale-[1.06] blur-lg\" alt=\"\" style=\"opacity: 0.4;\" data-hero-media=\"true\" srcset=\"https:\/\/casablanca.dev.gejststudio.com\/tangkroen\/wp-content\/uploads\/sites\/6\/2026\/03\/1773051995516.jpg 960w, https:\/\/casablanca.dev.gejststudio.com\/tangkroen\/wp-content\/uploads\/sites\/6\/2026\/03\/1773051995516-768x1024.jpg 768w, https:\/\/casablanca.dev.gejststudio.com\/tangkroen\/wp-content\/uploads\/sites\/6\/2026\/03\/1773051995516-576x768.jpg 576w\" sizes=\"auto, (max-width: 960px) 100vw, 960px\" \/>\n        \n        \n    <\/div>\n<\/div>\n\n    <\/div>\n<\/div>\n\r\n    \r\n<\/header>\r\n\n<\/div>\n\n\n\n<h1 class=\"wp-block-heading alignfull has-text-align-center\">Torsdage for Kr. 295,- pr. person<\/h1>\n\n\n\n\n    <section  class='block-text-and-media alignwide'>\n        <div class=\"block-inner-container grid grid-cols-1 gap-y-5 gap-x-[8vmin] md:grid-cols-2\">\n\n            <!-- Content-->\n            <div class=\"col-span-1 flex flex-col gap-5 md:gap-12 md:w-11\/12 text-center\">\n                \n                                    <div class=\"flex flex-col gap-5 md:gap-6\">\n                                                    <div class=\"wysiwyg-formatting\">\n                                <ul>\n<li style=\"text-align: left;\">Uds\u00f8gte kanap\u00e9er.<\/li>\n<li style=\"text-align: left;\">L\u00e6kker hovedret af Fik Laursen.\n<ul>\n<li style=\"text-align: left;\">Fiskeret i ulige uger<\/li>\n<\/ul>\n<\/li>\n<li style=\"text-align: left;\">Kaffe\/te og sm\u00e5kager samt en tapaskage fra Mor Anna, vores eget bageri.<\/li>\n<li style=\"text-align: left;\">Vores tjenere r\u00e5dgiver gerne ang\u00e5ende drikkevarer.<\/li>\n<\/ul>\n                            <\/div>\n                        \n                                            <\/div>\n                \n                            <\/div>\n\n            <!-- Media -->\n            <div class=\" md:order-last\">\n                    <figure class=\"relative flex items-center h-full w-full overflow-hidden rounded aspect-video\">\n\n        \n            <img loading=\"lazy\" decoding=\"async\" width=\"960\" height=\"1280\" src=\"https:\/\/casablanca.dev.gejststudio.com\/tangkroen\/wp-content\/uploads\/sites\/6\/2026\/03\/1773400346478.jpg\" class=\"w-full h-full object-cover\" alt=\"\" srcset=\"https:\/\/casablanca.dev.gejststudio.com\/tangkroen\/wp-content\/uploads\/sites\/6\/2026\/03\/1773400346478.jpg 960w, https:\/\/casablanca.dev.gejststudio.com\/tangkroen\/wp-content\/uploads\/sites\/6\/2026\/03\/1773400346478-768x1024.jpg 768w, https:\/\/casablanca.dev.gejststudio.com\/tangkroen\/wp-content\/uploads\/sites\/6\/2026\/03\/1773400346478-576x768.jpg 576w\" sizes=\"auto, (max-width: 960px) 100vw, 960px\" \/>\n        \n        \n    <\/figure>\n            <\/div>\n\n        <\/div>\n    <\/section>\n\n\n\n\n<h2 class=\"wp-block-heading has-text-align-center\">April<\/h2>\n\n\n\n<h3 class=\"wp-block-heading alignwide has-text-align-center\">Torsdag d. 16. april<\/h3>\n\n\n\n<p class=\"has-text-align-center\">Udbenet og farseret vagtel<br>serveret p\u00e5 cremet k\u00e5l, syltede perlel\u00f8g og aromatisk tr\u00f8ffelsauce.<\/p>\n\n\n\n<h3 class=\"wp-block-heading alignwide has-text-align-center\">Torsdag d. 23. april<\/h3>\n\n\n\n<p class=\"has-text-align-center\">Stegt havtaske<br>med langtidsbagt porre vendt i vinaigrette og beurre blanc sauce med rogn og purl\u00f8g.<\/p>\n\n\n\n<h3 class=\"wp-block-heading alignwide has-text-align-center\">Torsdag d. 30. april<\/h3>\n\n\n\n<p class=\"has-text-align-center\">Pithivier af oksem\u00f8rbrad<br>med h\u00f8nsesouffl\u00e9 med morkler, intens tr\u00f8ffelsauce og cremede kartofler.<\/p>\n\n\n\n    <div  class='block-cta relative alignfull has-background bg-brand-bg text-white alignwide'>\n        <div class=\"block-inner-container\">\n\n            <div class=\"relative flex flex-col items-center justify-center text-center gap-5 lg:gap-8 w-full mx-auto max-w-site-width site-padding-x py-[5vmin]\">\n                                    <h2 class=\"display-text max-w-screen-lg text-white\">\n                        Book bord                     <\/h2>\n                \n                                    <div class=\"w-11\/12 max-w-md\">\n                        Fork\u00e6l jer selv med en aften i kroens hyggelige rammer med n\u00e6rv\u00e6r og en fremragende gastronomisk oplevelse.                    <\/div>\n                \n                                    <div x-data={} class=\"flex gap-x-4 gap-y-2 flex-wrap\">\n\t\t\t\t<a href=\"https:\/\/tangkroen.booketbord.dk\/onlinebooking\" target=\"_blank\" rel=\"nofollow noopener\" class=\"max-w-fit btn-white \">\n                    Book bord\n\t\t\t\t<\/a>\n\t\t\t<\/div>                            <\/div>\n\n        <\/div>\n    <\/div>\n\n\n\n\n    <section  class='block-media-carousel alignwide' data-media-carousel data-auto-scroll=\"false\">\n        <div class=\"block-inner-container\">\n\n            \n            <div class=\"splide\" role=\"group\" data-splide-carousel>\n                <div class=\"!overflow-visible splide__track\">\n                    <div class=\"splide__list\">\n                        \n                            <figure class=\"splide__slide flex flex-col max-h-[60vh] max-w-[75%] sm:max-w-[50%] !mr-3 sm:!mr-5 lg:!mr-8 \">\n                                <div class=\"splide__slide__container overflow-hidden\">\n                                        <figure class=\"relative flex items-center h-full w-full overflow-hidden rounded \">\n\n        \n            <img loading=\"lazy\" decoding=\"async\" width=\"960\" height=\"1280\" src=\"https:\/\/casablanca.dev.gejststudio.com\/tangkroen\/wp-content\/uploads\/sites\/6\/2026\/03\/20260327_162721404_iOS-960x1280.jpg\" class=\"w-full h-full object-cover rounded-lg\" alt=\"\" srcset=\"https:\/\/casablanca.dev.gejststudio.com\/tangkroen\/wp-content\/uploads\/sites\/6\/2026\/03\/20260327_162721404_iOS-960x1280.jpg 960w, https:\/\/casablanca.dev.gejststudio.com\/tangkroen\/wp-content\/uploads\/sites\/6\/2026\/03\/20260327_162721404_iOS-scaled.jpg 1920w, https:\/\/casablanca.dev.gejststudio.com\/tangkroen\/wp-content\/uploads\/sites\/6\/2026\/03\/20260327_162721404_iOS-768x1024.jpg 768w, https:\/\/casablanca.dev.gejststudio.com\/tangkroen\/wp-content\/uploads\/sites\/6\/2026\/03\/20260327_162721404_iOS-1152x1536.jpg 1152w, https:\/\/casablanca.dev.gejststudio.com\/tangkroen\/wp-content\/uploads\/sites\/6\/2026\/03\/20260327_162721404_iOS-1536x2048.jpg 1536w, https:\/\/casablanca.dev.gejststudio.com\/tangkroen\/wp-content\/uploads\/sites\/6\/2026\/03\/20260327_162721404_iOS-576x768.jpg 576w\" sizes=\"auto, (max-width: 960px) 100vw, 960px\" \/>\n        \n        \n    <\/figure>\n                                <\/div>\n\n                                                            <\/figure>\n\n                        \n                            <figure class=\"splide__slide flex flex-col max-h-[60vh] max-w-[75%] sm:max-w-[50%] !mr-3 sm:!mr-5 lg:!mr-8 \">\n                                <div class=\"splide__slide__container overflow-hidden\">\n                                        <figure class=\"relative flex items-center h-full w-full overflow-hidden rounded \">\n\n        \n            <img loading=\"lazy\" decoding=\"async\" width=\"1280\" height=\"960\" src=\"https:\/\/casablanca.dev.gejststudio.com\/tangkroen\/wp-content\/uploads\/sites\/6\/2026\/01\/20250409_084904378_iOS-1280x960.jpg\" class=\"w-full h-full object-cover rounded-lg\" alt=\"\" srcset=\"https:\/\/casablanca.dev.gejststudio.com\/tangkroen\/wp-content\/uploads\/sites\/6\/2026\/01\/20250409_084904378_iOS-1280x960.jpg 1280w, https:\/\/casablanca.dev.gejststudio.com\/tangkroen\/wp-content\/uploads\/sites\/6\/2026\/01\/20250409_084904378_iOS-768x576.jpg 768w, https:\/\/casablanca.dev.gejststudio.com\/tangkroen\/wp-content\/uploads\/sites\/6\/2026\/01\/20250409_084904378_iOS-1536x1152.jpg 1536w, https:\/\/casablanca.dev.gejststudio.com\/tangkroen\/wp-content\/uploads\/sites\/6\/2026\/01\/20250409_084904378_iOS.jpg 2048w\" sizes=\"auto, (max-width: 1280px) 100vw, 1280px\" \/>\n        \n        \n    <\/figure>\n                                <\/div>\n\n                                                            <\/figure>\n\n                        \n                            <figure class=\"splide__slide flex flex-col max-h-[60vh] max-w-[75%] sm:max-w-[50%] !mr-3 sm:!mr-5 lg:!mr-8 \">\n                                <div class=\"splide__slide__container overflow-hidden\">\n                                        <figure class=\"relative flex items-center h-full w-full overflow-hidden rounded \">\n\n        \n            <img loading=\"lazy\" decoding=\"async\" width=\"960\" height=\"1280\" src=\"https:\/\/casablanca.dev.gejststudio.com\/tangkroen\/wp-content\/uploads\/sites\/6\/2026\/01\/20251110_171100550_iOS-960x1280.jpg\" class=\"w-full h-full object-cover rounded-lg\" alt=\"\" srcset=\"https:\/\/casablanca.dev.gejststudio.com\/tangkroen\/wp-content\/uploads\/sites\/6\/2026\/01\/20251110_171100550_iOS-960x1280.jpg 960w, https:\/\/casablanca.dev.gejststudio.com\/tangkroen\/wp-content\/uploads\/sites\/6\/2026\/01\/20251110_171100550_iOS-scaled.jpg 1920w, https:\/\/casablanca.dev.gejststudio.com\/tangkroen\/wp-content\/uploads\/sites\/6\/2026\/01\/20251110_171100550_iOS-768x1024.jpg 768w, https:\/\/casablanca.dev.gejststudio.com\/tangkroen\/wp-content\/uploads\/sites\/6\/2026\/01\/20251110_171100550_iOS-1152x1536.jpg 1152w, https:\/\/casablanca.dev.gejststudio.com\/tangkroen\/wp-content\/uploads\/sites\/6\/2026\/01\/20251110_171100550_iOS-1536x2048.jpg 1536w, https:\/\/casablanca.dev.gejststudio.com\/tangkroen\/wp-content\/uploads\/sites\/6\/2026\/01\/20251110_171100550_iOS-576x768.jpg 576w\" sizes=\"auto, (max-width: 960px) 100vw, 960px\" \/>\n        \n        \n    <\/figure>\n                                <\/div>\n\n                                                            <\/figure>\n\n                        \n                            <figure class=\"splide__slide flex flex-col max-h-[60vh] max-w-[75%] sm:max-w-[50%] !mr-3 sm:!mr-5 lg:!mr-8 \">\n                                <div class=\"splide__slide__container overflow-hidden\">\n                                        <figure class=\"relative flex items-center h-full w-full overflow-hidden rounded \">\n\n        \n            <img loading=\"lazy\" decoding=\"async\" width=\"961\" height=\"1280\" src=\"https:\/\/casablanca.dev.gejststudio.com\/tangkroen\/wp-content\/uploads\/sites\/6\/2026\/01\/processed-6FE99288-2274-4675-8BD3-C40780AA6974-961x1280.jpeg\" class=\"w-full h-full object-cover rounded-lg\" alt=\"\" srcset=\"https:\/\/casablanca.dev.gejststudio.com\/tangkroen\/wp-content\/uploads\/sites\/6\/2026\/01\/processed-6FE99288-2274-4675-8BD3-C40780AA6974-961x1280.jpeg 961w, https:\/\/casablanca.dev.gejststudio.com\/tangkroen\/wp-content\/uploads\/sites\/6\/2026\/01\/processed-6FE99288-2274-4675-8BD3-C40780AA6974-768x1023.jpeg 768w, https:\/\/casablanca.dev.gejststudio.com\/tangkroen\/wp-content\/uploads\/sites\/6\/2026\/01\/processed-6FE99288-2274-4675-8BD3-C40780AA6974-1153x1536.jpeg 1153w, https:\/\/casablanca.dev.gejststudio.com\/tangkroen\/wp-content\/uploads\/sites\/6\/2026\/01\/processed-6FE99288-2274-4675-8BD3-C40780AA6974-1537x2048.jpeg 1537w, https:\/\/casablanca.dev.gejststudio.com\/tangkroen\/wp-content\/uploads\/sites\/6\/2026\/01\/processed-6FE99288-2274-4675-8BD3-C40780AA6974-576x768.jpeg 576w, https:\/\/casablanca.dev.gejststudio.com\/tangkroen\/wp-content\/uploads\/sites\/6\/2026\/01\/processed-6FE99288-2274-4675-8BD3-C40780AA6974.jpeg 1816w\" sizes=\"auto, (max-width: 961px) 100vw, 961px\" \/>\n        \n        \n    <\/figure>\n                                <\/div>\n\n                                                            <\/figure>\n\n                        \n                            <figure class=\"splide__slide flex flex-col max-h-[60vh] max-w-[75%] sm:max-w-[50%] !mr-3 sm:!mr-5 lg:!mr-8 \">\n                                <div class=\"splide__slide__container overflow-hidden\">\n                                        <figure class=\"relative flex items-center h-full w-full overflow-hidden rounded \">\n\n        \n            <img loading=\"lazy\" decoding=\"async\" width=\"1280\" height=\"1266\" src=\"https:\/\/casablanca.dev.gejststudio.com\/tangkroen\/wp-content\/uploads\/sites\/6\/2026\/01\/20251110_171754030_iOS_cropped-1280x1266.jpg\" class=\"w-full h-full object-cover rounded-lg\" alt=\"\" srcset=\"https:\/\/casablanca.dev.gejststudio.com\/tangkroen\/wp-content\/uploads\/sites\/6\/2026\/01\/20251110_171754030_iOS_cropped-1280x1266.jpg 1280w, https:\/\/casablanca.dev.gejststudio.com\/tangkroen\/wp-content\/uploads\/sites\/6\/2026\/01\/20251110_171754030_iOS_cropped-768x760.jpg 768w, https:\/\/casablanca.dev.gejststudio.com\/tangkroen\/wp-content\/uploads\/sites\/6\/2026\/01\/20251110_171754030_iOS_cropped-1536x1519.jpg 1536w, https:\/\/casablanca.dev.gejststudio.com\/tangkroen\/wp-content\/uploads\/sites\/6\/2026\/01\/20251110_171754030_iOS_cropped-2048x2025.jpg 2048w\" sizes=\"auto, (max-width: 1280px) 100vw, 1280px\" \/>\n        \n        \n    <\/figure>\n                                <\/div>\n\n                                                            <\/figure>\n\n                        \n                            <figure class=\"splide__slide flex flex-col max-h-[60vh] max-w-[75%] sm:max-w-[50%] !mr-3 sm:!mr-5 lg:!mr-8 \">\n                                <div class=\"splide__slide__container overflow-hidden\">\n                                        <figure class=\"relative flex items-center h-full w-full overflow-hidden rounded \">\n\n        \n            <img loading=\"lazy\" decoding=\"async\" width=\"960\" height=\"1280\" src=\"https:\/\/casablanca.dev.gejststudio.com\/tangkroen\/wp-content\/uploads\/sites\/6\/2026\/03\/1773052000155.jpg\" class=\"w-full h-full object-cover rounded-lg\" alt=\"\" srcset=\"https:\/\/casablanca.dev.gejststudio.com\/tangkroen\/wp-content\/uploads\/sites\/6\/2026\/03\/1773052000155.jpg 960w, https:\/\/casablanca.dev.gejststudio.com\/tangkroen\/wp-content\/uploads\/sites\/6\/2026\/03\/1773052000155-768x1024.jpg 768w, https:\/\/casablanca.dev.gejststudio.com\/tangkroen\/wp-content\/uploads\/sites\/6\/2026\/03\/1773052000155-576x768.jpg 576w\" sizes=\"auto, (max-width: 960px) 100vw, 960px\" \/>\n        \n        \n    <\/figure>\n                                <\/div>\n\n                                                            <\/figure>\n\n                        \n                            <figure class=\"splide__slide flex flex-col max-h-[60vh] max-w-[75%] sm:max-w-[50%] !mr-3 sm:!mr-5 lg:!mr-8 \">\n                                <div class=\"splide__slide__container overflow-hidden\">\n                                        <figure class=\"relative flex items-center h-full w-full overflow-hidden rounded \">\n\n        \n            <img loading=\"lazy\" decoding=\"async\" width=\"1280\" height=\"822\" src=\"https:\/\/casablanca.dev.gejststudio.com\/tangkroen\/wp-content\/uploads\/sites\/6\/2026\/01\/Tangkroen-fotos-13.-september-51-1280x822.jpg\" class=\"w-full h-full object-cover rounded-lg\" alt=\"\" srcset=\"https:\/\/casablanca.dev.gejststudio.com\/tangkroen\/wp-content\/uploads\/sites\/6\/2026\/01\/Tangkroen-fotos-13.-september-51-1280x822.jpg 1280w, https:\/\/casablanca.dev.gejststudio.com\/tangkroen\/wp-content\/uploads\/sites\/6\/2026\/01\/Tangkroen-fotos-13.-september-51-768x493.jpg 768w, https:\/\/casablanca.dev.gejststudio.com\/tangkroen\/wp-content\/uploads\/sites\/6\/2026\/01\/Tangkroen-fotos-13.-september-51-1536x987.jpg 1536w, https:\/\/casablanca.dev.gejststudio.com\/tangkroen\/wp-content\/uploads\/sites\/6\/2026\/01\/Tangkroen-fotos-13.-september-51-2048x1316.jpg 2048w\" sizes=\"auto, (max-width: 1280px) 100vw, 1280px\" \/>\n        \n        \n    <\/figure>\n                                <\/div>\n\n                                                            <\/figure>\n\n                                            <\/div>\n                <\/div>\n\n                                    <div class=\"flex items-center justify-end mt-4\">\n                        <!-- Arrows -->\n                        <div class=\"flex items-center justify-center gap-2 splide__arrows\">\n                            <div role=\"button\" tabindex=\"0\" class=\"group flex items-center justify-center size-10 border border-current rounded-full cursor-pointer splide__arrow splide__arrow--prev\">\n                                <svg class=\"w-3 duration-200 ease-in-out group-hover:-translate-x-0.5\" xmlns=\"http:\/\/www.w3.org\/2000\/svg\" viewBox=\"0 0 13 13\">\n                                    <path d=\"M12.2 6.6H1m5.6 5.6L1 6.6 6.6 1\" stroke=\"currentColor\" fill=\"none\" fill-rule=\"evenodd\" stroke-linecap=\"round\" stroke-linejoin=\"round\"\/>\n                                <\/svg>\n                            <\/div>\n\n                            <div role=\"button\" tabindex=\"0\" class=\"group flex items-center justify-center size-10 border border-current rounded-full cursor-pointer splide__arrow splide__arrow--next\">\n                                <svg class=\"w-3 duration-200 ease-in-out group-hover:translate-x-0.5\" xmlns=\"http:\/\/www.w3.org\/2000\/svg\" viewBox=\"0 0 13 13\">\n                                    <path d=\"M1 6.6h11.2M6.6 1l5.6 5.6-5.6 5.6\" stroke=\"currentColor\" fill=\"none\" fill-rule=\"evenodd\" stroke-linecap=\"round\" stroke-linejoin=\"round\"\/>\n                                <\/svg>\n                            <\/div>\n                        <\/div>\n                    <\/div>\n                            <\/div>\n\n        <\/div>\n    <\/section>\n\n","protected":false},"excerpt":{"rendered":"<p>Torsdage for Kr. 295,- pr. person April Torsdag d. 16. april Udbenet og farseret vagtelserveret p\u00e5 cremet k\u00e5l, syltede perlel\u00f8g og aromatisk tr\u00f8ffelsauce. Torsdag d. 23. april Stegt&hellip;<\/p>\n","protected":false},"author":2,"featured_media":0,"parent":0,"menu_order":0,"comment_status":"closed","ping_status":"closed","template":"","meta":{"_acf_changed":false,"footnotes":""},"class_list":["post-3412","page","type-page","status-publish","hentry"],"acf":[],"_links":{"self":[{"href":"https:\/\/casablanca.dev.gejststudio.com\/tangkroen\/wp-json\/wp\/v2\/pages\/3412","targetHints":{"allow":["GET"]}}],"collection":[{"href":"https:\/\/casablanca.dev.gejststudio.com\/tangkroen\/wp-json\/wp\/v2\/pages"}],"about":[{"href":"https:\/\/casablanca.dev.gejststudio.com\/tangkroen\/wp-json\/wp\/v2\/types\/page"}],"author":[{"embeddable":true,"href":"https:\/\/casablanca.dev.gejststudio.com\/tangkroen\/wp-json\/wp\/v2\/users\/2"}],"replies":[{"embeddable":true,"href":"https:\/\/casablanca.dev.gejststudio.com\/tangkroen\/wp-json\/wp\/v2\/comments?post=3412"}],"version-history":[{"count":9,"href":"https:\/\/casablanca.dev.gejststudio.com\/tangkroen\/wp-json\/wp\/v2\/pages\/3412\/revisions"}],"predecessor-version":[{"id":3551,"href":"https:\/\/casablanca.dev.gejststudio.com\/tangkroen\/wp-json\/wp\/v2\/pages\/3412\/revisions\/3551"}],"wp:attachment":[{"href":"https:\/\/casablanca.dev.gejststudio.com\/tangkroen\/wp-json\/wp\/v2\/media?parent=3412"}],"curies":[{"name":"wp","href":"https:\/\/api.w.org\/{rel}","templated":true}]}}