{"id":1609,"date":"2025-06-26T11:08:55","date_gmt":"2025-06-26T09:08:55","guid":{"rendered":"https:\/\/casablanca.dev.gejststudio.com\/tangkroen\/?page_id=1609"},"modified":"2026-02-24T09:31:26","modified_gmt":"2026-02-24T08:31:26","slug":"praktisk","status":"publish","type":"page","link":"https:\/\/casablanca.dev.gejststudio.com\/tangkroen\/praktisk\/","title":{"rendered":"Praktisk"},"content":{"rendered":"\n<div class=\"block-masthead relative max-w-full alignfull has-background w-full alignfull\">\n\r\n<header\r\n    data-hero\r\n    data-hero-type=\"text_and_bg\"\r\n     class='block-hero relative max-w-full alignfull has-background w-full alignfull'>\r\n\r\n    \r\n        \n<div class=\"site-padding-x pt-[var(--header-height)]\">\n    <div class=\"relative flex flex-col justify-end w-full mx-auto max-w-site-width min-h-[70vmin] sm:min-h-[60vmin] rounded overflow-hidden\">\n\n        <!-- Content -->\n        <div\n            data-hero-content\n            class=\"relative z-10 max-w-screen-xl sm:w-10\/12 module-padding-x module-padding-y text-white\"\n        >\n                            <h1 class=\"display-text\">Praktisk<\/h1>\n                    <\/div>\n\n        <!-- Media -->\n        \n<div\n    class=\"absolute inset-x-0 top-0 h-full mx-auto\"\n    data-hero-media-outer\n    data-hero-media-should-animate=\"true\"\n>\n    <div\n        class=\"relative w-full h-full overflow-hidden bg-black rounded\"\n        data-hero-media-container\n    >\n\n        \n            <img loading=\"lazy\" decoding=\"async\" width=\"2000\" height=\"1500\" src=\"https:\/\/casablanca.dev.gejststudio.com\/tangkroen\/wp-content\/uploads\/sites\/6\/2026\/01\/Tangkroen-udefra.jpg\" class=\"absolute top-0 left-0 h-full w-full object-cover scale-[1.06] blur-lg\" alt=\"\" style=\"opacity: 0.4;\" data-hero-media=\"true\" srcset=\"https:\/\/casablanca.dev.gejststudio.com\/tangkroen\/wp-content\/uploads\/sites\/6\/2026\/01\/Tangkroen-udefra.jpg 2000w, https:\/\/casablanca.dev.gejststudio.com\/tangkroen\/wp-content\/uploads\/sites\/6\/2026\/01\/Tangkroen-udefra-1280x960.jpg 1280w, https:\/\/casablanca.dev.gejststudio.com\/tangkroen\/wp-content\/uploads\/sites\/6\/2026\/01\/Tangkroen-udefra-768x576.jpg 768w, https:\/\/casablanca.dev.gejststudio.com\/tangkroen\/wp-content\/uploads\/sites\/6\/2026\/01\/Tangkroen-udefra-1536x1152.jpg 1536w\" sizes=\"auto, (max-width: 2000px) 100vw, 2000px\" \/>\n        \n        \n    <\/div>\n<\/div>\n\n    <\/div>\n<\/div>\n\r\n    \r\n<\/header>\r\n\n<\/div>\n\n\n\n    <section  class='block-lead-paragraph alignwide'>\n\n        <div class=\"text-xl leading-tight sm:text-3xl lg:text-4xl\">\n            Her finder du svar p\u00e5 de mest almindelige sp\u00f8rgsm\u00e5l forud for dit bes\u00f8g.<br \/>\r\nFinder du ikke det, du s\u00f8ger, er du velkommen til at kontakte os.        <\/div>\n\n    <\/section>\n\n\n\n\n<h2 class=\"wp-block-heading\">Bordreservation i restauranten<\/h2>\n\n\n\n<section  class='block-accordion aligncenter'>\n\n    <div data-accordion class=\"accordion \">\n\n        <div class=\"accordion-summary\" data-accordion-summary>\n\n            <div class=\"accordion-summary__heading\">\n                Husk b\u00f8rn ved booking            <\/div>\n\n            <div class=\"accordion-summary__toggle\">\n                <span><\/span>\n                <span><\/span>\n            <\/div>\n\n        <\/div>\n\n        <div class=\"accordion-content\">\n\n<p>Ved bordreservation skal I ogs\u00e5 reservere plads til b\u00f8rn \u2013 b\u00e5de med og uden behov for h\u00f8jstol. <br>Vi har pusleplads til r\u00e5dighed.<\/p>\n\n<\/div>\n\n    <\/div>\n\n<\/section>\n\n\n\n<section  class='block-accordion aligncenter'>\n\n    <div data-accordion class=\"accordion \">\n\n        <div class=\"accordion-summary\" data-accordion-summary>\n\n            <div class=\"accordion-summary__heading\">\n                Bord med udsigt            <\/div>\n\n            <div class=\"accordion-summary__toggle\">\n                <span><\/span>\n                <span><\/span>\n            <\/div>\n\n        <\/div>\n\n        <div class=\"accordion-content\">\n\n<p>Vi kan desv\u00e6rre ikke love bord ved vinduet p\u00e5 forh\u00e5nd, men noter gerne jeres \u00f8nske ved booking, s\u00e5 g\u00f8r vi vores bedste.<\/p>\n\n<\/div>\n\n    <\/div>\n\n<\/section>\n\n\n\n<section  class='block-accordion aligncenter'>\n\n    <div data-accordion class=\"accordion \">\n\n        <div class=\"accordion-summary\" data-accordion-summary>\n\n            <div class=\"accordion-summary__heading\">\n                Terrassepladser            <\/div>\n\n            <div class=\"accordion-summary__toggle\">\n                <span><\/span>\n                <span><\/span>\n            <\/div>\n\n        <\/div>\n\n        <div class=\"accordion-content\">\n\n<p>N\u00e5r vejret tillader det, er der mulighed for at sidde ude p\u00e5 terrassen og nyde udsigten. I v\u00e6lger selv ved ankomsten, om I \u00f8nsker at sidde inde eller ude.<\/p>\n\n<\/div>\n\n    <\/div>\n\n<\/section>\n\n\n\n<section  class='block-accordion aligncenter'>\n\n    <div data-accordion class=\"accordion \">\n\n        <div class=\"accordion-summary\" data-accordion-summary>\n\n            <div class=\"accordion-summary__heading\">\n                Parkering            <\/div>\n\n            <div class=\"accordion-summary__toggle\">\n                <span><\/span>\n                <span><\/span>\n            <\/div>\n\n        <\/div>\n\n        <div class=\"accordion-content\">\n\n<p>Der er mange offentlige parkeringspladser i omr\u00e5det med gratis parkering i op til 2 timer, ogs\u00e5 lige ved siden af p\u00e5 Dalgas Avenue og Skovbrynet. Desuden er der en stor parkeringsplads med cirka 300 gratis p-pladser p\u00e5 Tangkrogen Parkeringsplads (ned til vandet).<\/p>\n\n<\/div>\n\n    <\/div>\n\n<\/section>\n\n\n\n<section  class='block-accordion aligncenter'>\n\n    <div data-accordion class=\"accordion \">\n\n        <div class=\"accordion-summary\" data-accordion-summary>\n\n            <div class=\"accordion-summary__heading\">\n                Tilg\u00e6ngelighed            <\/div>\n\n            <div class=\"accordion-summary__toggle\">\n                <span><\/span>\n                <span><\/span>\n            <\/div>\n\n        <\/div>\n\n        <div class=\"accordion-content\">\n\n<p>Vi har elevator til 1. sal og <strong>handicapvenlige faciliteter<\/strong> i alle lokaler. Toiletter findes b\u00e5de i stueplan og p\u00e5 1. sal, inkl. handicaptoilet i stueplan.<\/p>\n\n<\/div>\n\n    <\/div>\n\n<\/section>\n\n\n\n<section  class='block-accordion aligncenter'>\n\n    <div data-accordion class=\"accordion \">\n\n        <div class=\"accordion-summary\" data-accordion-summary>\n\n            <div class=\"accordion-summary__heading\">\n                Allergier og s\u00e6rlige hensyn            <\/div>\n\n            <div class=\"accordion-summary__toggle\">\n                <span><\/span>\n                <span><\/span>\n            <\/div>\n\n        <\/div>\n\n        <div class=\"accordion-content\">\n\n<p>Vi tager selvf\u00f8lgelig h\u00f8jde for allergier, vegetariske og andre s\u00e6rlige kostbehov.<br>Not\u00e9r venligst specifikke oplysninger i kommentarfeltet.<\/p>\n\n<\/div>\n\n    <\/div>\n\n<\/section>\n\n\n\n<section  class='block-accordion aligncenter'>\n\n    <div data-accordion class=\"accordion \">\n\n        <div class=\"accordion-summary\" data-accordion-summary>\n\n            <div class=\"accordion-summary__heading\">\n                \u00c6ndringer i booking            <\/div>\n\n            <div class=\"accordion-summary__toggle\">\n                <span><\/span>\n                <span><\/span>\n            <\/div>\n\n        <\/div>\n\n        <div class=\"accordion-content\">\n\n<p>Vil du \u00e6ndre eller aflyse din reservation, kan det g\u00f8res online via det bookingnummer, du har modtaget i bekr\u00e6ftelsen.<br>Ved \u00e6ndring i antal g\u00e6ster: Send os en e-mail p\u00e5 <a href=\"mailto:kontakt@tangkroen.dk\">kontakt@tangkroen.dk<\/a>.<\/p>\n\n\n\n<p><strong>Forsinket ankomst?<\/strong><br>Giv os blot besked, hvis I er mere end 15 minutter forsinket \u2013 vi holder bordet og gl\u00e6der os til at se jer.<\/p>\n\n<\/div>\n\n    <\/div>\n\n<\/section>\n\n\n\n<h2 class=\"wp-block-heading\">Selskaber og arrangementer<\/h2>\n\n\n\n<section  class='block-accordion aligncenter'>\n\n    <div data-accordion class=\"accordion \">\n\n        <div class=\"accordion-summary\" data-accordion-summary>\n\n            <div class=\"accordion-summary__heading\">\n                Adgang og faciliteter            <\/div>\n\n            <div class=\"accordion-summary__toggle\">\n                <span><\/span>\n                <span><\/span>\n            <\/div>\n\n        <\/div>\n\n        <div class=\"accordion-content\">\n\n<p>Som v\u00e6rt har du adgang til lokalet op til <strong>30 min. f\u00f8r<\/strong>. Dette g\u00e6lder ikke dine g\u00e6ster.<\/p>\n\n\n\n<p>Afslutning <strong>senest 15 min. efter<\/strong> det aftalte sluttidspunkt.<\/p>\n\n\n\n<p>\u00d8nske om forl\u00e6nget leje kan (hvis muligt) aftales med ansvarlig tjener senest en time f\u00f8r arrangementets oprindelige afslutning.<\/p>\n\n<\/div>\n\n    <\/div>\n\n<\/section>\n\n\n\n<section  class='block-accordion aligncenter'>\n\n    <div data-accordion class=\"accordion \">\n\n        <div class=\"accordion-summary\" data-accordion-summary>\n\n            <div class=\"accordion-summary__heading\">\n                B\u00f8rn            <\/div>\n\n            <div class=\"accordion-summary__toggle\">\n                <span><\/span>\n                <span><\/span>\n            <\/div>\n\n        <\/div>\n\n        <div class=\"accordion-content\">\n\n<p>Vi har h\u00f8jstole og almindelige stole til b\u00f8rn samt pusleplads.<\/p>\n\n<\/div>\n\n    <\/div>\n\n<\/section>\n\n\n\n<section  class='block-accordion aligncenter'>\n\n    <div data-accordion class=\"accordion \">\n\n        <div class=\"accordion-summary\" data-accordion-summary>\n\n            <div class=\"accordion-summary__heading\">\n                Parkering            <\/div>\n\n            <div class=\"accordion-summary__toggle\">\n                <span><\/span>\n                <span><\/span>\n            <\/div>\n\n        <\/div>\n\n        <div class=\"accordion-content\">\n\n<p>Der er mange offentlige parkeringspladser i omr\u00e5det med gratis parkering i op til 2 timer, ogs\u00e5 lige ved siden af p\u00e5 Dalgas Avenue og Skovbrynet. Desuden er der en stor parkeringsplads med cirka 300 gratis p-pladser p\u00e5 Tangkrogen Parkeringsplads (ned til vandet).<\/p>\n\n<\/div>\n\n    <\/div>\n\n<\/section>\n\n\n\n<section  class='block-accordion aligncenter'>\n\n    <div data-accordion class=\"accordion \">\n\n        <div class=\"accordion-summary\" data-accordion-summary>\n\n            <div class=\"accordion-summary__heading\">\n                Tilg\u00e6ngelighed            <\/div>\n\n            <div class=\"accordion-summary__toggle\">\n                <span><\/span>\n                <span><\/span>\n            <\/div>\n\n        <\/div>\n\n        <div class=\"accordion-content\">\n\n<p>Vi har elevator til 1. sal og <strong>handicapvenlige faciliteter<\/strong> i alle lokaler. Toiletter findes b\u00e5de i stueplan og p\u00e5 1. sal, inkl. handicaptoilet i stueplan.<\/p>\n\n<\/div>\n\n    <\/div>\n\n<\/section>\n\n\n\n<section  class='block-accordion aligncenter'>\n\n    <div data-accordion class=\"accordion \">\n\n        <div class=\"accordion-summary\" data-accordion-summary>\n\n            <div class=\"accordion-summary__heading\">\n                Allergier og s\u00e6rlige hensyn            <\/div>\n\n            <div class=\"accordion-summary__toggle\">\n                <span><\/span>\n                <span><\/span>\n            <\/div>\n\n        <\/div>\n\n        <div class=\"accordion-content\">\n\n<p>Vi tager selvf\u00f8lgelig h\u00f8jde for allergier, vegetariske og andre s\u00e6rlige kostbehov.<br>Send en e-mail med detaljer senest 3 dage f\u00f8r arrangementet.<\/p>\n\n<\/div>\n\n    <\/div>\n\n<\/section>\n\n\n\n<section  class='block-accordion aligncenter'>\n\n    <div data-accordion class=\"accordion \">\n\n        <div class=\"accordion-summary\" data-accordion-summary>\n\n            <div class=\"accordion-summary__heading\">\n                Blomster og gavebord            <\/div>\n\n            <div class=\"accordion-summary__toggle\">\n                <span><\/span>\n                <span><\/span>\n            <\/div>\n\n        <\/div>\n\n        <div class=\"accordion-content\">\n\n<p>\u00d8nsker I gavebord, bedes I give besked via e-mail.<br>Gaver kan ikke opbevares til dagen efter, medmindre &#8220;Kronch dagen derp\u00e5&#8221; er inkluderet.<br>S\u00e6rlige blomsterdekorationer skal medbringes af jer \u2013 kontakt os senest 1 uge f\u00f8r, s\u00e5 aftaler vi tidspunkt for aflevering.<\/p>\n\n<\/div>\n\n    <\/div>\n\n<\/section>\n\n\n\n<section  class='block-accordion aligncenter'>\n\n    <div data-accordion class=\"accordion \">\n\n        <div class=\"accordion-summary\" data-accordion-summary>\n\n            <div class=\"accordion-summary__heading\">\n                Klaver            <\/div>\n\n            <div class=\"accordion-summary__toggle\">\n                <span><\/span>\n                <span><\/span>\n            <\/div>\n\n        <\/div>\n\n        <div class=\"accordion-content\">\n\n<p>Vi har et klaver til r\u00e5dighed \u2013 husk blot at give os besked, hvis I \u00f8nsker at benytte det.<\/p>\n\n<\/div>\n\n    <\/div>\n\n<\/section>\n\n\n\n<section  class='block-accordion aligncenter'>\n\n    <div data-accordion class=\"accordion \">\n\n        <div class=\"accordion-summary\" data-accordion-summary>\n\n            <div class=\"accordion-summary__heading\">\n                Glemte sager            <\/div>\n\n            <div class=\"accordion-summary__toggle\">\n                <span><\/span>\n                <span><\/span>\n            <\/div>\n\n        <\/div>\n\n        <div class=\"accordion-content\">\n\n<p>Vi har et omr\u00e5de med glemte ejendele. Kontakt os p\u00e5 <a href=\"mailto:kontakt@tangkroen.dk\">kontakt@tangkroen.dk<\/a> for at aftale, hvorn\u00e5r du kan hente dine glemte ejendele.<\/p>\n\n\n\n<p>.<\/p>\n\n<\/div>\n\n    <\/div>\n\n<\/section>\n\n\n\n<h2 class=\"wp-block-heading alignwide has-text-align-center\">Vi gl\u00e6der os til at tage imod jer<\/h2>\n","protected":false},"excerpt":{"rendered":"<p>Bordreservation i restauranten Selskaber og arrangementer Vi gl\u00e6der os til at tage imod jer<\/p>\n","protected":false},"author":2,"featured_media":0,"parent":0,"menu_order":0,"comment_status":"closed","ping_status":"closed","template":"","meta":{"_acf_changed":false,"footnotes":""},"class_list":["post-1609","page","type-page","status-publish","hentry"],"acf":[],"_links":{"self":[{"href":"https:\/\/casablanca.dev.gejststudio.com\/tangkroen\/wp-json\/wp\/v2\/pages\/1609","targetHints":{"allow":["GET"]}}],"collection":[{"href":"https:\/\/casablanca.dev.gejststudio.com\/tangkroen\/wp-json\/wp\/v2\/pages"}],"about":[{"href":"https:\/\/casablanca.dev.gejststudio.com\/tangkroen\/wp-json\/wp\/v2\/types\/page"}],"author":[{"embeddable":true,"href":"https:\/\/casablanca.dev.gejststudio.com\/tangkroen\/wp-json\/wp\/v2\/users\/2"}],"replies":[{"embeddable":true,"href":"https:\/\/casablanca.dev.gejststudio.com\/tangkroen\/wp-json\/wp\/v2\/comments?post=1609"}],"version-history":[{"count":26,"href":"https:\/\/casablanca.dev.gejststudio.com\/tangkroen\/wp-json\/wp\/v2\/pages\/1609\/revisions"}],"predecessor-version":[{"id":3367,"href":"https:\/\/casablanca.dev.gejststudio.com\/tangkroen\/wp-json\/wp\/v2\/pages\/1609\/revisions\/3367"}],"wp:attachment":[{"href":"https:\/\/casablanca.dev.gejststudio.com\/tangkroen\/wp-json\/wp\/v2\/media?parent=1609"}],"curies":[{"name":"wp","href":"https:\/\/api.w.org\/{rel}","templated":true}]}}