{"id":1239,"date":"2025-06-19T07:29:42","date_gmt":"2025-06-19T05:29:42","guid":{"rendered":"https:\/\/casablanca.dev.gejststudio.com\/tangkroen\/?page_id=1239"},"modified":"2026-04-17T12:58:31","modified_gmt":"2026-04-17T10:58:31","slug":"firmaarrangement","status":"publish","type":"page","link":"https:\/\/casablanca.dev.gejststudio.com\/tangkroen\/firmaarrangement\/","title":{"rendered":"Firmaarrangement"},"content":{"rendered":"\n<div class=\"block-masthead relative max-w-full alignfull has-background w-full alignfull\">\n\r\n<header\r\n    data-hero\r\n    data-hero-type=\"text_and_bg\"\r\n     class='block-hero relative max-w-full alignfull has-background w-full alignfull'>\r\n\r\n    \r\n        \n<div class=\"site-padding-x pt-[var(--header-height)]\">\n    <div class=\"relative flex flex-col justify-end w-full mx-auto max-w-site-width min-h-[70vmin] sm:min-h-[60vmin] rounded overflow-hidden\">\n\n        <!-- Content -->\n        <div\n            data-hero-content\n            class=\"relative z-10 max-w-screen-xl sm:w-10\/12 module-padding-x module-padding-y text-white\"\n        >\n                            <h1 class=\"display-text\">Firma&shy;arrangement<\/h1>\n                    <\/div>\n\n        <!-- Media -->\n        \n<div\n    class=\"absolute inset-x-0 top-0 h-full mx-auto\"\n    data-hero-media-outer\n    data-hero-media-should-animate=\"true\"\n>\n    <div\n        class=\"relative w-full h-full overflow-hidden bg-black rounded\"\n        data-hero-media-container\n    >\n\n        \n            <img loading=\"lazy\" decoding=\"async\" width=\"1536\" height=\"2048\" src=\"https:\/\/casablanca.dev.gejststudio.com\/tangkroen\/wp-content\/uploads\/sites\/6\/2026\/01\/344574803_544492554542333_2555513729695185314_n.jpeg\" class=\"absolute top-0 left-0 h-full w-full object-cover scale-[1.06] blur-lg\" alt=\"\" style=\"opacity: 0.4;\" data-hero-media=\"true\" srcset=\"https:\/\/casablanca.dev.gejststudio.com\/tangkroen\/wp-content\/uploads\/sites\/6\/2026\/01\/344574803_544492554542333_2555513729695185314_n.jpeg 1536w, https:\/\/casablanca.dev.gejststudio.com\/tangkroen\/wp-content\/uploads\/sites\/6\/2026\/01\/344574803_544492554542333_2555513729695185314_n-960x1280.jpeg 960w, https:\/\/casablanca.dev.gejststudio.com\/tangkroen\/wp-content\/uploads\/sites\/6\/2026\/01\/344574803_544492554542333_2555513729695185314_n-768x1024.jpeg 768w, https:\/\/casablanca.dev.gejststudio.com\/tangkroen\/wp-content\/uploads\/sites\/6\/2026\/01\/344574803_544492554542333_2555513729695185314_n-1152x1536.jpeg 1152w, https:\/\/casablanca.dev.gejststudio.com\/tangkroen\/wp-content\/uploads\/sites\/6\/2026\/01\/344574803_544492554542333_2555513729695185314_n-576x768.jpeg 576w\" sizes=\"auto, (max-width: 1536px) 100vw, 1536px\" \/>\n        \n        \n    <\/div>\n<\/div>\n\n    <\/div>\n<\/div>\n\r\n    \r\n<\/header>\r\n\n<\/div>\n\n\n\n    <section  class='block-lead-paragraph alignwide'>\n\n        <div class=\"text-xl leading-tight sm:text-3xl lg:text-4xl\">\n            Hold jeres n\u00e6ste firmaarrangement helt t\u00e6t p\u00e5 b\u00e5de byen og naturen.        <\/div>\n\n    <\/section>\n\n\n\n\n\n    <section  class='block-text-and-media alignwide'>\n        <div class=\"block-inner-container grid grid-cols-1 gap-y-5 gap-x-[8vmin] md:grid-cols-2\">\n\n            <!-- Content-->\n            <div class=\"col-span-1 flex flex-col gap-5 md:gap-12 md:w-11\/12 text-left\">\n                                    <h2 class=\"display-text-md text-brand\">\n                        Det perfekte arrangement                    <\/h2>\n                \n                                    <div class=\"flex flex-col gap-5 md:gap-6\">\n                                                    <div class=\"wysiwyg-formatting\">\n                                <p>Helt t\u00e6t p\u00e5 midtbyen, med parkering lige ved d\u00f8ren, finder I vores charmerende kro. Vores professionelle og engagerede team st\u00e5r klar til at skabe en dag, der im\u00f8dekommer jeres \u00f8nsker \u2013 uanset om I dr\u00f8mmer om:<\/p>\n<ul>\n<li>et stilfuldt jubil\u00e6um<\/li>\n<li>en stemningsfuld julefrokost<\/li>\n<li>en reception<\/li>\n<li>en festlig personaledag<\/li>\n<li>en workshop<\/li>\n<li>en inspirerende temadag<\/li>\n<\/ul>\n<p>Vi er fleksible og nysgerrige, og vi hj\u00e6lper jer gerne med at forme rammerne \u2013 b\u00e5de hvis I \u00f8nsker klassiske formater eller dr\u00f8mmer om noget nyt.<\/p>\n                            <\/div>\n                        \n                                            <\/div>\n                \n                            <\/div>\n\n            <!-- Media -->\n            <div class=\" md:order-first\">\n                    <figure class=\"relative flex items-center h-full w-full overflow-hidden rounded aspect-video\">\n\n        \n            <img loading=\"lazy\" decoding=\"async\" width=\"1280\" height=\"853\" src=\"https:\/\/casablanca.dev.gejststudio.com\/tangkroen\/wp-content\/uploads\/sites\/6\/2026\/01\/Tangkroen-moedelokale-Krostuen-aftenmoede-38-1-1280x853.jpg\" class=\"w-full h-full object-cover\" alt=\"\" srcset=\"https:\/\/casablanca.dev.gejststudio.com\/tangkroen\/wp-content\/uploads\/sites\/6\/2026\/01\/Tangkroen-moedelokale-Krostuen-aftenmoede-38-1-1280x853.jpg 1280w, https:\/\/casablanca.dev.gejststudio.com\/tangkroen\/wp-content\/uploads\/sites\/6\/2026\/01\/Tangkroen-moedelokale-Krostuen-aftenmoede-38-1-768x512.jpg 768w, https:\/\/casablanca.dev.gejststudio.com\/tangkroen\/wp-content\/uploads\/sites\/6\/2026\/01\/Tangkroen-moedelokale-Krostuen-aftenmoede-38-1-1536x1024.jpg 1536w, https:\/\/casablanca.dev.gejststudio.com\/tangkroen\/wp-content\/uploads\/sites\/6\/2026\/01\/Tangkroen-moedelokale-Krostuen-aftenmoede-38-1-2048x1365.jpg 2048w\" sizes=\"auto, (max-width: 1280px) 100vw, 1280px\" \/>\n        \n        \n    <\/figure>\n            <\/div>\n\n        <\/div>\n    <\/section>\n\n\n\n\n\n    <section  class='block-text-and-media  has-background bg-brand-bg text-white alignwide'>\n        <div class=\"block-inner-container grid grid-cols-1 gap-y-5 gap-x-[8vmin] md:grid-cols-2\">\n\n            <!-- Content-->\n            <div class=\"col-span-1 flex flex-col gap-5 md:gap-12 md:w-11\/12 text-left\">\n                                    <h2 class=\"display-text-md text-white\">\n                        Skr\u00e6ddersyet til jer                    <\/h2>\n                \n                                    <div class=\"flex flex-col gap-5 md:gap-6\">\n                                                    <div class=\"wysiwyg-formatting\">\n                                <p>Vores lokaler sp\u00e6nder fra den hyggelige Krostue med direkte adgang til en stor, smuk terrassen, til f\u00f8rstesalens lyse rum med udsigt. Vi kan ogs\u00e5 tilbyde moderne AV-udstyr som projektor, sk\u00e6rm og lydanl\u00e6g.<\/p>\n<p>Vi tager os tid til at forst\u00e5 jeres behov og kommer gerne med kreative id\u00e9er, s\u00e5 dagen kommer til at spille.<\/p>\n                            <\/div>\n                        \n                                            <\/div>\n                \n                            <\/div>\n\n            <!-- Media -->\n            <div class=\" md:order-last\">\n                    <figure class=\"relative flex items-center h-full w-full overflow-hidden rounded aspect-video\">\n\n        \n            <img loading=\"lazy\" decoding=\"async\" width=\"1280\" height=\"853\" src=\"https:\/\/casablanca.dev.gejststudio.com\/tangkroen\/wp-content\/uploads\/sites\/6\/2026\/01\/Tangkroen-moedelokale-Krostuen-aftenmoede-31-1-1280x853.jpg\" class=\"w-full h-full object-cover\" alt=\"\" srcset=\"https:\/\/casablanca.dev.gejststudio.com\/tangkroen\/wp-content\/uploads\/sites\/6\/2026\/01\/Tangkroen-moedelokale-Krostuen-aftenmoede-31-1-1280x853.jpg 1280w, https:\/\/casablanca.dev.gejststudio.com\/tangkroen\/wp-content\/uploads\/sites\/6\/2026\/01\/Tangkroen-moedelokale-Krostuen-aftenmoede-31-1-768x512.jpg 768w, https:\/\/casablanca.dev.gejststudio.com\/tangkroen\/wp-content\/uploads\/sites\/6\/2026\/01\/Tangkroen-moedelokale-Krostuen-aftenmoede-31-1-1536x1024.jpg 1536w, https:\/\/casablanca.dev.gejststudio.com\/tangkroen\/wp-content\/uploads\/sites\/6\/2026\/01\/Tangkroen-moedelokale-Krostuen-aftenmoede-31-1-2048x1365.jpg 2048w\" sizes=\"auto, (max-width: 1280px) 100vw, 1280px\" \/>\n        \n        \n    <\/figure>\n            <\/div>\n\n        <\/div>\n    <\/section>\n\n\n\n\n    <div  class='block-cta relative alignfull has-background alignwide'>\n        <div class=\"block-inner-container\">\n\n            <div class=\"relative flex flex-col items-center justify-center text-center gap-5 lg:gap-8 w-full mx-auto max-w-site-width site-padding-x py-[5vmin]\">\n                                    <h2 class=\"display-text max-w-screen-lg text-brand\">\n                        Kontakt os                    <\/h2>\n                \n                                    <div class=\"w-11\/12 max-w-md\">\n                        Lad os skabe rammerne til jeres n\u00e6ste firmaevent.                    <\/div>\n                \n                                    <div x-data={} class=\"flex gap-x-4 gap-y-2 flex-wrap\">\n\t\t\t\t<a href=\"mailto:kontakt@tangkroen.dk?subject=Firmaarrangement&#038;body=Angiv%20venligst%20f%C3%B8lgende%3A%0A%0D%0A-%20Evt.%20anledning%3A%0A%0D%0A-%20Antal%20deltagere%3A%0A%0D%0A-%20Dato%3A%0A%0D%0A-%20Kontaktoplysninger%3A%0A%0D%0A-%20Hvorn%C3%A5r%20kan%20vi%20tr%C3%A6ffe%20dig%3A\" target=\"_self\"  class=\"max-w-fit btn \">\n                    Send foresp\u00f8rgsel\n\t\t\t\t<\/a>\n\t\t\t<\/div>                            <\/div>\n\n        <\/div>\n    <\/div>\n\n\n\n\n\n    <section  class='block-text-and-media alignwide'>\n        <div class=\"block-inner-container grid grid-cols-1 gap-y-5 gap-x-[8vmin] md:grid-cols-2\">\n\n            <!-- Content-->\n            <div class=\"col-span-1 flex flex-col gap-5 md:gap-12 md:w-11\/12 text-left\">\n                                    <h2 class=\"display-text-md text-brand\">\n                        M\u00f8delokaler i unikke omgivelser                    <\/h2>\n                \n                                    <div class=\"flex flex-col gap-5 md:gap-6\">\n                                                    <div class=\"wysiwyg-formatting\">\n                                <p data-start=\"141\" data-end=\"416\">Leder I efter eksklusive og inspirerende rammer til jeres m\u00f8de eller strategidag?<\/p>\n<p data-start=\"141\" data-end=\"416\">Med Marselisborg Skovene og Aarhusbugten som naboer tilbyder vi en rolig og stemningsfuld atmosf\u00e6re, der giver plads til b\u00e5de store tanker og gode samtaler. Vi tilbyder forskellige m\u00f8depakker, som kan tilpasses jeres behov.<\/p>\n                            <\/div>\n                        \n                                                    \n\t\t\t\t<a href=\"https:\/\/casablanca.dev.gejststudio.com\/tangkroen\/mode-pa-kroen\/\" target=\"_self\"  class=\"max-w-fit btn \">\n                    Se vores m\u00f8depakker her\n\t\t\t\t<\/a>\n\t\t\t                                            <\/div>\n                \n                            <\/div>\n\n            <!-- Media -->\n            <div class=\" md:order-first\">\n                    <figure class=\"relative flex items-center h-full w-full overflow-hidden rounded aspect-video\">\n\n        \n            <img loading=\"lazy\" decoding=\"async\" width=\"1280\" height=\"853\" src=\"https:\/\/casablanca.dev.gejststudio.com\/tangkroen\/wp-content\/uploads\/sites\/6\/2026\/01\/Tangkroen-moedelokale-Krostuen-aftenmoede-41-1-1280x853.jpg\" class=\"w-full h-full object-cover\" alt=\"\" srcset=\"https:\/\/casablanca.dev.gejststudio.com\/tangkroen\/wp-content\/uploads\/sites\/6\/2026\/01\/Tangkroen-moedelokale-Krostuen-aftenmoede-41-1-1280x853.jpg 1280w, https:\/\/casablanca.dev.gejststudio.com\/tangkroen\/wp-content\/uploads\/sites\/6\/2026\/01\/Tangkroen-moedelokale-Krostuen-aftenmoede-41-1-768x512.jpg 768w, https:\/\/casablanca.dev.gejststudio.com\/tangkroen\/wp-content\/uploads\/sites\/6\/2026\/01\/Tangkroen-moedelokale-Krostuen-aftenmoede-41-1-1536x1024.jpg 1536w, https:\/\/casablanca.dev.gejststudio.com\/tangkroen\/wp-content\/uploads\/sites\/6\/2026\/01\/Tangkroen-moedelokale-Krostuen-aftenmoede-41-1-2048x1365.jpg 2048w\" sizes=\"auto, (max-width: 1280px) 100vw, 1280px\" \/>\n        \n        \n    <\/figure>\n            <\/div>\n\n        <\/div>\n    <\/section>\n\n","protected":false},"excerpt":{"rendered":"","protected":false},"author":2,"featured_media":0,"parent":0,"menu_order":0,"comment_status":"closed","ping_status":"closed","template":"","meta":{"_acf_changed":false,"footnotes":""},"class_list":["post-1239","page","type-page","status-publish","hentry"],"acf":[],"_links":{"self":[{"href":"https:\/\/casablanca.dev.gejststudio.com\/tangkroen\/wp-json\/wp\/v2\/pages\/1239","targetHints":{"allow":["GET"]}}],"collection":[{"href":"https:\/\/casablanca.dev.gejststudio.com\/tangkroen\/wp-json\/wp\/v2\/pages"}],"about":[{"href":"https:\/\/casablanca.dev.gejststudio.com\/tangkroen\/wp-json\/wp\/v2\/types\/page"}],"author":[{"embeddable":true,"href":"https:\/\/casablanca.dev.gejststudio.com\/tangkroen\/wp-json\/wp\/v2\/users\/2"}],"replies":[{"embeddable":true,"href":"https:\/\/casablanca.dev.gejststudio.com\/tangkroen\/wp-json\/wp\/v2\/comments?post=1239"}],"version-history":[{"count":24,"href":"https:\/\/casablanca.dev.gejststudio.com\/tangkroen\/wp-json\/wp\/v2\/pages\/1239\/revisions"}],"predecessor-version":[{"id":3805,"href":"https:\/\/casablanca.dev.gejststudio.com\/tangkroen\/wp-json\/wp\/v2\/pages\/1239\/revisions\/3805"}],"wp:attachment":[{"href":"https:\/\/casablanca.dev.gejststudio.com\/tangkroen\/wp-json\/wp\/v2\/media?parent=1239"}],"curies":[{"name":"wp","href":"https:\/\/api.w.org\/{rel}","templated":true}]}}