{"id":1126,"date":"2025-06-19T07:29:42","date_gmt":"2025-06-19T05:29:42","guid":{"rendered":"https:\/\/casablanca.dev.gejststudio.com\/tangkroen\/?page_id=1126"},"modified":"2026-04-17T14:26:18","modified_gmt":"2026-04-17T12:26:18","slug":"frokostselskab","status":"publish","type":"page","link":"https:\/\/casablanca.dev.gejststudio.com\/tangkroen\/frokostselskab\/","title":{"rendered":"Frokostselskab"},"content":{"rendered":"\n<div class=\"block-masthead relative max-w-full alignfull has-background w-full alignfull\">\n\r\n<header\r\n    data-hero\r\n    data-hero-type=\"slider\"\r\n     class='block-hero relative max-w-full alignfull has-background w-full alignfull'>\r\n\r\n    \r\n        \n<div  class=\"site-padding-x pt-[var(--header-height)]\">\n\n    \n<div\n    data-slider\n    data-autoplay-enabled=\"false\"\n    class=\"relative mx-auto max-w-site-width rounded overflow-hidden\"\n>\n    <div\n        data-splide-carousel\n        class=\"splide\"\n        role=\"group\"\n    >\n        <div class=\"splide__track\">\n            <div class=\"splide__list\">\n\n                                    <div class=\"splide__slide flex flex-col justify-end w-full min-h-[70vmin]\">\n\n                        <!-- Content -->\n                        <div class=\"relative z-10 max-w-screen-xl sm:w-10\/12 module-padding-x text-white pt-8 sm:pt-10 lg:pt-12 pb-5 sm:pb-7 lg:pb-9\">\n                                                            <h2 class=\"display-text\">Frokostselskab<\/h2>\n                            \n                                                    <\/div>\n\n                        <!-- Media -->\n                        \n<div\n    class=\"absolute inset-x-0 top-0 h-full mx-auto\"\n    data-hero-media-outer\n    data-hero-media-should-animate=\"false\"\n>\n    <div\n        class=\"relative w-full h-full overflow-hidden bg-black\"\n        data-hero-media-container\n    >\n\n        \n            <img loading=\"lazy\" decoding=\"async\" width=\"1600\" height=\"1067\" src=\"https:\/\/casablanca.dev.gejststudio.com\/tangkroen\/wp-content\/uploads\/sites\/6\/2026\/01\/2024.08.19-KiaerPhotography-LineCasper-bryllup-448.jpg\" class=\"absolute top-0 left-0 h-full w-full object-cover\" alt=\"\" style=\"opacity: 0.4;\" data-hero-media=\"true\" srcset=\"https:\/\/casablanca.dev.gejststudio.com\/tangkroen\/wp-content\/uploads\/sites\/6\/2026\/01\/2024.08.19-KiaerPhotography-LineCasper-bryllup-448.jpg 1600w, https:\/\/casablanca.dev.gejststudio.com\/tangkroen\/wp-content\/uploads\/sites\/6\/2026\/01\/2024.08.19-KiaerPhotography-LineCasper-bryllup-448-1280x854.jpg 1280w, https:\/\/casablanca.dev.gejststudio.com\/tangkroen\/wp-content\/uploads\/sites\/6\/2026\/01\/2024.08.19-KiaerPhotography-LineCasper-bryllup-448-768x512.jpg 768w, https:\/\/casablanca.dev.gejststudio.com\/tangkroen\/wp-content\/uploads\/sites\/6\/2026\/01\/2024.08.19-KiaerPhotography-LineCasper-bryllup-448-1536x1024.jpg 1536w\" sizes=\"auto, (max-width: 1600px) 100vw, 1600px\" \/>\n        \n        \n    <\/div>\n<\/div>\n\n                    <\/div>\n                \n            <\/div>\n        <\/div>\n\n        <!-- Progress bar-->\n        \n        <!-- Arrows -->\n        <div class=\"splide__arrows opacity-0 duration-150 absolute inset-0 pointer-events-none module-padding-x flex items-center justify-between text-white\">\n            <button role=\"button\" tabindex=\"0\" class=\"pointer-events-auto group flex items-center justify-center size-12 border border-white\/20 rounded-full cursor-pointer splide__arrow splide__arrow--prev duration-200 ease-in-out hover:bg-white hover:text-gray-800\">\n                <svg class=\"w-4 duration-200 ease-in-out group-hover:-translate-x-0.5\" xmlns=\"http:\/\/www.w3.org\/2000\/svg\" viewBox=\"0 0 13 13\">\n                    <path d=\"M12.2 6.6H1m5.6 5.6L1 6.6 6.6 1\" stroke=\"currentColor\" fill=\"none\" fill-rule=\"evenodd\" stroke-linecap=\"round\" stroke-linejoin=\"round\"\/>\n                <\/svg>\n            <\/button>\n\n            <button role=\"button\" tabindex=\"0\" class=\"pointer-events-auto group flex items-center justify-center size-12 border border-white\/20 rounded-full cursor-pointer splide__arrow splide__arrow--next duration-200 ease-in-out hover:bg-white hover:text-gray-800\">\n                <svg class=\"w-4 duration-200 ease-in-out group-hover:translate-x-0.5\" xmlns=\"http:\/\/www.w3.org\/2000\/svg\" viewBox=\"0 0 13 13\">\n                    <path d=\"M1 6.6h11.2M6.6 1l5.6 5.6-5.6 5.6\" stroke=\"currentColor\" fill=\"none\" fill-rule=\"evenodd\" stroke-linecap=\"round\" stroke-linejoin=\"round\"\/>\n                <\/svg>\n            <\/button>\n        <\/div>\n\n        <!-- Play\/Pause button -->\n        \n    <\/div>\n<\/div>\n\n<\/div>\n\r\n    \r\n<\/header>\r\n\n<\/div>\n\n\n\n    <section  class='block-lead-paragraph alignwide'>\n\n        <div class=\"text-xl leading-tight sm:text-3xl lg:text-4xl\">\n            T\u00e6t p\u00e5 midtbyen, med Aarhusbugten og Marselisborg Skovene som naboer finder I Tangkroen \u2013 et sted, hvor hjemlig hygge m\u00f8der professionelt v\u00e6rtskab. Her kan I l\u00e6ne jer tilbage og nyde dagen i ro og n\u00e6rv\u00e6r.<br \/>\r\n        <\/div>\n\n    <\/section>\n\n\n\n\n\n    <section  class='block-text-and-media alignwide'>\n        <div class=\"block-inner-container grid grid-cols-1 gap-y-5 gap-x-[8vmin] md:grid-cols-2\">\n\n            <!-- Content-->\n            <div class=\"col-span-1 flex flex-col gap-5 md:gap-12 md:w-11\/12 text-left\">\n                                    <h2 class=\"display-text-md text-brand\">\n                        Vi skaber rammerne for en sk\u00f8n frokost                    <\/h2>\n                \n                                    <div class=\"flex flex-col gap-5 md:gap-6\">\n                                                    <div class=\"wysiwyg-formatting\">\n                                <p>P\u00e5 Tangkroen fjerner vi det formelle og skaber en stemning, hvor I og jeres g\u00e6ster kan hygge og m\u00e6rke n\u00e6rv\u00e6r. Mad og vin er i top \u2013 og rammerne sat for, at alle f\u00f8ler sig hjemme.<\/p>\n<p>Vi tilbyder moderne faciliteter som projektor, sk\u00e6rm og lydanl\u00e6g \u2013 og vigtigst af alt: En stemning, der inviterer til b\u00e5de n\u00e6rv\u00e6r og fest.<\/p>\n                            <\/div>\n                        \n                                                    \n\t\t\t\t<a href=\"https:\/\/casablanca.dev.gejststudio.com\/tangkroen\/galleri-selskabslokaler\/\" target=\"_self\"  class=\"max-w-fit btn \">\n                    Se vores smukke selskabslokaler\n\t\t\t\t<\/a>\n\t\t\t                                            <\/div>\n                \n                            <\/div>\n\n            <!-- Media -->\n            <div class=\" md:order-last\">\n                    <figure class=\"relative flex items-center h-full w-full overflow-hidden rounded aspect-video\">\n\n        \n            <img loading=\"lazy\" decoding=\"async\" width=\"1280\" height=\"797\" src=\"https:\/\/casablanca.dev.gejststudio.com\/tangkroen\/wp-content\/uploads\/sites\/6\/2026\/01\/20250504_103718677_iOS_cropped-1280x797.jpg\" class=\"w-full h-full object-cover\" alt=\"\" srcset=\"https:\/\/casablanca.dev.gejststudio.com\/tangkroen\/wp-content\/uploads\/sites\/6\/2026\/01\/20250504_103718677_iOS_cropped-1280x797.jpg 1280w, https:\/\/casablanca.dev.gejststudio.com\/tangkroen\/wp-content\/uploads\/sites\/6\/2026\/01\/20250504_103718677_iOS_cropped-768x478.jpg 768w, https:\/\/casablanca.dev.gejststudio.com\/tangkroen\/wp-content\/uploads\/sites\/6\/2026\/01\/20250504_103718677_iOS_cropped.jpg 1534w\" sizes=\"auto, (max-width: 1280px) 100vw, 1280px\" \/>\n        \n        \n    <\/figure>\n            <\/div>\n\n        <\/div>\n    <\/section>\n\n\n\n\n    <section  class='block-link-list alignwide'>\n\n        \n        <ol class=\"link-list\" data-list-hover-image-reveal data-animated-list>\n                            <li>\n                    <a\n                        class=\"relative block w-full py-8 duration-300 text-brand ease-in-out outline-none hover:text-brand\"\n                        href=\"#\/p\/1128\"\n                        target=\"_self\"\n                        data-barba-prevent=\"self\" aria-label=\"Tangkroen - Frokostselskab 3,5 time\"                                                tabindex=\"0\"\n                    >\n                        <div class=\"overflow-hidden\">\n                            <div class=\"flex flex-col gap-2\" data-animated-list-text>\n                                <div class=\"flex gap-10 justify-between items-start\">\n                                    <div class=\"display-text-md\">\n                                        3,5 timer                                    <\/div>\n\n                                    <div class=\"hidden md:block py-2 btn mt-2 font-sans shrink-0 text-sm\">\n                                        Se indholdet                                    <\/div>\n                                <\/div>\n\n                                                                    <span class=\"text-sm sm:text-base lg:text-lg\">2-retters frokostmenu og kagetapas.<\/span>\n                                                            <\/div>\n                        <\/div>\n                    <\/a>\n                    <div class=\"w-full h-px bg-beige-300\"><\/div>\n                <\/li>\n                            <li>\n                    <a\n                        class=\"relative block w-full py-8 duration-300 text-brand ease-in-out outline-none hover:text-brand\"\n                        href=\"#\/p\/1139\"\n                        target=\"_self\"\n                        data-barba-prevent=\"self\" aria-label=\"Tangkroen - Frokostselskab 4,5 time\"                                                tabindex=\"0\"\n                    >\n                        <div class=\"overflow-hidden\">\n                            <div class=\"flex flex-col gap-2\" data-animated-list-text>\n                                <div class=\"flex gap-10 justify-between items-start\">\n                                    <div class=\"display-text-md\">\n                                        4,5 timer                                    <\/div>\n\n                                    <div class=\"hidden md:block py-2 btn mt-2 font-sans shrink-0 text-sm\">\n                                        Se indholdet                                    <\/div>\n                                <\/div>\n\n                                                                    <span class=\"text-sm sm:text-base lg:text-lg\">2-retters frokostmenu og kagetapas.<\/span>\n                                                            <\/div>\n                        <\/div>\n                    <\/a>\n                    <div class=\"w-full h-px bg-beige-300\"><\/div>\n                <\/li>\n                            <li>\n                    <a\n                        class=\"relative block w-full py-8 duration-300 text-brand ease-in-out outline-none hover:text-brand\"\n                        href=\"#\/p\/1141\"\n                        target=\"_self\"\n                        data-barba-prevent=\"self\" aria-label=\"Tangkroen - Frokostselskab 5 timer\"                                                tabindex=\"0\"\n                    >\n                        <div class=\"overflow-hidden\">\n                            <div class=\"flex flex-col gap-2\" data-animated-list-text>\n                                <div class=\"flex gap-10 justify-between items-start\">\n                                    <div class=\"display-text-md\">\n                                        5 timer                                    <\/div>\n\n                                    <div class=\"hidden md:block py-2 btn mt-2 font-sans shrink-0 text-sm\">\n                                        Se indholdet                                    <\/div>\n                                <\/div>\n\n                                                                    <span class=\"text-sm sm:text-base lg:text-lg\">Velkomstbobler og snacks, 3-retters frokostmenu samt s\u00f8dt.<\/span>\n                                                            <\/div>\n                        <\/div>\n                    <\/a>\n                    <div class=\"w-full h-px bg-beige-300\"><\/div>\n                <\/li>\n                    <\/ol>\n\n    <\/section>\n\n\n\n\n    <div  class='block-cta relative alignfull has-background bg-brand-bg text-white alignwide'>\n        <div class=\"block-inner-container\">\n\n            <div class=\"relative flex flex-col items-center justify-center text-center gap-5 lg:gap-8 w-full mx-auto max-w-site-width site-padding-x py-[5vmin]\">\n                                    <h2 class=\"display-text max-w-screen-lg text-white\">\n                        Kontakt os                    <\/h2>\n                \n                                    <div class=\"w-11\/12 max-w-md\">\n                        Lad os skabe en hyggelig dag i de smukkeste rammer helt t\u00e6t p\u00e5 byen.                    <\/div>\n                \n                                    <div x-data={} class=\"flex gap-x-4 gap-y-2 flex-wrap\">\n\t\t\t\t<a href=\"mailto:kontakt@tangkroen.dk?subject=Frokostselskab&#038;body=Angiv%20venligst%20f%C3%B8lgende%3A%0A%0D%0A-%20Anledning%3A%0A%0D%0A-%20Antal%20deltagere%3A%0A%0D%0A-%20Dato%3A%0A%0D%0A-%20Kontaktoplysninger%3A%0A%0D%0A-%20Hvorn%C3%A5r%20kan%20vi%20tr%C3%A6ffe%20jer%3A\" target=\"_self\"  class=\"max-w-fit btn-white \">\n                    Send foresp\u00f8rgsel\n\t\t\t\t<\/a>\n\t\t\t<\/div>                            <\/div>\n\n        <\/div>\n    <\/div>\n\n","protected":false},"excerpt":{"rendered":"","protected":false},"author":2,"featured_media":2771,"parent":0,"menu_order":0,"comment_status":"closed","ping_status":"closed","template":"","meta":{"_acf_changed":false,"footnotes":""},"class_list":["post-1126","page","type-page","status-publish","has-post-thumbnail","hentry"],"acf":[],"_links":{"self":[{"href":"https:\/\/casablanca.dev.gejststudio.com\/tangkroen\/wp-json\/wp\/v2\/pages\/1126","targetHints":{"allow":["GET"]}}],"collection":[{"href":"https:\/\/casablanca.dev.gejststudio.com\/tangkroen\/wp-json\/wp\/v2\/pages"}],"about":[{"href":"https:\/\/casablanca.dev.gejststudio.com\/tangkroen\/wp-json\/wp\/v2\/types\/page"}],"author":[{"embeddable":true,"href":"https:\/\/casablanca.dev.gejststudio.com\/tangkroen\/wp-json\/wp\/v2\/users\/2"}],"replies":[{"embeddable":true,"href":"https:\/\/casablanca.dev.gejststudio.com\/tangkroen\/wp-json\/wp\/v2\/comments?post=1126"}],"version-history":[{"count":18,"href":"https:\/\/casablanca.dev.gejststudio.com\/tangkroen\/wp-json\/wp\/v2\/pages\/1126\/revisions"}],"predecessor-version":[{"id":3813,"href":"https:\/\/casablanca.dev.gejststudio.com\/tangkroen\/wp-json\/wp\/v2\/pages\/1126\/revisions\/3813"}],"wp:featuredmedia":[{"embeddable":true,"href":"https:\/\/casablanca.dev.gejststudio.com\/tangkroen\/wp-json\/wp\/v2\/media\/2771"}],"wp:attachment":[{"href":"https:\/\/casablanca.dev.gejststudio.com\/tangkroen\/wp-json\/wp\/v2\/media?parent=1126"}],"curies":[{"name":"wp","href":"https:\/\/api.w.org\/{rel}","templated":true}]}}