{"id":1068,"date":"2025-06-19T07:29:42","date_gmt":"2025-06-19T05:29:42","guid":{"rendered":"https:\/\/casablanca.dev.gejststudio.com\/tangkroen\/?page_id=1068"},"modified":"2026-04-17T11:47:12","modified_gmt":"2026-04-17T09:47:12","slug":"konfirmation","status":"publish","type":"page","link":"https:\/\/casablanca.dev.gejststudio.com\/tangkroen\/konfirmation\/","title":{"rendered":"Konfirmation"},"content":{"rendered":"\n<div class=\"block-masthead relative max-w-full alignfull has-background w-full alignfull\">\n\r\n<header\r\n    data-hero\r\n    data-hero-type=\"text_and_bg\"\r\n     class='block-hero relative max-w-full alignfull has-background w-full alignfull'>\r\n\r\n    \r\n        \n<div class=\"site-padding-x pt-[var(--header-height)]\">\n    <div class=\"relative flex flex-col justify-end w-full mx-auto max-w-site-width min-h-[70vmin] sm:min-h-[60vmin] rounded overflow-hidden\">\n\n        <!-- Content -->\n        <div\n            data-hero-content\n            class=\"relative z-10 max-w-screen-xl sm:w-10\/12 module-padding-x module-padding-y text-white\"\n        >\n                            <h1 class=\"display-text\">Konfirmation<\/h1>\n                    <\/div>\n\n        <!-- Media -->\n        \n<div\n    class=\"absolute inset-x-0 top-0 h-full mx-auto\"\n    data-hero-media-outer\n    data-hero-media-should-animate=\"true\"\n>\n    <div\n        class=\"relative w-full h-full overflow-hidden bg-black rounded\"\n        data-hero-media-container\n    >\n\n        \n            <img loading=\"lazy\" decoding=\"async\" width=\"1535\" height=\"1147\" src=\"https:\/\/casablanca.dev.gejststudio.com\/tangkroen\/wp-content\/uploads\/sites\/6\/2026\/04\/120899096383063047-1-e1776327360693.jpg\" class=\"absolute top-0 left-0 h-full w-full object-cover scale-[1.06] blur-lg\" alt=\"\" style=\"opacity: 0.4;\" data-hero-media=\"true\" srcset=\"https:\/\/casablanca.dev.gejststudio.com\/tangkroen\/wp-content\/uploads\/sites\/6\/2026\/04\/120899096383063047-1-e1776327360693.jpg 1535w, https:\/\/casablanca.dev.gejststudio.com\/tangkroen\/wp-content\/uploads\/sites\/6\/2026\/04\/120899096383063047-1-e1776327360693-1280x956.jpg 1280w, https:\/\/casablanca.dev.gejststudio.com\/tangkroen\/wp-content\/uploads\/sites\/6\/2026\/04\/120899096383063047-1-e1776327360693-768x574.jpg 768w\" sizes=\"auto, (max-width: 1535px) 100vw, 1535px\" \/>\n        \n        \n    <\/div>\n<\/div>\n\n    <\/div>\n<\/div>\n\r\n    \r\n<\/header>\r\n\n<\/div>\n\n\n\n    <section  class='block-lead-paragraph alignwide'>\n\n        <div class=\"text-xl leading-tight sm:text-3xl lg:text-4xl\">\n            Fejr konfirmation i de smukkeste rammer \u2013 med udsigt til Marselisborg Skovene og Aarhusbugten. Tangkroen er det oplagte sted at samle familie og venner til en uforglemmelig konfirmationsfest.<br \/>\r\n        <\/div>\n\n    <\/section>\n\n\n\n\n\n    <section  class='block-text-and-media alignwide'>\n        <div class=\"block-inner-container grid grid-cols-1 gap-y-5 gap-x-[8vmin] md:grid-cols-2\">\n\n            <!-- Content-->\n            <div class=\"col-span-1 flex flex-col gap-5 md:gap-12 md:w-11\/12 text-left\">\n                                    <h2 class=\"display-text-md text-brand\">\n                        V\u00e6rtskab med \u00f8je for konfirmanten                    <\/h2>\n                \n                                    <div class=\"flex flex-col gap-5 md:gap-6\">\n                                                    <div class=\"wysiwyg-formatting\">\n                                <p>Hos os er konfirmanten i centrum. Vi skaber trygge og hyggelige rammer for en fest, hvor I kan l\u00e6ne jer tilbage og nyde dagen, mens vi s\u00f8rger for n\u00e6rv\u00e6r, samv\u00e6r og dejlig mad.<\/p>\n                            <\/div>\n                        \n                                                    \n\t\t\t\t<a href=\"#\/p\/1942\" target=\"_self\" data-barba-prevent=\"self\" aria-label=\"Tangkroen - Galleri &#8211; Konfirmation + d\u00e5b\/nanvgivning\" class=\"max-w-fit btn \">\n                    Se flere billeder i vores galleri\n\t\t\t\t<\/a>\n\t\t\t                                            <\/div>\n                \n                            <\/div>\n\n            <!-- Media -->\n            <div class=\" md:order-last\">\n                    <figure class=\"relative flex items-center h-full w-full overflow-hidden rounded aspect-video\">\n\n        \n            <img loading=\"lazy\" decoding=\"async\" width=\"1280\" height=\"723\" src=\"https:\/\/casablanca.dev.gejststudio.com\/tangkroen\/wp-content\/uploads\/sites\/6\/2026\/01\/6-2-scaled-e1770112297278-1280x723.jpg\" class=\"w-full h-full object-cover\" alt=\"\" srcset=\"https:\/\/casablanca.dev.gejststudio.com\/tangkroen\/wp-content\/uploads\/sites\/6\/2026\/01\/6-2-scaled-e1770112297278-1280x723.jpg 1280w, https:\/\/casablanca.dev.gejststudio.com\/tangkroen\/wp-content\/uploads\/sites\/6\/2026\/01\/6-2-scaled-e1770112297278-768x434.jpg 768w, https:\/\/casablanca.dev.gejststudio.com\/tangkroen\/wp-content\/uploads\/sites\/6\/2026\/01\/6-2-scaled-e1770112297278-1536x867.jpg 1536w, https:\/\/casablanca.dev.gejststudio.com\/tangkroen\/wp-content\/uploads\/sites\/6\/2026\/01\/6-2-scaled-e1770112297278.jpg 1920w\" sizes=\"auto, (max-width: 1280px) 100vw, 1280px\" \/>\n        \n        \n    <\/figure>\n            <\/div>\n\n        <\/div>\n    <\/section>\n\n\n\n\n    <section  class='block-link-list alignwide'>\n\n        \n        <ol class=\"link-list\" data-list-hover-image-reveal data-animated-list>\n                            <li>\n                    <a\n                        class=\"relative block w-full py-8 duration-300 text-brand ease-in-out outline-none hover:text-brand\"\n                        href=\"#\/p\/1089\"\n                        target=\"_self\"\n                        data-barba-prevent=\"self\" aria-label=\"Tangkroen - Konfirmation l\u00f8rdag dag\"                                                tabindex=\"0\"\n                    >\n                        <div class=\"overflow-hidden\">\n                            <div class=\"flex flex-col gap-2\" data-animated-list-text>\n                                <div class=\"flex gap-10 justify-between items-start\">\n                                    <div class=\"display-text-md\">\n                                        L\u00f8rdag dag                                    <\/div>\n\n                                    <div class=\"hidden md:block py-2 btn mt-2 font-sans shrink-0 text-sm\">\n                                        Se indholdet                                    <\/div>\n                                <\/div>\n\n                                                                    <span class=\"text-sm sm:text-base lg:text-lg\">5 timer med afslutning senest kl. 17.00.<\/span>\n                                                            <\/div>\n                        <\/div>\n                    <\/a>\n                    <div class=\"w-full h-px bg-beige-300\"><\/div>\n                <\/li>\n                            <li>\n                    <a\n                        class=\"relative block w-full py-8 duration-300 text-brand ease-in-out outline-none hover:text-brand\"\n                        href=\"#\/p\/1091\"\n                        target=\"_self\"\n                        data-barba-prevent=\"self\" aria-label=\"Tangkroen - Konfirmation l\u00f8rdag aften\"                                                tabindex=\"0\"\n                    >\n                        <div class=\"overflow-hidden\">\n                            <div class=\"flex flex-col gap-2\" data-animated-list-text>\n                                <div class=\"flex gap-10 justify-between items-start\">\n                                    <div class=\"display-text-md\">\n                                        L\u00f8rdag aften                                    <\/div>\n\n                                    <div class=\"hidden md:block py-2 btn mt-2 font-sans shrink-0 text-sm\">\n                                        Se indholdet                                    <\/div>\n                                <\/div>\n\n                                                                    <span class=\"text-sm sm:text-base lg:text-lg\">5 timer med start tidligst kl. 18.00.<\/span>\n                                                            <\/div>\n                        <\/div>\n                    <\/a>\n                    <div class=\"w-full h-px bg-beige-300\"><\/div>\n                <\/li>\n                            <li>\n                    <a\n                        class=\"relative block w-full py-8 duration-300 text-brand ease-in-out outline-none hover:text-brand\"\n                        href=\"#\/p\/1096\"\n                        target=\"_self\"\n                        data-barba-prevent=\"self\" aria-label=\"Tangkroen - Konfirmation s\u00f8ndag\"                                                tabindex=\"0\"\n                    >\n                        <div class=\"overflow-hidden\">\n                            <div class=\"flex flex-col gap-2\" data-animated-list-text>\n                                <div class=\"flex gap-10 justify-between items-start\">\n                                    <div class=\"display-text-md\">\n                                        S\u00f8ndag dag                                    <\/div>\n\n                                    <div class=\"hidden md:block py-2 btn mt-2 font-sans shrink-0 text-sm\">\n                                        Se indholdet                                    <\/div>\n                                <\/div>\n\n                                                                    <span class=\"text-sm sm:text-base lg:text-lg\">5,5 timer med fleksibelt ankomsttidspunkt &#8211; mulighed for tilk\u00f8b af ekstra tid.<\/span>\n                                                            <\/div>\n                        <\/div>\n                    <\/a>\n                    <div class=\"w-full h-px bg-beige-300\"><\/div>\n                <\/li>\n                    <\/ol>\n\n    <\/section>\n\n\n\n\n    <div  class='block-cta relative alignfull has-background bg-brand-bg text-white alignwide'>\n        <div class=\"block-inner-container\">\n\n            <div class=\"relative flex flex-col items-center justify-center text-center gap-5 lg:gap-8 w-full mx-auto max-w-site-width site-padding-x py-[5vmin]\">\n                                    <h2 class=\"display-text max-w-screen-lg text-white\">\n                        Kontakt os                    <\/h2>\n                \n                                    <div class=\"w-11\/12 max-w-md\">\n                        Lad os hj\u00e6lpe jer med at skabe en personlig, tryg og mindev\u00e6rdig konfirmationsfest.                     <\/div>\n                \n                                    <div x-data={} class=\"flex gap-x-4 gap-y-2 flex-wrap\">\n\t\t\t\t<a href=\"mailto:kontakt@tangkroen.dk?subject=Konfirmationsforesp%C3%B8rgsel&#038;body=Angiv%20venligst%20f%C3%B8lgende%3A%0A%0D%0A-%20Anledning%3A%0A%0D%0A-%20Antal%20g%C3%A6ster%3A%0A%0D%0A-%20Dato%3A%0A%0D%0A-%20Kontaktoplysninger%3A%0A%0D%0A-%20Hvorn%C3%A5r%20kan%20vi%20tr%C3%A6ffe%20jer%3A\" target=\"_self\"  class=\"max-w-fit btn-white \">\n                    Send foresp\u00f8rgsel\n\t\t\t\t<\/a>\n\t\t\t<\/div>                            <\/div>\n\n        <\/div>\n    <\/div>\n\n","protected":false},"excerpt":{"rendered":"","protected":false},"author":2,"featured_media":0,"parent":0,"menu_order":0,"comment_status":"closed","ping_status":"closed","template":"","meta":{"_acf_changed":false,"footnotes":""},"class_list":["post-1068","page","type-page","status-publish","hentry"],"acf":[],"_links":{"self":[{"href":"https:\/\/casablanca.dev.gejststudio.com\/tangkroen\/wp-json\/wp\/v2\/pages\/1068","targetHints":{"allow":["GET"]}}],"collection":[{"href":"https:\/\/casablanca.dev.gejststudio.com\/tangkroen\/wp-json\/wp\/v2\/pages"}],"about":[{"href":"https:\/\/casablanca.dev.gejststudio.com\/tangkroen\/wp-json\/wp\/v2\/types\/page"}],"author":[{"embeddable":true,"href":"https:\/\/casablanca.dev.gejststudio.com\/tangkroen\/wp-json\/wp\/v2\/users\/2"}],"replies":[{"embeddable":true,"href":"https:\/\/casablanca.dev.gejststudio.com\/tangkroen\/wp-json\/wp\/v2\/comments?post=1068"}],"version-history":[{"count":26,"href":"https:\/\/casablanca.dev.gejststudio.com\/tangkroen\/wp-json\/wp\/v2\/pages\/1068\/revisions"}],"predecessor-version":[{"id":3799,"href":"https:\/\/casablanca.dev.gejststudio.com\/tangkroen\/wp-json\/wp\/v2\/pages\/1068\/revisions\/3799"}],"wp:attachment":[{"href":"https:\/\/casablanca.dev.gejststudio.com\/tangkroen\/wp-json\/wp\/v2\/media?parent=1068"}],"curies":[{"name":"wp","href":"https:\/\/api.w.org\/{rel}","templated":true}]}}