{"id":1029,"date":"2025-06-19T07:29:42","date_gmt":"2025-06-19T05:29:42","guid":{"rendered":"https:\/\/casablanca.dev.gejststudio.com\/tangkroen\/?page_id=1029"},"modified":"2026-04-15T10:54:06","modified_gmt":"2026-04-15T08:54:06","slug":"mindehojtidelighed","status":"publish","type":"page","link":"https:\/\/casablanca.dev.gejststudio.com\/tangkroen\/mindehojtidelighed\/","title":{"rendered":"Mindeh\u00f8jtidelighed"},"content":{"rendered":"\n<div class=\"block-masthead relative max-w-full alignfull has-background w-full alignfull\">\n\r\n<header\r\n    data-hero\r\n    data-hero-type=\"text_and_bg\"\r\n     class='block-hero relative max-w-full alignfull has-background w-full alignfull'>\r\n\r\n    \r\n        \n<div class=\"site-padding-x pt-[var(--header-height)]\">\n    <div class=\"relative flex flex-col justify-end w-full mx-auto max-w-site-width min-h-[70vmin] sm:min-h-[60vmin] rounded overflow-hidden\">\n\n        <!-- Content -->\n        <div\n            data-hero-content\n            class=\"relative z-10 max-w-screen-xl sm:w-10\/12 module-padding-x module-padding-y text-white\"\n        >\n                            <h1 class=\"display-text\">Minde&shy;h\u00f8jtidelighed<\/h1>\n                    <\/div>\n\n        <!-- Media -->\n        \n<div\n    class=\"absolute inset-x-0 top-0 h-full mx-auto\"\n    data-hero-media-outer\n    data-hero-media-should-animate=\"true\"\n>\n    <div\n        class=\"relative w-full h-full overflow-hidden bg-black rounded\"\n        data-hero-media-container\n    >\n\n        \n            <img loading=\"lazy\" decoding=\"async\" width=\"1600\" height=\"1067\" src=\"https:\/\/casablanca.dev.gejststudio.com\/tangkroen\/wp-content\/uploads\/sites\/6\/2026\/01\/2024.08.19-KiaerPhotography-LineCasper-bryllup-436.jpg\" class=\"absolute top-0 left-0 h-full w-full object-cover scale-[1.06] blur-lg\" alt=\"\" style=\"opacity: 0.4;\" data-hero-media=\"true\" srcset=\"https:\/\/casablanca.dev.gejststudio.com\/tangkroen\/wp-content\/uploads\/sites\/6\/2026\/01\/2024.08.19-KiaerPhotography-LineCasper-bryllup-436.jpg 1600w, https:\/\/casablanca.dev.gejststudio.com\/tangkroen\/wp-content\/uploads\/sites\/6\/2026\/01\/2024.08.19-KiaerPhotography-LineCasper-bryllup-436-1280x854.jpg 1280w, https:\/\/casablanca.dev.gejststudio.com\/tangkroen\/wp-content\/uploads\/sites\/6\/2026\/01\/2024.08.19-KiaerPhotography-LineCasper-bryllup-436-768x512.jpg 768w, https:\/\/casablanca.dev.gejststudio.com\/tangkroen\/wp-content\/uploads\/sites\/6\/2026\/01\/2024.08.19-KiaerPhotography-LineCasper-bryllup-436-1536x1024.jpg 1536w\" sizes=\"auto, (max-width: 1600px) 100vw, 1600px\" \/>\n        \n        \n    <\/div>\n<\/div>\n\n    <\/div>\n<\/div>\n\r\n    \r\n<\/header>\r\n\n<\/div>\n\n\n\n    <section  class='block-lead-paragraph alignwide'>\n\n        <div class=\"text-xl leading-tight sm:text-3xl lg:text-4xl\">\n            P\u00e5 Tangkroen danner vi rammen om en mindev\u00e6rdig og v\u00e6rdig afsked. Vi har mere end 10 \u00e5rs erfaring og st\u00e5r klar til at tage h\u00e5nd om b\u00e5de jer og det praktiske \u2013 s\u00e5 I kan v\u00e6re sammen om at mindes.<br \/>\r\n        <\/div>\n\n    <\/section>\n\n\n\n\n\n    <section  class='block-text-and-media alignwide'>\n        <div class=\"block-inner-container grid grid-cols-1 gap-y-5 gap-x-[8vmin] md:grid-cols-2\">\n\n            <!-- Content-->\n            <div class=\"col-span-1 flex flex-col gap-5 md:gap-12 md:w-11\/12 text-left\">\n                                    <h2 class=\"display-text-md text-brand\">\n                        En smuk afsked i fredelige rammer                    <\/h2>\n                \n                                    <div class=\"flex flex-col gap-5 md:gap-6\">\n                                                    <div class=\"wysiwyg-formatting\">\n                                <p data-start=\"728\" data-end=\"909\">Vores lyse lokaler ligger smukt ved Marselisborg Skovene og Aarhusbugten . Her s\u00f8rger vi for smuk opd\u00e6kning, friske blomster og fredelige omgivelser, som giver ro til dagen.<\/p>\n<p data-start=\"911\" data-end=\"994\">Maden er hjemmelavet og serveres med br\u00f8d og kager fra vores eget bageri, Mor Anna.<\/p>\n                            <\/div>\n                        \n                                            <\/div>\n                \n                            <\/div>\n\n            <!-- Media -->\n            <div class=\" md:order-last\">\n                    <figure class=\"relative flex items-center h-full w-full overflow-hidden rounded aspect-video\">\n\n        \n            <img loading=\"lazy\" decoding=\"async\" width=\"960\" height=\"896\" src=\"https:\/\/casablanca.dev.gejststudio.com\/tangkroen\/wp-content\/uploads\/sites\/6\/2026\/01\/1761646855102-e1776243241230.jpg\" class=\"w-full h-full object-cover\" alt=\"\" srcset=\"https:\/\/casablanca.dev.gejststudio.com\/tangkroen\/wp-content\/uploads\/sites\/6\/2026\/01\/1761646855102-e1776243241230.jpg 960w, https:\/\/casablanca.dev.gejststudio.com\/tangkroen\/wp-content\/uploads\/sites\/6\/2026\/01\/1761646855102-e1776243241230-768x717.jpg 768w\" sizes=\"auto, (max-width: 960px) 100vw, 960px\" \/>\n        \n        \n    <\/figure>\n            <\/div>\n\n        <\/div>\n    <\/section>\n\n\n\n\n    <section  class='block-link-list alignwide'>\n\n        \n        <ol class=\"link-list\" data-list-hover-image-reveal data-animated-list>\n                            <li>\n                    <a\n                        class=\"relative block w-full py-8 duration-300 text-brand ease-in-out outline-none hover:text-brand\"\n                        href=\"#\/p\/1045\"\n                        target=\"_self\"\n                        data-barba-prevent=\"self\" aria-label=\"Tangkroen - Minde Koncept 1\"                                                tabindex=\"0\"\n                    >\n                        <div class=\"overflow-hidden\">\n                            <div class=\"flex flex-col gap-2\" data-animated-list-text>\n                                <div class=\"flex gap-10 justify-between items-start\">\n                                    <div class=\"display-text-md\">\n                                        Koncept 1                                    <\/div>\n\n                                    <div class=\"hidden md:block py-2 btn mt-2 font-sans shrink-0 text-sm\">\n                                        Se indholdet                                    <\/div>\n                                <\/div>\n\n                                                            <\/div>\n                        <\/div>\n                    <\/a>\n                    <div class=\"w-full h-px bg-beige-300\"><\/div>\n                <\/li>\n                            <li>\n                    <a\n                        class=\"relative block w-full py-8 duration-300 text-brand ease-in-out outline-none hover:text-brand\"\n                        href=\"#\/p\/1047\"\n                        target=\"_self\"\n                        data-barba-prevent=\"self\" aria-label=\"Tangkroen - Minde Koncept 2\"                                                tabindex=\"0\"\n                    >\n                        <div class=\"overflow-hidden\">\n                            <div class=\"flex flex-col gap-2\" data-animated-list-text>\n                                <div class=\"flex gap-10 justify-between items-start\">\n                                    <div class=\"display-text-md\">\n                                        Koncept 2                                    <\/div>\n\n                                    <div class=\"hidden md:block py-2 btn mt-2 font-sans shrink-0 text-sm\">\n                                        Se indholdet                                    <\/div>\n                                <\/div>\n\n                                                            <\/div>\n                        <\/div>\n                    <\/a>\n                    <div class=\"w-full h-px bg-beige-300\"><\/div>\n                <\/li>\n                            <li>\n                    <a\n                        class=\"relative block w-full py-8 duration-300 text-brand ease-in-out outline-none hover:text-brand\"\n                        href=\"#\/p\/1048\"\n                        target=\"_self\"\n                        data-barba-prevent=\"self\" aria-label=\"Tangkroen - Minde Koncept 3\"                                                tabindex=\"0\"\n                    >\n                        <div class=\"overflow-hidden\">\n                            <div class=\"flex flex-col gap-2\" data-animated-list-text>\n                                <div class=\"flex gap-10 justify-between items-start\">\n                                    <div class=\"display-text-md\">\n                                        Koncept 3                                    <\/div>\n\n                                    <div class=\"hidden md:block py-2 btn mt-2 font-sans shrink-0 text-sm\">\n                                        Se indholdet                                    <\/div>\n                                <\/div>\n\n                                                            <\/div>\n                        <\/div>\n                    <\/a>\n                    <div class=\"w-full h-px bg-beige-300\"><\/div>\n                <\/li>\n                    <\/ol>\n\n    <\/section>\n\n\n\n\n\n    <section  class='block-text-and-media alignwide'>\n        <div class=\"block-inner-container grid grid-cols-1 gap-y-5 gap-x-[8vmin] md:grid-cols-2\">\n\n            <!-- Content-->\n            <div class=\"col-span-1 flex flex-col gap-5 md:gap-12 md:w-11\/12 text-left\">\n                                    <h2 class=\"display-text-md text-brand\">\n                        Send os en e-mail med disse oplysninger                    <\/h2>\n                \n                                    <div class=\"flex flex-col gap-5 md:gap-6\">\n                                                    <div class=\"wysiwyg-formatting\">\n                                <ul data-start=\"2408\" data-end=\"2639\">\n<li data-start=\"2408\" data-end=\"2437\">\n<p data-start=\"2410\" data-end=\"2437\">Dit navn og telefonnummer<\/p>\n<\/li>\n<li data-start=\"2438\" data-end=\"2479\">\n<p data-start=\"2440\" data-end=\"2479\">Dato og tidspunkt for mindeh\u00f8jtideligheden<\/p>\n<\/li>\n<li data-start=\"2480\" data-end=\"2511\">\n<p data-start=\"2482\" data-end=\"2511\">Begravelse eller bis\u00e6ttelse<\/p>\n<\/li>\n<li data-start=\"2512\" data-end=\"2530\">\n<p data-start=\"2514\" data-end=\"2530\">Navn p\u00e5 afd\u00f8de<\/p>\n<\/li>\n<li data-start=\"2531\" data-end=\"2557\">\n<p data-start=\"2533\" data-end=\"2557\">Navn p\u00e5 bedemandsfirma (for at lette det praktiske \u2013 prisen er den samme)<\/p>\n<\/li>\n<li data-start=\"2558\" data-end=\"2579\">\n<p data-start=\"2560\" data-end=\"2579\">\u00d8nsket ankomsttid<\/p>\n<\/li>\n<li data-start=\"2580\" data-end=\"2599\">\n<p data-start=\"2582\" data-end=\"2599\">Antal deltagere<\/p>\n<\/li>\n<li data-start=\"2600\" data-end=\"2639\">\n<p data-start=\"2602\" data-end=\"2639\">\u00d8nsket koncept og eventuelle tilk\u00f8b<\/p>\n<\/li>\n<\/ul>\n<p data-start=\"2641\" data-end=\"2679\">Herefter sender vi bookingbekr\u00e6ftelse.<\/p>\n                            <\/div>\n                        \n                                            <\/div>\n                \n                            <\/div>\n\n            <!-- Media -->\n            <div class=\" md:order-last\">\n                    <figure class=\"relative flex items-center h-full w-full overflow-hidden rounded aspect-video\">\n\n        \n            <img loading=\"lazy\" decoding=\"async\" width=\"1280\" height=\"853\" src=\"https:\/\/casablanca.dev.gejststudio.com\/tangkroen\/wp-content\/uploads\/sites\/6\/2026\/01\/start-Maj_003-1280x853.jpg\" class=\"w-full h-full object-cover\" alt=\"\" srcset=\"https:\/\/casablanca.dev.gejststudio.com\/tangkroen\/wp-content\/uploads\/sites\/6\/2026\/01\/start-Maj_003-1280x853.jpg 1280w, https:\/\/casablanca.dev.gejststudio.com\/tangkroen\/wp-content\/uploads\/sites\/6\/2026\/01\/start-Maj_003-768x512.jpg 768w, https:\/\/casablanca.dev.gejststudio.com\/tangkroen\/wp-content\/uploads\/sites\/6\/2026\/01\/start-Maj_003-1536x1024.jpg 1536w, https:\/\/casablanca.dev.gejststudio.com\/tangkroen\/wp-content\/uploads\/sites\/6\/2026\/01\/start-Maj_003-2048x1365.jpg 2048w\" sizes=\"auto, (max-width: 1280px) 100vw, 1280px\" \/>\n        \n        \n    <\/figure>\n            <\/div>\n\n        <\/div>\n    <\/section>\n\n\n\n\n<p class=\"has-text-align-center\"><strong>Minimumsbetaling:<\/strong> Kr. 7.500,- for den samlede regning.<\/p>\n\n\n\n    <div  class='block-cta relative alignfull has-background bg-brand-bg text-white alignwide'>\n        <div class=\"block-inner-container\">\n\n            <div class=\"relative flex flex-col items-center justify-center text-center gap-5 lg:gap-8 w-full mx-auto max-w-site-width site-padding-x py-[5vmin]\">\n                                    <h2 class=\"display-text max-w-screen-lg text-white\">\n                        Kontakt os                    <\/h2>\n                \n                                    <div class=\"w-11\/12 max-w-md\">\n                        Hverdage inden kl. 16.00:<br \/>\r\nTlf.: 8616 1400<br \/>\r\n<br \/>\r\nHverdage efter kl. 16.00 og i weekender:<br \/>\r\nJ\u00f8rgen Danielsen tlf.: 2540 7300                    <\/div>\n                \n                                    <div x-data={} class=\"flex gap-x-4 gap-y-2 flex-wrap\">\n\t\t\t\t<a href=\"mailto:kontakt@tangkroen.dk?subject=Foresp%C3%B8rgsel%20p%C3%A5%20mindeh%C3%B8jtidelighed&#038;body=Angiv%20venligst%20f%C3%B8lgende%3A%20%0A%0D%0A-%20Dit%20navn%20og%20telefonnummer%3A%20%0A%0D%0A-%20Dato%3A%20%0A%0D%0A-%20Tidspunkt%20i%20kirke%2Fkapel%3A%20%0A%0D%0A-%20Er%20det%20begravelse%20eller%20bis%C3%A6ttelse%3A%20%0A%0D%0A-%20Navn%20p%C3%A5%20afd%C3%B8de%3A%20%0A%0D%0A-%20Navn%20p%C3%A5%20bedemandsfirmaet%20%28for%20at%20lette%20det%20praktiske%20%E2%80%93%20prisen%20er%20den%20samme%29%3A%20%0A%0D%0A-%20Tidspunkt%20for%20ankomst%3A%20%0A%0D%0A-%20Antal%20g%C3%A6ster%3A%20%0A%0D%0A-%20Hvilket%20koncept%20I%20%C3%B8nsker%20samt%20evt.%20tilk%C3%B8bsmuligheder%3A%20\" target=\"_self\"  class=\"max-w-fit btn-white \">\n                    Send os en e-mail\n\t\t\t\t<\/a>\n\t\t\t<\/div>                            <\/div>\n\n        <\/div>\n    <\/div>\n\n","protected":false},"excerpt":{"rendered":"<p>Minimumsbetaling: Kr. 7.500,- for den samlede regning.<\/p>\n","protected":false},"author":2,"featured_media":0,"parent":0,"menu_order":0,"comment_status":"closed","ping_status":"closed","template":"","meta":{"_acf_changed":false,"footnotes":""},"class_list":["post-1029","page","type-page","status-publish","hentry"],"acf":[],"_links":{"self":[{"href":"https:\/\/casablanca.dev.gejststudio.com\/tangkroen\/wp-json\/wp\/v2\/pages\/1029","targetHints":{"allow":["GET"]}}],"collection":[{"href":"https:\/\/casablanca.dev.gejststudio.com\/tangkroen\/wp-json\/wp\/v2\/pages"}],"about":[{"href":"https:\/\/casablanca.dev.gejststudio.com\/tangkroen\/wp-json\/wp\/v2\/types\/page"}],"author":[{"embeddable":true,"href":"https:\/\/casablanca.dev.gejststudio.com\/tangkroen\/wp-json\/wp\/v2\/users\/2"}],"replies":[{"embeddable":true,"href":"https:\/\/casablanca.dev.gejststudio.com\/tangkroen\/wp-json\/wp\/v2\/comments?post=1029"}],"version-history":[{"count":16,"href":"https:\/\/casablanca.dev.gejststudio.com\/tangkroen\/wp-json\/wp\/v2\/pages\/1029\/revisions"}],"predecessor-version":[{"id":3664,"href":"https:\/\/casablanca.dev.gejststudio.com\/tangkroen\/wp-json\/wp\/v2\/pages\/1029\/revisions\/3664"}],"wp:attachment":[{"href":"https:\/\/casablanca.dev.gejststudio.com\/tangkroen\/wp-json\/wp\/v2\/media?parent=1029"}],"curies":[{"name":"wp","href":"https:\/\/api.w.org\/{rel}","templated":true}]}}