{"id":911,"date":"2025-06-26T14:17:04","date_gmt":"2025-06-26T12:17:04","guid":{"rendered":"https:\/\/casablanca.dev.gejststudio.com\/sjettefrederikskro\/?page_id=911"},"modified":"2026-04-17T11:31:25","modified_gmt":"2026-04-17T09:31:25","slug":"kronch-op-til-30-personer","status":"publish","type":"page","link":"https:\/\/casablanca.dev.gejststudio.com\/sjettefrederikskro\/kronch-op-til-30-personer\/","title":{"rendered":"Kronch for op til 30 personer"},"content":{"rendered":"\n<div class=\"block-masthead relative max-w-full alignfull has-background w-full alignfull\">\n\r\n<header\r\n    data-hero\r\n    data-hero-type=\"text_and_bg\"\r\n     class='block-hero relative max-w-full alignfull has-background w-full alignfull'>\r\n\r\n    \r\n        \n<div class=\"site-padding-x pt-[var(--header-height)]\">\n    <div class=\"relative flex flex-col justify-end w-full mx-auto max-w-site-width min-h-[70vmin] sm:min-h-[60vmin] rounded overflow-hidden\">\n\n        <!-- Content -->\n        <div\n            data-hero-content\n            class=\"relative z-10 max-w-screen-xl sm:w-10\/12 module-padding-x module-padding-y text-white\"\n        >\n                            <h1 class=\"display-text\">Kronch for op til 30 g\u00e6ster<\/h1>\n                    <\/div>\n\n        <!-- Media -->\n        \n<div\n    class=\"absolute inset-x-0 top-0 h-full mx-auto\"\n    data-hero-media-outer\n    data-hero-media-should-animate=\"true\"\n>\n    <div\n        class=\"relative w-full h-full overflow-hidden bg-black rounded\"\n        data-hero-media-container\n    >\n\n        \n            <img loading=\"lazy\" decoding=\"async\" width=\"2560\" height=\"1826\" src=\"https:\/\/casablanca.dev.gejststudio.com\/sjettefrederikskro\/wp-content\/uploads\/sites\/3\/2025\/06\/20241006_064026922_iOS_cropped2-2560x1826.jpg\" class=\"absolute top-0 left-0 h-full w-full object-cover scale-[1.06] blur-lg\" alt=\"\" style=\"opacity: 0.4;\" data-hero-media=\"true\" srcset=\"https:\/\/casablanca.dev.gejststudio.com\/sjettefrederikskro\/wp-content\/uploads\/sites\/3\/2025\/06\/20241006_064026922_iOS_cropped2-2560x1826.jpg 2560w, https:\/\/casablanca.dev.gejststudio.com\/sjettefrederikskro\/wp-content\/uploads\/sites\/3\/2025\/06\/20241006_064026922_iOS_cropped2-1280x913.jpg 1280w, https:\/\/casablanca.dev.gejststudio.com\/sjettefrederikskro\/wp-content\/uploads\/sites\/3\/2025\/06\/20241006_064026922_iOS_cropped2-768x548.jpg 768w, https:\/\/casablanca.dev.gejststudio.com\/sjettefrederikskro\/wp-content\/uploads\/sites\/3\/2025\/06\/20241006_064026922_iOS_cropped2-1536x1095.jpg 1536w, https:\/\/casablanca.dev.gejststudio.com\/sjettefrederikskro\/wp-content\/uploads\/sites\/3\/2025\/06\/20241006_064026922_iOS_cropped2-2048x1461.jpg 2048w\" sizes=\"auto, (max-width: 2560px) 100vw, 2560px\" \/>\n        \n        \n    <\/div>\n<\/div>\n\n    <\/div>\n<\/div>\n\r\n    \r\n<\/header>\r\n\n<\/div>\n\n\n\n<p class=\"has-text-align-center\">Saml venner, familie eller kolleger til en formiddag i s\u00e6rlige omgivelser med skov og hav som kulisse. Vores popul\u00e6re Kronch-buffet serveres p\u00e5 udvalgte datoer, hvor I kan nyde roen, stemningen og maden i selskab med andre g\u00e6ster.<\/p>\n\n\n\n    <section  class='block-buttons aligncenter'>\n        <div x-data={} class=\"flex gap-x-4 gap-y-2 flex-wrap justify-center\">\n\t\t\t\t<a href=\"#\/p\/914\" target=\"_self\" data-barba-prevent=\"self\" aria-label=\"Sjette Frederiks Kro - Indhold Kronch-buffet for op til 30+d\u00e5bskronch\" class=\"btn max-w-fit \">\n                    Se hele Kronch-menuen\n\t\t\t\t<\/a>\n\t\t\t<\/div>    <\/section>\n\n\n\n\n\n    <section  class='block-text-and-media alignwide'>\n        <div class=\"block-inner-container grid grid-cols-1 gap-y-5 gap-x-[8vmin] md:grid-cols-2\">\n\n            <!-- Content-->\n            <div class=\"col-span-1 flex flex-col gap-5 md:gap-12 md:w-11\/12 text-left\">\n                                    <h2 class=\"display-text-md text-brand\">\n                        Kronch-buffet for 12\u201330 personer                    <\/h2>\n                \n                                    <div class=\"flex flex-col gap-5 md:gap-6\">\n                                                    <div class=\"wysiwyg-formatting\">\n                                <ul>\n<li>I sidder i lokale med andre g\u00e6ster.<\/li>\n<li>Reservationen g\u00e6lder i 3 timer.<\/li>\n<li>Der er ikke mulighed for gavebord og taler.<\/li>\n<li>I Kronch-buffeten kan du nemt se, hvilke retter der er glutenfri, laktosefri og veganske.<\/li>\n<li>\u00d8nskes glutenfrit br\u00f8d, skriv det i bem\u00e6rkningen, n\u00e5r du booker bord.<\/li>\n<li>B\u00f8rn under 2 \u00e5r er gratis.<\/li>\n<li>B\u00f8rn under 6 \u00e5r er halv pris.<\/li>\n<\/ul>\n                            <\/div>\n                        \n                                            <\/div>\n                \n                            <\/div>\n\n            <!-- Media -->\n            <div class=\" md:order-last\">\n                    <figure class=\"relative flex items-center h-full w-full overflow-hidden rounded aspect-video\">\n\n        \n            <img loading=\"lazy\" decoding=\"async\" width=\"1280\" height=\"928\" src=\"https:\/\/casablanca.dev.gejststudio.com\/sjettefrederikskro\/wp-content\/uploads\/sites\/3\/2025\/06\/20241006_064005257_iOS_cropped-1280x928.jpg\" class=\"w-full h-full object-cover\" alt=\"\" srcset=\"https:\/\/casablanca.dev.gejststudio.com\/sjettefrederikskro\/wp-content\/uploads\/sites\/3\/2025\/06\/20241006_064005257_iOS_cropped-1280x928.jpg 1280w, https:\/\/casablanca.dev.gejststudio.com\/sjettefrederikskro\/wp-content\/uploads\/sites\/3\/2025\/06\/20241006_064005257_iOS_cropped-768x557.jpg 768w, https:\/\/casablanca.dev.gejststudio.com\/sjettefrederikskro\/wp-content\/uploads\/sites\/3\/2025\/06\/20241006_064005257_iOS_cropped-1536x1113.jpg 1536w, https:\/\/casablanca.dev.gejststudio.com\/sjettefrederikskro\/wp-content\/uploads\/sites\/3\/2025\/06\/20241006_064005257_iOS_cropped-2048x1484.jpg 2048w\" sizes=\"auto, (max-width: 1280px) 100vw, 1280px\" \/>\n        \n        \n    <\/figure>\n            <\/div>\n\n        <\/div>\n    <\/section>\n\n\n\n\n    <section  class='block-media-carousel alignwide' data-media-carousel data-auto-scroll=\"false\">\n        <div class=\"block-inner-container\">\n\n            \n            <div class=\"splide\" role=\"group\" data-splide-carousel>\n                <div class=\"!overflow-visible splide__track\">\n                    <div class=\"splide__list\">\n                        \n                            <figure class=\"splide__slide flex flex-col max-h-[60vh] max-w-[75%] sm:max-w-[50%] !mr-3 sm:!mr-5 lg:!mr-8 \">\n                                <div class=\"splide__slide__container overflow-hidden\">\n                                        <figure class=\"relative flex items-center h-full w-full overflow-hidden rounded \">\n\n        \n            <img loading=\"lazy\" decoding=\"async\" width=\"853\" height=\"1280\" src=\"https:\/\/casablanca.dev.gejststudio.com\/sjettefrederikskro\/wp-content\/uploads\/sites\/3\/2025\/06\/A7_07464-853x1280.jpg\" class=\"w-full h-full object-cover rounded-lg\" alt=\"\" srcset=\"https:\/\/casablanca.dev.gejststudio.com\/sjettefrederikskro\/wp-content\/uploads\/sites\/3\/2025\/06\/A7_07464-853x1280.jpg 853w, https:\/\/casablanca.dev.gejststudio.com\/sjettefrederikskro\/wp-content\/uploads\/sites\/3\/2025\/06\/A7_07464-scaled.jpg 1706w, https:\/\/casablanca.dev.gejststudio.com\/sjettefrederikskro\/wp-content\/uploads\/sites\/3\/2025\/06\/A7_07464-768x1152.jpg 768w, https:\/\/casablanca.dev.gejststudio.com\/sjettefrederikskro\/wp-content\/uploads\/sites\/3\/2025\/06\/A7_07464-1024x1536.jpg 1024w, https:\/\/casablanca.dev.gejststudio.com\/sjettefrederikskro\/wp-content\/uploads\/sites\/3\/2025\/06\/A7_07464-1365x2048.jpg 1365w, https:\/\/casablanca.dev.gejststudio.com\/sjettefrederikskro\/wp-content\/uploads\/sites\/3\/2025\/06\/A7_07464-512x768.jpg 512w\" sizes=\"auto, (max-width: 853px) 100vw, 853px\" \/>\n        \n        \n    <\/figure>\n                                <\/div>\n\n                                                            <\/figure>\n\n                        \n                            <figure class=\"splide__slide flex flex-col max-h-[60vh] max-w-[75%] sm:max-w-[50%] !mr-3 sm:!mr-5 lg:!mr-8 \">\n                                <div class=\"splide__slide__container overflow-hidden\">\n                                        <figure class=\"relative flex items-center h-full w-full overflow-hidden rounded \">\n\n        \n            <img loading=\"lazy\" decoding=\"async\" width=\"1280\" height=\"920\" src=\"https:\/\/casablanca.dev.gejststudio.com\/sjettefrederikskro\/wp-content\/uploads\/sites\/3\/2025\/06\/20241006_064220980_iOS_cropped-1280x920.jpg\" class=\"w-full h-full object-cover rounded-lg\" alt=\"\" srcset=\"https:\/\/casablanca.dev.gejststudio.com\/sjettefrederikskro\/wp-content\/uploads\/sites\/3\/2025\/06\/20241006_064220980_iOS_cropped-1280x920.jpg 1280w, https:\/\/casablanca.dev.gejststudio.com\/sjettefrederikskro\/wp-content\/uploads\/sites\/3\/2025\/06\/20241006_064220980_iOS_cropped-768x552.jpg 768w, https:\/\/casablanca.dev.gejststudio.com\/sjettefrederikskro\/wp-content\/uploads\/sites\/3\/2025\/06\/20241006_064220980_iOS_cropped-1536x1104.jpg 1536w, https:\/\/casablanca.dev.gejststudio.com\/sjettefrederikskro\/wp-content\/uploads\/sites\/3\/2025\/06\/20241006_064220980_iOS_cropped-2048x1472.jpg 2048w\" sizes=\"auto, (max-width: 1280px) 100vw, 1280px\" \/>\n        \n        \n    <\/figure>\n                                <\/div>\n\n                                                            <\/figure>\n\n                        \n                            <figure class=\"splide__slide flex flex-col max-h-[60vh] max-w-[75%] sm:max-w-[50%] !mr-3 sm:!mr-5 lg:!mr-8 \">\n                                <div class=\"splide__slide__container overflow-hidden\">\n                                        <figure class=\"relative flex items-center h-full w-full overflow-hidden rounded \">\n\n        \n            <img loading=\"lazy\" decoding=\"async\" width=\"405\" height=\"542\" src=\"https:\/\/casablanca.dev.gejststudio.com\/sjettefrederikskro\/wp-content\/uploads\/sites\/3\/2025\/11\/kronch12-e1763551158461.jpg\" class=\"w-full h-full object-cover rounded-lg\" alt=\"\" \/>\n        \n        \n    <\/figure>\n                                <\/div>\n\n                                                            <\/figure>\n\n                        \n                            <figure class=\"splide__slide flex flex-col max-h-[60vh] max-w-[75%] sm:max-w-[50%] !mr-3 sm:!mr-5 lg:!mr-8 \">\n                                <div class=\"splide__slide__container overflow-hidden\">\n                                        <figure class=\"relative flex items-center h-full w-full overflow-hidden rounded \">\n\n        \n            <img loading=\"lazy\" decoding=\"async\" width=\"1280\" height=\"853\" src=\"https:\/\/casablanca.dev.gejststudio.com\/sjettefrederikskro\/wp-content\/uploads\/sites\/3\/2025\/06\/A7_07488-1280x853.jpg\" class=\"w-full h-full object-cover rounded-lg\" alt=\"\" srcset=\"https:\/\/casablanca.dev.gejststudio.com\/sjettefrederikskro\/wp-content\/uploads\/sites\/3\/2025\/06\/A7_07488-1280x853.jpg 1280w, https:\/\/casablanca.dev.gejststudio.com\/sjettefrederikskro\/wp-content\/uploads\/sites\/3\/2025\/06\/A7_07488-768x512.jpg 768w, https:\/\/casablanca.dev.gejststudio.com\/sjettefrederikskro\/wp-content\/uploads\/sites\/3\/2025\/06\/A7_07488-1536x1024.jpg 1536w, https:\/\/casablanca.dev.gejststudio.com\/sjettefrederikskro\/wp-content\/uploads\/sites\/3\/2025\/06\/A7_07488-2048x1365.jpg 2048w\" sizes=\"auto, (max-width: 1280px) 100vw, 1280px\" \/>\n        \n        \n    <\/figure>\n                                <\/div>\n\n                                                            <\/figure>\n\n                        \n                            <figure class=\"splide__slide flex flex-col max-h-[60vh] max-w-[75%] sm:max-w-[50%] !mr-3 sm:!mr-5 lg:!mr-8 \">\n                                <div class=\"splide__slide__container overflow-hidden\">\n                                        <figure class=\"relative flex items-center h-full w-full overflow-hidden rounded \">\n\n        \n            <img loading=\"lazy\" decoding=\"async\" width=\"960\" height=\"1280\" src=\"https:\/\/casablanca.dev.gejststudio.com\/sjettefrederikskro\/wp-content\/uploads\/sites\/3\/2025\/06\/20241006_065412818_iOS-960x1280.jpg\" class=\"w-full h-full object-cover rounded-lg\" alt=\"\" srcset=\"https:\/\/casablanca.dev.gejststudio.com\/sjettefrederikskro\/wp-content\/uploads\/sites\/3\/2025\/06\/20241006_065412818_iOS-960x1280.jpg 960w, https:\/\/casablanca.dev.gejststudio.com\/sjettefrederikskro\/wp-content\/uploads\/sites\/3\/2025\/06\/20241006_065412818_iOS-scaled.jpg 1920w, https:\/\/casablanca.dev.gejststudio.com\/sjettefrederikskro\/wp-content\/uploads\/sites\/3\/2025\/06\/20241006_065412818_iOS-768x1024.jpg 768w, https:\/\/casablanca.dev.gejststudio.com\/sjettefrederikskro\/wp-content\/uploads\/sites\/3\/2025\/06\/20241006_065412818_iOS-1152x1536.jpg 1152w, https:\/\/casablanca.dev.gejststudio.com\/sjettefrederikskro\/wp-content\/uploads\/sites\/3\/2025\/06\/20241006_065412818_iOS-1536x2048.jpg 1536w, https:\/\/casablanca.dev.gejststudio.com\/sjettefrederikskro\/wp-content\/uploads\/sites\/3\/2025\/06\/20241006_065412818_iOS-576x768.jpg 576w\" sizes=\"auto, (max-width: 960px) 100vw, 960px\" \/>\n        \n        \n    <\/figure>\n                                <\/div>\n\n                                                            <\/figure>\n\n                                            <\/div>\n                <\/div>\n\n                                    <div class=\"flex items-center justify-end mt-4\">\n                        <!-- Arrows -->\n                        <div class=\"flex items-center justify-center gap-2 splide__arrows\">\n                            <div role=\"button\" tabindex=\"0\" class=\"group flex items-center justify-center size-10 border border-current rounded-full cursor-pointer splide__arrow splide__arrow--prev\">\n                                <svg class=\"w-3 duration-200 ease-in-out group-hover:-translate-x-0.5\" xmlns=\"http:\/\/www.w3.org\/2000\/svg\" viewBox=\"0 0 13 13\">\n                                    <path d=\"M12.2 6.6H1m5.6 5.6L1 6.6 6.6 1\" stroke=\"currentColor\" fill=\"none\" fill-rule=\"evenodd\" stroke-linecap=\"round\" stroke-linejoin=\"round\"\/>\n                                <\/svg>\n                            <\/div>\n\n                            <div role=\"button\" tabindex=\"0\" class=\"group flex items-center justify-center size-10 border border-current rounded-full cursor-pointer splide__arrow splide__arrow--next\">\n                                <svg class=\"w-3 duration-200 ease-in-out group-hover:translate-x-0.5\" xmlns=\"http:\/\/www.w3.org\/2000\/svg\" viewBox=\"0 0 13 13\">\n                                    <path d=\"M1 6.6h11.2M6.6 1l5.6 5.6-5.6 5.6\" stroke=\"currentColor\" fill=\"none\" fill-rule=\"evenodd\" stroke-linecap=\"round\" stroke-linejoin=\"round\"\/>\n                                <\/svg>\n                            <\/div>\n                        <\/div>\n                    <\/div>\n                            <\/div>\n\n        <\/div>\n    <\/section>\n\n\n\n\n    <div  class='block-cta relative alignfull has-background bg-brand-bg text-white alignwide'>\n        <div class=\"block-inner-container\">\n\n            <div class=\"relative flex flex-col items-center justify-center text-center gap-5 lg:gap-8 w-full mx-auto max-w-site-width site-padding-x py-[5vmin]\">\n                                    <h2 class=\"display-text max-w-screen-lg text-white\">\n                        Kontakt os                    <\/h2>\n                \n                                    <div class=\"w-11\/12 max-w-md\">\n                        Kontakt os for at h\u00f8re, hvilke datoer I kan nyde Kronch-buffet for op til 30 personer.                    <\/div>\n                \n                                    <div x-data={} class=\"flex gap-x-4 gap-y-2 flex-wrap\">\n\t\t\t\t<a href=\"mailto:kontakt@sjettefrederikskro.dk?subject=Foresp%C3%B8rgsel%20p%C3%A5%20Kronch-buffet%20for%20op%20til%2030%20personer&#038;body=Angiv%20venligst%20f%C3%B8lgende%3A%0A%0D%0A-%20Evt.%20anledning%3A%0A%0D%0A-%20Antal%20deltagere%3A%0A%0D%0A-%20Dato%3A%0A%0D%0A-%20Kontaktoplysninger%3A%0A%0D%0A-%20Hvorn%C3%A5r%20kan%20vi%20tr%C3%A6ffe%20jer%3A\" target=\"_self\"  class=\"max-w-fit btn-white \">\n                    Send foresp\u00f8rgsel\n\t\t\t\t<\/a>\n\t\t\t<\/div>                            <\/div>\n\n        <\/div>\n    <\/div>\n\n\n\n\n\n    <section  class='block-text-and-media alignwide'>\n        <div class=\"block-inner-container grid grid-cols-1 gap-y-5 gap-x-[8vmin] md:grid-cols-2\">\n\n            <!-- Content-->\n            <div class=\"col-span-1 flex flex-col gap-5 md:gap-12 md:w-11\/12 text-left\">\n                                    <h2 class=\"display-text-md text-brand\">\n                        Fem af seks stjerner i \u00c5rhus Stiftstidende                    <\/h2>\n                \n                                    <div class=\"flex flex-col gap-5 md:gap-6\">\n                                                    <div class=\"wysiwyg-formatting\">\n                                <p><em>&#8220;Det her m\u00e5 v\u00e6re Aarhus\u2019 mest idylliske brunchsted.<\/em><\/p>\n<p><em>Krostuen er elegant indrettet med douche farer, marmor, god plads mellem bordene og behagelige stole, hvor man har lyst til at sidde i timer og tage sig god tid om maden, drikke kaffe, snakke og drikke lidt mere kaffe.<\/em><\/p>\n<p><em>S\u00e5 det gjorde vi: n\u00f8d to timers all inclusive-brunch [\u2026] best\u00e5ende af en imponerende r\u00e6kke delikatesser, suver\u00e6ne salater og s\u00f8de sager.<\/em><\/p>\n<p><em>V\u00e6rd at n\u00e6vne er ogs\u00e5, at \u00e6ggene var kogt perfekt, at rugbr\u00f8det var lunt og svampet, bollerne luftige og hindb\u00e6rsnitterne formentligt byens bedste.\u201d<\/em><\/p>\n                            <\/div>\n                        \n                                                    \n\t\t\t\t<a href=\"https:\/\/stiften.dk\/mad\/5-stjerner-det-her-maa-vaere-aarhus-mest-idylliske-brunchsted\" target=\"_blank\" rel=\"nofollow noopener\" class=\"max-w-fit btn \">\n                    L\u00e6s anmeldelsen\n\t\t\t\t<\/a>\n\t\t\t                                            <\/div>\n                \n                            <\/div>\n\n            <!-- Media -->\n            <div class=\" md:order-last\">\n                    <figure class=\"relative flex items-center h-full w-full overflow-hidden rounded aspect-video\">\n\n        \n            <img loading=\"lazy\" decoding=\"async\" width=\"1280\" height=\"807\" src=\"https:\/\/casablanca.dev.gejststudio.com\/sjettefrederikskro\/wp-content\/uploads\/sites\/3\/2025\/06\/20241006_063301515_iOS_cropped-1280x807.jpg\" class=\"w-full h-full object-cover\" alt=\"\" srcset=\"https:\/\/casablanca.dev.gejststudio.com\/sjettefrederikskro\/wp-content\/uploads\/sites\/3\/2025\/06\/20241006_063301515_iOS_cropped-1280x807.jpg 1280w, https:\/\/casablanca.dev.gejststudio.com\/sjettefrederikskro\/wp-content\/uploads\/sites\/3\/2025\/06\/20241006_063301515_iOS_cropped-768x484.jpg 768w, https:\/\/casablanca.dev.gejststudio.com\/sjettefrederikskro\/wp-content\/uploads\/sites\/3\/2025\/06\/20241006_063301515_iOS_cropped-1536x969.jpg 1536w, https:\/\/casablanca.dev.gejststudio.com\/sjettefrederikskro\/wp-content\/uploads\/sites\/3\/2025\/06\/20241006_063301515_iOS_cropped-2048x1291.jpg 2048w\" sizes=\"auto, (max-width: 1280px) 100vw, 1280px\" \/>\n        \n        \n    <\/figure>\n            <\/div>\n\n        <\/div>\n    <\/section>\n\n","protected":false},"excerpt":{"rendered":"<p>Saml venner, familie eller kolleger til en formiddag i s\u00e6rlige omgivelser med skov og hav som kulisse. Vores popul\u00e6re Kronch-buffet serveres p\u00e5 udvalgte datoer, hvor I kan nyde&hellip;<\/p>\n","protected":false},"author":2,"featured_media":0,"parent":0,"menu_order":0,"comment_status":"closed","ping_status":"closed","template":"","meta":{"_acf_changed":false,"footnotes":""},"class_list":["post-911","page","type-page","status-publish","hentry"],"acf":[],"_links":{"self":[{"href":"https:\/\/casablanca.dev.gejststudio.com\/sjettefrederikskro\/wp-json\/wp\/v2\/pages\/911","targetHints":{"allow":["GET"]}}],"collection":[{"href":"https:\/\/casablanca.dev.gejststudio.com\/sjettefrederikskro\/wp-json\/wp\/v2\/pages"}],"about":[{"href":"https:\/\/casablanca.dev.gejststudio.com\/sjettefrederikskro\/wp-json\/wp\/v2\/types\/page"}],"author":[{"embeddable":true,"href":"https:\/\/casablanca.dev.gejststudio.com\/sjettefrederikskro\/wp-json\/wp\/v2\/users\/2"}],"replies":[{"embeddable":true,"href":"https:\/\/casablanca.dev.gejststudio.com\/sjettefrederikskro\/wp-json\/wp\/v2\/comments?post=911"}],"version-history":[{"count":17,"href":"https:\/\/casablanca.dev.gejststudio.com\/sjettefrederikskro\/wp-json\/wp\/v2\/pages\/911\/revisions"}],"predecessor-version":[{"id":2931,"href":"https:\/\/casablanca.dev.gejststudio.com\/sjettefrederikskro\/wp-json\/wp\/v2\/pages\/911\/revisions\/2931"}],"wp:attachment":[{"href":"https:\/\/casablanca.dev.gejststudio.com\/sjettefrederikskro\/wp-json\/wp\/v2\/media?parent=911"}],"curies":[{"name":"wp","href":"https:\/\/api.w.org\/{rel}","templated":true}]}}