{"id":869,"date":"2025-06-26T14:17:04","date_gmt":"2025-06-26T12:17:04","guid":{"rendered":"https:\/\/casablanca.dev.gejststudio.com\/sjettefrederikskro\/?page_id=869"},"modified":"2026-04-17T11:30:19","modified_gmt":"2026-04-17T09:30:19","slug":"kronch","status":"publish","type":"page","link":"https:\/\/casablanca.dev.gejststudio.com\/sjettefrederikskro\/kronch\/","title":{"rendered":"Kronch"},"content":{"rendered":"\n<div class=\"block-masthead relative max-w-full alignfull has-background w-full alignfull\">\n\r\n<header\r\n    data-hero\r\n    data-hero-type=\"text_and_bg\"\r\n     class='block-hero relative max-w-full alignfull has-background w-full alignfull'>\r\n\r\n    \r\n        \n<div class=\"site-padding-x pt-[var(--header-height)]\">\n    <div class=\"relative flex flex-col justify-end w-full mx-auto max-w-site-width min-h-[70vmin] sm:min-h-[60vmin] rounded overflow-hidden\">\n\n        <!-- Content -->\n        <div\n            data-hero-content\n            class=\"relative z-10 max-w-screen-xl sm:w-10\/12 module-padding-x module-padding-y text-white\"\n        >\n                            <h1 class=\"display-text\">Byens bedste Kronch-buffet<\/h1>\n                    <\/div>\n\n        <!-- Media -->\n        \n<div\n    class=\"absolute inset-x-0 top-0 h-full mx-auto\"\n    data-hero-media-outer\n    data-hero-media-should-animate=\"true\"\n>\n    <div\n        class=\"relative w-full h-full overflow-hidden bg-black rounded\"\n        data-hero-media-container\n    >\n\n        \n            <video\n                data-hero-media\n                class=\"bg-no-repeat bg-cover absolute top-0 left-0 h-full w-full object-cover scale-[1.06] blur-lg\"\n                preload=\"auto\" autoplay loop muted playsinline webkit-playsinline\n                style=\"opacity: 0.4\"\n            >\n                <source src=\"https:\/\/casablanca.dev.gejststudio.com\/sjettefrederikskro\/wp-content\/uploads\/sites\/3\/2026\/04\/Kronch-SFK-.mp4\" type=\"video\/mp4\">\n            <\/video>\n\n        \n        \n    <\/div>\n<\/div>\n\n    <\/div>\n<\/div>\n\r\n    \r\n<\/header>\r\n\n<\/div>\n\n\n\n    <section  class='block-lead-paragraph alignwide'>\n\n        <div class=\"text-xl leading-tight sm:text-3xl lg:text-4xl\">\n            L\u00f8rdag og s\u00f8ndag inviterer vi til en overd\u00e5dig Kronch-buffet i de smukke rammer ved Riis Skov med udsigt til b\u00e5de skov og bugt.<br \/>\r\nAltid med friskbagt br\u00f8d fra Mor Anna, hjemmelavede specialiteter og drikkevarer ad libitum.        <\/div>\n\n    <\/section>\n\n\n\n\n    <section  class='block-link-list alignwide'>\n\n        \n        <ol class=\"link-list\" data-list-hover-image-reveal data-animated-list>\n                            <li>\n                    <a\n                        class=\"relative block w-full py-8 duration-300 text-brand ease-in-out outline-none hover:text-brand\"\n                        href=\"#\/p\/857\"\n                        target=\"_self\"\n                        data-barba-prevent=\"self\" aria-label=\"Sjette Frederiks Kro - Tidlig Kronch\"                                                tabindex=\"0\"\n                    >\n                        <div class=\"overflow-hidden\">\n                            <div class=\"flex flex-col gap-2\" data-animated-list-text>\n                                <div class=\"flex gap-10 justify-between items-start\">\n                                    <div class=\"display-text-md\">\n                                        Tidlig Kronch                                    <\/div>\n\n                                    <div class=\"hidden md:block py-2 btn mt-2 font-sans shrink-0 text-sm\">\n                                        Se hele menuen                                    <\/div>\n                                <\/div>\n\n                                                                    <span class=\"text-sm sm:text-base lg:text-lg\">Fra kl. 09.00 til 12.00 afh\u00e6ngig af ankomsttidspunkt.<\/span>\n                                                            <\/div>\n                        <\/div>\n                    <\/a>\n                    <div class=\"w-full h-px bg-beige-300\"><\/div>\n                <\/li>\n                            <li>\n                    <a\n                        class=\"relative block w-full py-8 duration-300 text-brand ease-in-out outline-none hover:text-brand\"\n                        href=\"#\/p\/861\"\n                        target=\"_self\"\n                        data-barba-prevent=\"self\" aria-label=\"Sjette Frederiks Kro - Sen Kronch\"                                                tabindex=\"0\"\n                    >\n                        <div class=\"overflow-hidden\">\n                            <div class=\"flex flex-col gap-2\" data-animated-list-text>\n                                <div class=\"flex gap-10 justify-between items-start\">\n                                    <div class=\"display-text-md\">\n                                        Sen Kronch med frokosttwist                                    <\/div>\n\n                                    <div class=\"hidden md:block py-2 btn mt-2 font-sans shrink-0 text-sm\">\n                                        Se hele menuen                                    <\/div>\n                                <\/div>\n\n                                                                    <span class=\"text-sm sm:text-base lg:text-lg\">Fra kl. 12.00 til 15.00 afh\u00e6ngig af ankomsttidspunkt.<\/span>\n                                                            <\/div>\n                        <\/div>\n                    <\/a>\n                    <div class=\"w-full h-px bg-beige-300\"><\/div>\n                <\/li>\n                    <\/ol>\n\n    <\/section>\n\n\n\n\n\n    <section  class='block-text-and-media alignwide'>\n        <div class=\"block-inner-container grid grid-cols-1 gap-y-5 gap-x-[8vmin] md:grid-cols-2\">\n\n            <!-- Content-->\n            <div class=\"col-span-1 flex flex-col gap-5 md:gap-12 md:w-11\/12 text-left\">\n                                    <h2 class=\"display-text-md text-brand\">\n                        Klar til jeres bes\u00f8g                    <\/h2>\n                \n                                    <div class=\"flex flex-col gap-5 md:gap-6\">\n                                                    <div class=\"wysiwyg-formatting\">\n                                <ul>\n<li>I Kronch-buffeten kan du nemt se, hvilke retter der er glutenfri, laktosefri og veganske.<\/li>\n<li>\u00d8nskes glutenfrit br\u00f8d, skriv det i bem\u00e6rkningen, n\u00e5r du booker bord.<\/li>\n<li>Det er muligt at booke bord ca. 6 uger frem. Hvis en dato ikke viser ledige tidspunkter, er den enten fuldt booket eller endnu ikke frigivet.<\/li>\n<li>Der er ikke mulighed for gavebord og taler.<\/li>\n<li>B\u00f8rn under 2 \u00e5r er gratis.<\/li>\n<li>B\u00f8rn under 6 \u00e5r er halv pris.<\/li>\n<li>Ved booking over 14 personer, kontakt os venligst pr. e-mail.<\/li>\n<\/ul>\n                            <\/div>\n                        \n                                                    \n\t\t\t\t<a href=\"mailto:kontakt@sjettefrederikskro.dk?subject=Kronch%20til%20flere%20end%2014%20personer&#038;body=Angiv%20venligst%20f%C3%B8lgende%3A%0A%0D%0A-%20Anledning%3A%0A%0D%0A-%20Antal%20g%C3%A6ster%3A%0A%0D%0A-%20Dato%3A%0A%0D%0A-%20Kontaktoplysninger%3A%0A%0D%0A-%20Hvorn%C3%A5r%20kan%20vi%20tr%C3%A6ffe%20jer%3A\" target=\"_self\"  class=\"max-w-fit btn \">\n                    Kontakt ang. booking til over 14 personer\n\t\t\t\t<\/a>\n\t\t\t                                            <\/div>\n                \n                            <\/div>\n\n            <!-- Media -->\n            <div class=\" md:order-last\">\n                    <figure class=\"relative flex items-center h-full w-full overflow-hidden rounded aspect-video\">\n\n        \n            <img loading=\"lazy\" decoding=\"async\" width=\"1280\" height=\"928\" src=\"https:\/\/casablanca.dev.gejststudio.com\/sjettefrederikskro\/wp-content\/uploads\/sites\/3\/2025\/06\/20241006_064005257_iOS_cropped-1280x928.jpg\" class=\"w-full h-full object-cover\" alt=\"\" srcset=\"https:\/\/casablanca.dev.gejststudio.com\/sjettefrederikskro\/wp-content\/uploads\/sites\/3\/2025\/06\/20241006_064005257_iOS_cropped-1280x928.jpg 1280w, https:\/\/casablanca.dev.gejststudio.com\/sjettefrederikskro\/wp-content\/uploads\/sites\/3\/2025\/06\/20241006_064005257_iOS_cropped-768x557.jpg 768w, https:\/\/casablanca.dev.gejststudio.com\/sjettefrederikskro\/wp-content\/uploads\/sites\/3\/2025\/06\/20241006_064005257_iOS_cropped-1536x1113.jpg 1536w, https:\/\/casablanca.dev.gejststudio.com\/sjettefrederikskro\/wp-content\/uploads\/sites\/3\/2025\/06\/20241006_064005257_iOS_cropped-2048x1484.jpg 2048w\" sizes=\"auto, (max-width: 1280px) 100vw, 1280px\" \/>\n        \n        \n    <\/figure>\n            <\/div>\n\n        <\/div>\n    <\/section>\n\n\n\n\n    <div  class='block-cta relative alignfull has-background bg-brand-bg text-white alignwide'>\n        <div class=\"block-inner-container\">\n\n            <div class=\"relative flex flex-col items-center justify-center text-center gap-5 lg:gap-8 w-full mx-auto max-w-site-width site-padding-x py-[5vmin]\">\n                                    <h2 class=\"display-text max-w-screen-lg text-white\">\n                        Book bord                     <\/h2>\n                \n                                    <div class=\"w-11\/12 max-w-md\">\n                        Nyd byens bedste Kronch med dem, du holder af.                    <\/div>\n                \n                                    <div x-data={} class=\"flex gap-x-4 gap-y-2 flex-wrap\">\n\t\t\t\t<a href=\"https:\/\/sjettefrederikskro.booketbord.dk\/onlinebooking\" target=\"_blank\" rel=\"nofollow noopener\" class=\"max-w-fit btn-white \">\n                    Book bord\n\t\t\t\t<\/a>\n\t\t\t<\/div>                            <\/div>\n\n        <\/div>\n    <\/div>\n\n\n\n\n    <div  class='block-cta relative alignfull has-background alignwide'>\n        <div class=\"block-inner-container\">\n\n            <div class=\"relative flex flex-col items-center justify-center text-center gap-5 lg:gap-8 w-full mx-auto max-w-site-width site-padding-x py-[5vmin]\">\n                \n                                    <div class=\"w-11\/12 max-w-md\">\n                        Vi tilbyder Kronch i eget lokale for selskaber med minimum 48 g\u00e6ster.                    <\/div>\n                \n                                    <div x-data={} class=\"flex gap-x-4 gap-y-2 flex-wrap\">\n\t\t\t\t<a href=\"https:\/\/casablanca.dev.gejststudio.com\/sjettefrederikskro\/kronch-i-eget-lokale\/\" target=\"_self\"  class=\"max-w-fit btn \">\n                    L\u00e6s mere her\n\t\t\t\t<\/a>\n\t\t\t<\/div>                            <\/div>\n\n        <\/div>\n    <\/div>\n\n\n\n\n\n    <section  class='block-text-and-media alignwide'>\n        <div class=\"block-inner-container grid grid-cols-1 gap-y-5 gap-x-[8vmin] md:grid-cols-2\">\n\n            <!-- Content-->\n            <div class=\"col-span-1 flex flex-col gap-5 md:gap-12 md:w-11\/12 text-left\">\n                                    <h2 class=\"display-text-md text-brand\">\n                        Fem af seks stjerner i \u00c5rhus Stiftstidende                    <\/h2>\n                \n                                    <div class=\"flex flex-col gap-5 md:gap-6\">\n                                                    <div class=\"wysiwyg-formatting\">\n                                <p><em>&#8220;Det her m\u00e5 v\u00e6re Aarhus\u2019 mest idylliske brunchsted.<\/em><\/p>\n<p><em>Krostuen er elegant indrettet med douche farer, marmor, god plads mellem bordene og behagelige stole, hvor man har lyst til at sidde i timer og tage sig god tid om maden, drikke kaffe, snakke og drikke lidt mere kaffe.<\/em><\/p>\n<p><em>S\u00e5 det gjorde vi: n\u00f8d to timers all inclusive-brunch [\u2026] best\u00e5ende af en imponerende r\u00e6kke delikatesser, suver\u00e6ne salater og s\u00f8de sager.<\/em><\/p>\n<p><em>V\u00e6rd at n\u00e6vne er ogs\u00e5, at \u00e6ggene var kogt perfekt, at rugbr\u00f8det var lunt og svampet, bollerne luftige og hindb\u00e6rsnitterne formentligt byens bedste.\u201d<\/em><\/p>\n                            <\/div>\n                        \n                                                    \n\t\t\t\t<a href=\"https:\/\/stiften.dk\/mad\/5-stjerner-det-her-maa-vaere-aarhus-mest-idylliske-brunchsted\" target=\"_blank\" rel=\"nofollow noopener\" class=\"max-w-fit btn \">\n                    L\u00e6s anmeldelsen\n\t\t\t\t<\/a>\n\t\t\t                                            <\/div>\n                \n                            <\/div>\n\n            <!-- Media -->\n            <div class=\" md:order-last\">\n                    <figure class=\"relative flex items-center h-full w-full overflow-hidden rounded aspect-video\">\n\n        \n            <img loading=\"lazy\" decoding=\"async\" width=\"1280\" height=\"807\" src=\"https:\/\/casablanca.dev.gejststudio.com\/sjettefrederikskro\/wp-content\/uploads\/sites\/3\/2025\/06\/20241006_063301515_iOS_cropped-1280x807.jpg\" class=\"w-full h-full object-cover\" alt=\"\" srcset=\"https:\/\/casablanca.dev.gejststudio.com\/sjettefrederikskro\/wp-content\/uploads\/sites\/3\/2025\/06\/20241006_063301515_iOS_cropped-1280x807.jpg 1280w, https:\/\/casablanca.dev.gejststudio.com\/sjettefrederikskro\/wp-content\/uploads\/sites\/3\/2025\/06\/20241006_063301515_iOS_cropped-768x484.jpg 768w, https:\/\/casablanca.dev.gejststudio.com\/sjettefrederikskro\/wp-content\/uploads\/sites\/3\/2025\/06\/20241006_063301515_iOS_cropped-1536x969.jpg 1536w, https:\/\/casablanca.dev.gejststudio.com\/sjettefrederikskro\/wp-content\/uploads\/sites\/3\/2025\/06\/20241006_063301515_iOS_cropped-2048x1291.jpg 2048w\" sizes=\"auto, (max-width: 1280px) 100vw, 1280px\" \/>\n        \n        \n    <\/figure>\n            <\/div>\n\n        <\/div>\n    <\/section>\n\n","protected":false},"excerpt":{"rendered":"","protected":false},"author":2,"featured_media":0,"parent":0,"menu_order":0,"comment_status":"closed","ping_status":"closed","template":"","meta":{"_acf_changed":false,"footnotes":""},"class_list":["post-869","page","type-page","status-publish","hentry"],"acf":[],"_links":{"self":[{"href":"https:\/\/casablanca.dev.gejststudio.com\/sjettefrederikskro\/wp-json\/wp\/v2\/pages\/869","targetHints":{"allow":["GET"]}}],"collection":[{"href":"https:\/\/casablanca.dev.gejststudio.com\/sjettefrederikskro\/wp-json\/wp\/v2\/pages"}],"about":[{"href":"https:\/\/casablanca.dev.gejststudio.com\/sjettefrederikskro\/wp-json\/wp\/v2\/types\/page"}],"author":[{"embeddable":true,"href":"https:\/\/casablanca.dev.gejststudio.com\/sjettefrederikskro\/wp-json\/wp\/v2\/users\/2"}],"replies":[{"embeddable":true,"href":"https:\/\/casablanca.dev.gejststudio.com\/sjettefrederikskro\/wp-json\/wp\/v2\/comments?post=869"}],"version-history":[{"count":56,"href":"https:\/\/casablanca.dev.gejststudio.com\/sjettefrederikskro\/wp-json\/wp\/v2\/pages\/869\/revisions"}],"predecessor-version":[{"id":2967,"href":"https:\/\/casablanca.dev.gejststudio.com\/sjettefrederikskro\/wp-json\/wp\/v2\/pages\/869\/revisions\/2967"}],"wp:attachment":[{"href":"https:\/\/casablanca.dev.gejststudio.com\/sjettefrederikskro\/wp-json\/wp\/v2\/media?parent=869"}],"curies":[{"name":"wp","href":"https:\/\/api.w.org\/{rel}","templated":true}]}}