{"id":66,"date":"2025-06-19T07:53:40","date_gmt":"2025-06-19T05:53:40","guid":{"rendered":"https:\/\/casablanca.dev.gejststudio.com\/sjettefrederikskro\/?page_id=66"},"modified":"2026-04-21T13:55:24","modified_gmt":"2026-04-21T11:55:24","slug":"om-sjette-frederiks-kro","status":"publish","type":"page","link":"https:\/\/casablanca.dev.gejststudio.com\/sjettefrederikskro\/om-sjette-frederiks-kro\/","title":{"rendered":"Om Sjette Frederiks Kro"},"content":{"rendered":"\n<div class=\"block-masthead relative max-w-full alignfull has-background w-full alignfull\">\n\r\n<header\r\n    data-hero\r\n    data-hero-type=\"text_and_bg\"\r\n     class='block-hero relative max-w-full alignfull has-background w-full alignfull'>\r\n\r\n    \r\n        \n<div class=\"site-padding-x pt-[var(--header-height)]\">\n    <div class=\"relative flex flex-col justify-end w-full mx-auto max-w-site-width min-h-[70vmin] sm:min-h-[60vmin] rounded overflow-hidden\">\n\n        <!-- Content -->\n        <div\n            data-hero-content\n            class=\"relative z-10 max-w-screen-xl sm:w-10\/12 module-padding-x module-padding-y text-white\"\n        >\n                            <h1 class=\"display-text\">Om Sjette Frederiks Kro<\/h1>\n                    <\/div>\n\n        <!-- Media -->\n        \n<div\n    class=\"absolute inset-x-0 top-0 h-full mx-auto\"\n    data-hero-media-outer\n    data-hero-media-should-animate=\"true\"\n>\n    <div\n        class=\"relative w-full h-full overflow-hidden bg-black rounded\"\n        data-hero-media-container\n    >\n\n        \n            <img loading=\"lazy\" decoding=\"async\" width=\"2560\" height=\"1707\" src=\"https:\/\/casablanca.dev.gejststudio.com\/sjettefrederikskro\/wp-content\/uploads\/sites\/3\/2025\/08\/Aug-2016_013-2560x1707.jpg\" class=\"absolute top-0 left-0 h-full w-full object-cover scale-[1.06] blur-lg\" alt=\"\" style=\"opacity: 0.4;\" data-hero-media=\"true\" srcset=\"https:\/\/casablanca.dev.gejststudio.com\/sjettefrederikskro\/wp-content\/uploads\/sites\/3\/2025\/08\/Aug-2016_013-2560x1707.jpg 2560w, https:\/\/casablanca.dev.gejststudio.com\/sjettefrederikskro\/wp-content\/uploads\/sites\/3\/2025\/08\/Aug-2016_013-1280x853.jpg 1280w, https:\/\/casablanca.dev.gejststudio.com\/sjettefrederikskro\/wp-content\/uploads\/sites\/3\/2025\/08\/Aug-2016_013-768x512.jpg 768w, https:\/\/casablanca.dev.gejststudio.com\/sjettefrederikskro\/wp-content\/uploads\/sites\/3\/2025\/08\/Aug-2016_013-1536x1024.jpg 1536w, https:\/\/casablanca.dev.gejststudio.com\/sjettefrederikskro\/wp-content\/uploads\/sites\/3\/2025\/08\/Aug-2016_013-2048x1365.jpg 2048w\" sizes=\"auto, (max-width: 2560px) 100vw, 2560px\" \/>\n        \n        \n    <\/div>\n<\/div>\n\n    <\/div>\n<\/div>\n\r\n    \r\n<\/header>\r\n\n<\/div>\n\n\n\n<h2 class=\"wp-block-heading alignwide\">En historisk perle midt i Riis Skov<\/h2>\n\n\n\n    <section  class='block-lead-paragraph alignwide'>\n\n        <div class=\"text-xl leading-tight sm:text-3xl lg:text-4xl\">\n            Sjette Frederiks Kro ligger midt i Riis Skov med panoramaudsigt over Aarhusbugten \u2013 kun 3 km fra Aarhus C. Den historiske kro fra 1826 emmer af charme og \u00e6gte krostemning.        <\/div>\n\n    <\/section>\n\n\n\n\n\n    <section  class='block-text-and-media alignwide'>\n        <div class=\"block-inner-container grid grid-cols-1 gap-y-5 gap-x-[8vmin] md:grid-cols-2\">\n\n            <!-- Content-->\n            <div class=\"col-span-1 flex flex-col gap-5 md:gap-12 md:w-11\/12 text-left\">\n                                    <h2 class=\"display-text-md text-brand\">\n                        Moderne kromad med respekt for h\u00e5ndv\u00e6rket                    <\/h2>\n                \n                                    <div class=\"flex flex-col gap-5 md:gap-6\">\n                                                    <div class=\"wysiwyg-formatting\">\n                                <p data-start=\"1064\" data-end=\"1305\">I k\u00f8kkenet st\u00e5r Steffen Villadsen, h\u00e6dret som Escoffiers Disciple, klar med moderne kro-mad lavet fra bunden \u2013 med k\u00e6rlighed til h\u00e5ndv\u00e6rket. Alt laves fra bunden med s\u00e6sonens bedste r\u00e5varer, og menuerne udvikles l\u00f8bende med \u00f8je for b\u00e5de det klassiske og det kreative.<\/p>\n<p data-start=\"1307\" data-end=\"1402\">Maden er jordn\u00e6r, \u00e6rlig og smukt anrettet \u2013 det er mad, der er til at forst\u00e5, og som v\u00e6kker sanserne.<\/p>\n                            <\/div>\n                        \n                                            <\/div>\n                \n                            <\/div>\n\n            <!-- Media -->\n            <div class=\" order-last  md:order-first\">\n                    <figure class=\"relative flex items-center h-full w-full overflow-hidden rounded aspect-video\">\n\n        \n            <img loading=\"lazy\" decoding=\"async\" width=\"1280\" height=\"1180\" src=\"https:\/\/casablanca.dev.gejststudio.com\/sjettefrederikskro\/wp-content\/uploads\/sites\/3\/2025\/06\/0ab1fb8d049f59514db5603b7227eb5dcd3c4ab5-1280x1180.jpg\" class=\"w-full h-full object-cover\" alt=\"\" srcset=\"https:\/\/casablanca.dev.gejststudio.com\/sjettefrederikskro\/wp-content\/uploads\/sites\/3\/2025\/06\/0ab1fb8d049f59514db5603b7227eb5dcd3c4ab5-1280x1180.jpg 1280w, https:\/\/casablanca.dev.gejststudio.com\/sjettefrederikskro\/wp-content\/uploads\/sites\/3\/2025\/06\/0ab1fb8d049f59514db5603b7227eb5dcd3c4ab5-768x708.jpg 768w, https:\/\/casablanca.dev.gejststudio.com\/sjettefrederikskro\/wp-content\/uploads\/sites\/3\/2025\/06\/0ab1fb8d049f59514db5603b7227eb5dcd3c4ab5-1536x1416.jpg 1536w, https:\/\/casablanca.dev.gejststudio.com\/sjettefrederikskro\/wp-content\/uploads\/sites\/3\/2025\/06\/0ab1fb8d049f59514db5603b7227eb5dcd3c4ab5.jpg 1960w\" sizes=\"auto, (max-width: 1280px) 100vw, 1280px\" \/>\n        \n        \n    <\/figure>\n            <\/div>\n\n        <\/div>\n    <\/section>\n\n\n\n\n\n    <section  class='block-text-and-media alignwide'>\n        <div class=\"block-inner-container grid grid-cols-1 gap-y-5 gap-x-[8vmin] md:grid-cols-2\">\n\n            <!-- Content-->\n            <div class=\"col-span-1 flex flex-col gap-5 md:gap-12 md:w-11\/12 text-left\">\n                                    <h2 class=\"display-text-md text-brand\">\n                        En del af Casablanca familien                    <\/h2>\n                \n                                    <div class=\"flex flex-col gap-5 md:gap-6\">\n                                                    <div class=\"wysiwyg-formatting\">\n                                <p>Foruden Sjette Frederiks Kro best\u00e5r Casablanca Familien af Casablanca p\u00e5 Rosensgade i Aarhus, Tangkroen ved Tangkrogen samt Bageri Mor Anna i Latinerkvarteret i Aarhus. I Casablanca Familien \u00f8nsker vi at overraske med fantastisk v\u00e6rtskab, god service, unikke rammer og l\u00e6kker mad. Ejer er J\u00f8rgen Danielsen.<\/p>\n                            <\/div>\n                        \n                                            <\/div>\n                \n                            <\/div>\n\n            <!-- Media -->\n            <div class=\" md:order-last\">\n                    <figure class=\"relative flex items-center h-full w-full overflow-hidden rounded aspect-video\">\n\n        \n            <img loading=\"lazy\" decoding=\"async\" width=\"1280\" height=\"853\" src=\"https:\/\/casablanca.dev.gejststudio.com\/sjettefrederikskro\/wp-content\/uploads\/sites\/3\/2025\/06\/joergens-herremiddag-fotos-4-1280x853.jpg\" class=\"w-full h-full object-cover\" alt=\"\" srcset=\"https:\/\/casablanca.dev.gejststudio.com\/sjettefrederikskro\/wp-content\/uploads\/sites\/3\/2025\/06\/joergens-herremiddag-fotos-4-1280x853.jpg 1280w, https:\/\/casablanca.dev.gejststudio.com\/sjettefrederikskro\/wp-content\/uploads\/sites\/3\/2025\/06\/joergens-herremiddag-fotos-4-768x512.jpg 768w, https:\/\/casablanca.dev.gejststudio.com\/sjettefrederikskro\/wp-content\/uploads\/sites\/3\/2025\/06\/joergens-herremiddag-fotos-4-1536x1024.jpg 1536w, https:\/\/casablanca.dev.gejststudio.com\/sjettefrederikskro\/wp-content\/uploads\/sites\/3\/2025\/06\/joergens-herremiddag-fotos-4-2048x1365.jpg 2048w\" sizes=\"auto, (max-width: 1280px) 100vw, 1280px\" \/>\n        \n        \n    <\/figure>\n            <\/div>\n\n        <\/div>\n    <\/section>\n\n\n\n\n    <section  class='block-media-carousel  has-background bg-brand-bg text-white alignwide' data-media-carousel data-auto-scroll=\"false\">\n        <div class=\"block-inner-container\">\n\n            \n<div class=\"grid grid-cols-1 gap-y-5 gap-x-[8vmin] justify-between mb-8 lg:mb-12  md:grid-cols-2\">\n            <h2 class=\"display-text-md sm:max-w-[90%] text-white\">\n            Kom forbi \u2013 og bliv en del af historien        <\/h2>\n    \n            <div class=\"flex flex-col gap-3 md:gap-4 \">\n                            <p class=\"leading-normal max-w-2xl\">\n                    Hver g\u00e6st hos os er en del af den fort\u00e6lling, der g\u00f8r Sjette Frederiks Kro til noget helt s\u00e6rligt i Aarhus. Hvad enten du kommer for Kronch, en romantisk middag eller en fest for livet \u2013 s\u00e5 gl\u00e6der vi os til at byde dig velkommen.                <\/p>\n            \n                            \n\t\t\t\t<a href=\"https:\/\/casablanca.dev.gejststudio.com\/sjettefrederikskro\/galleri\/\" target=\"_self\"  class=\"max-w-fit btn-white \">\n                    Se flere billeder\n\t\t\t\t<\/a>\n\t\t\t                    <\/div>\n    <\/div>\n\n            <div class=\"splide\" role=\"group\" data-splide-carousel>\n                <div class=\"!overflow-visible splide__track\">\n                    <div class=\"splide__list\">\n                        \n                            <figure class=\"splide__slide flex flex-col max-h-[60vh] max-w-[75%] sm:max-w-[50%] !mr-3 sm:!mr-5 lg:!mr-8 \">\n                                <div class=\"splide__slide__container overflow-hidden\">\n                                        <figure class=\"relative flex items-center h-full w-full overflow-hidden rounded \">\n\n        \n            <img loading=\"lazy\" decoding=\"async\" width=\"1280\" height=\"670\" src=\"https:\/\/casablanca.dev.gejststudio.com\/sjettefrederikskro\/wp-content\/uploads\/sites\/3\/2025\/06\/2023.06.24-Ministudiet-RandiKasper-bryllup-1095-e1756296265813-1280x670.jpg\" class=\"w-full h-full object-cover rounded-lg\" alt=\"\" srcset=\"https:\/\/casablanca.dev.gejststudio.com\/sjettefrederikskro\/wp-content\/uploads\/sites\/3\/2025\/06\/2023.06.24-Ministudiet-RandiKasper-bryllup-1095-e1756296265813-1280x670.jpg 1280w, https:\/\/casablanca.dev.gejststudio.com\/sjettefrederikskro\/wp-content\/uploads\/sites\/3\/2025\/06\/2023.06.24-Ministudiet-RandiKasper-bryllup-1095-e1756296265813-768x402.jpg 768w, https:\/\/casablanca.dev.gejststudio.com\/sjettefrederikskro\/wp-content\/uploads\/sites\/3\/2025\/06\/2023.06.24-Ministudiet-RandiKasper-bryllup-1095-e1756296265813-1536x804.jpg 1536w, https:\/\/casablanca.dev.gejststudio.com\/sjettefrederikskro\/wp-content\/uploads\/sites\/3\/2025\/06\/2023.06.24-Ministudiet-RandiKasper-bryllup-1095-e1756296265813.jpg 1600w\" sizes=\"auto, (max-width: 1280px) 100vw, 1280px\" \/>\n        \n        \n    <\/figure>\n                                <\/div>\n\n                                                            <\/figure>\n\n                        \n                            <figure class=\"splide__slide flex flex-col max-h-[60vh] max-w-[75%] sm:max-w-[50%] !mr-3 sm:!mr-5 lg:!mr-8 \">\n                                <div class=\"splide__slide__container overflow-hidden\">\n                                        <figure class=\"relative flex items-center h-full w-full overflow-hidden rounded \">\n\n        \n            <img loading=\"lazy\" decoding=\"async\" width=\"772\" height=\"772\" src=\"https:\/\/casablanca.dev.gejststudio.com\/sjettefrederikskro\/wp-content\/uploads\/sites\/3\/2025\/06\/image00005.jpeg\" class=\"w-full h-full object-cover rounded-lg\" alt=\"\" srcset=\"https:\/\/casablanca.dev.gejststudio.com\/sjettefrederikskro\/wp-content\/uploads\/sites\/3\/2025\/06\/image00005.jpeg 772w, https:\/\/casablanca.dev.gejststudio.com\/sjettefrederikskro\/wp-content\/uploads\/sites\/3\/2025\/06\/image00005-384x384.jpeg 384w, https:\/\/casablanca.dev.gejststudio.com\/sjettefrederikskro\/wp-content\/uploads\/sites\/3\/2025\/06\/image00005-768x768.jpeg 768w\" sizes=\"auto, (max-width: 772px) 100vw, 772px\" \/>\n        \n        \n    <\/figure>\n                                <\/div>\n\n                                                            <\/figure>\n\n                        \n                            <figure class=\"splide__slide flex flex-col max-h-[60vh] max-w-[75%] sm:max-w-[50%] !mr-3 sm:!mr-5 lg:!mr-8 \">\n                                <div class=\"splide__slide__container overflow-hidden\">\n                                        <figure class=\"relative flex items-center h-full w-full overflow-hidden rounded \">\n\n        \n            <img loading=\"lazy\" decoding=\"async\" width=\"1280\" height=\"853\" src=\"https:\/\/casablanca.dev.gejststudio.com\/sjettefrederikskro\/wp-content\/uploads\/sites\/3\/2025\/08\/BryllupSjetteFrederiksKro-03-1280x853.jpg\" class=\"w-full h-full object-cover rounded-lg\" alt=\"\" srcset=\"https:\/\/casablanca.dev.gejststudio.com\/sjettefrederikskro\/wp-content\/uploads\/sites\/3\/2025\/08\/BryllupSjetteFrederiksKro-03-1280x853.jpg 1280w, https:\/\/casablanca.dev.gejststudio.com\/sjettefrederikskro\/wp-content\/uploads\/sites\/3\/2025\/08\/BryllupSjetteFrederiksKro-03-768x512.jpg 768w, https:\/\/casablanca.dev.gejststudio.com\/sjettefrederikskro\/wp-content\/uploads\/sites\/3\/2025\/08\/BryllupSjetteFrederiksKro-03-1536x1024.jpg 1536w, https:\/\/casablanca.dev.gejststudio.com\/sjettefrederikskro\/wp-content\/uploads\/sites\/3\/2025\/08\/BryllupSjetteFrederiksKro-03-2048x1365.jpg 2048w\" sizes=\"auto, (max-width: 1280px) 100vw, 1280px\" \/>\n        \n        \n    <\/figure>\n                                <\/div>\n\n                                                            <\/figure>\n\n                        \n                            <figure class=\"splide__slide flex flex-col max-h-[60vh] max-w-[75%] sm:max-w-[50%] !mr-3 sm:!mr-5 lg:!mr-8 \">\n                                <div class=\"splide__slide__container overflow-hidden\">\n                                        <figure class=\"relative flex items-center h-full w-full overflow-hidden rounded \">\n\n        \n            <img loading=\"lazy\" decoding=\"async\" width=\"1280\" height=\"853\" src=\"https:\/\/casablanca.dev.gejststudio.com\/sjettefrederikskro\/wp-content\/uploads\/sites\/3\/2025\/08\/SFK-bryllup-fotos-208-1280x853.jpg\" class=\"w-full h-full object-cover rounded-lg\" alt=\"\" srcset=\"https:\/\/casablanca.dev.gejststudio.com\/sjettefrederikskro\/wp-content\/uploads\/sites\/3\/2025\/08\/SFK-bryllup-fotos-208-1280x853.jpg 1280w, https:\/\/casablanca.dev.gejststudio.com\/sjettefrederikskro\/wp-content\/uploads\/sites\/3\/2025\/08\/SFK-bryllup-fotos-208-768x512.jpg 768w, https:\/\/casablanca.dev.gejststudio.com\/sjettefrederikskro\/wp-content\/uploads\/sites\/3\/2025\/08\/SFK-bryllup-fotos-208-1536x1024.jpg 1536w, https:\/\/casablanca.dev.gejststudio.com\/sjettefrederikskro\/wp-content\/uploads\/sites\/3\/2025\/08\/SFK-bryllup-fotos-208-2048x1365.jpg 2048w\" sizes=\"auto, (max-width: 1280px) 100vw, 1280px\" \/>\n        \n        \n    <\/figure>\n                                <\/div>\n\n                                                            <\/figure>\n\n                                            <\/div>\n                <\/div>\n\n                                    <div class=\"flex items-center justify-end mt-4\">\n                        <!-- Arrows -->\n                        <div class=\"flex items-center justify-center gap-2 splide__arrows\">\n                            <div role=\"button\" tabindex=\"0\" class=\"group flex items-center justify-center size-10 border border-current rounded-full cursor-pointer splide__arrow splide__arrow--prev\">\n                                <svg class=\"w-3 duration-200 ease-in-out group-hover:-translate-x-0.5\" xmlns=\"http:\/\/www.w3.org\/2000\/svg\" viewBox=\"0 0 13 13\">\n                                    <path d=\"M12.2 6.6H1m5.6 5.6L1 6.6 6.6 1\" stroke=\"currentColor\" fill=\"none\" fill-rule=\"evenodd\" stroke-linecap=\"round\" stroke-linejoin=\"round\"\/>\n                                <\/svg>\n                            <\/div>\n\n                            <div role=\"button\" tabindex=\"0\" class=\"group flex items-center justify-center size-10 border border-current rounded-full cursor-pointer splide__arrow splide__arrow--next\">\n                                <svg class=\"w-3 duration-200 ease-in-out group-hover:translate-x-0.5\" xmlns=\"http:\/\/www.w3.org\/2000\/svg\" viewBox=\"0 0 13 13\">\n                                    <path d=\"M1 6.6h11.2M6.6 1l5.6 5.6-5.6 5.6\" stroke=\"currentColor\" fill=\"none\" fill-rule=\"evenodd\" stroke-linecap=\"round\" stroke-linejoin=\"round\"\/>\n                                <\/svg>\n                            <\/div>\n                        <\/div>\n                    <\/div>\n                            <\/div>\n\n        <\/div>\n    <\/section>\n\n","protected":false},"excerpt":{"rendered":"<p>En historisk perle midt i Riis Skov<\/p>\n","protected":false},"author":1,"featured_media":0,"parent":0,"menu_order":0,"comment_status":"closed","ping_status":"closed","template":"","meta":{"_acf_changed":false,"footnotes":""},"class_list":["post-66","page","type-page","status-publish","hentry"],"acf":[],"_links":{"self":[{"href":"https:\/\/casablanca.dev.gejststudio.com\/sjettefrederikskro\/wp-json\/wp\/v2\/pages\/66","targetHints":{"allow":["GET"]}}],"collection":[{"href":"https:\/\/casablanca.dev.gejststudio.com\/sjettefrederikskro\/wp-json\/wp\/v2\/pages"}],"about":[{"href":"https:\/\/casablanca.dev.gejststudio.com\/sjettefrederikskro\/wp-json\/wp\/v2\/types\/page"}],"author":[{"embeddable":true,"href":"https:\/\/casablanca.dev.gejststudio.com\/sjettefrederikskro\/wp-json\/wp\/v2\/users\/1"}],"replies":[{"embeddable":true,"href":"https:\/\/casablanca.dev.gejststudio.com\/sjettefrederikskro\/wp-json\/wp\/v2\/comments?post=66"}],"version-history":[{"count":23,"href":"https:\/\/casablanca.dev.gejststudio.com\/sjettefrederikskro\/wp-json\/wp\/v2\/pages\/66\/revisions"}],"predecessor-version":[{"id":2997,"href":"https:\/\/casablanca.dev.gejststudio.com\/sjettefrederikskro\/wp-json\/wp\/v2\/pages\/66\/revisions\/2997"}],"wp:attachment":[{"href":"https:\/\/casablanca.dev.gejststudio.com\/sjettefrederikskro\/wp-json\/wp\/v2\/media?parent=66"}],"curies":[{"name":"wp","href":"https:\/\/api.w.org\/{rel}","templated":true}]}}