{"id":1610,"date":"2025-06-26T11:08:55","date_gmt":"2025-06-26T09:08:55","guid":{"rendered":"https:\/\/casablanca.dev.gejststudio.com\/sjettefrederikskro\/?page_id=1610"},"modified":"2026-04-21T14:00:42","modified_gmt":"2026-04-21T12:00:42","slug":"kontakt-og-abningstider","status":"publish","type":"page","link":"https:\/\/casablanca.dev.gejststudio.com\/sjettefrederikskro\/kontakt-og-abningstider\/","title":{"rendered":"Kontakt og \u00e5bningstider"},"content":{"rendered":"\n<div class=\"block-masthead relative max-w-full alignfull has-background w-full alignfull\">\n\r\n<header\r\n    data-hero\r\n    data-hero-type=\"text_and_bg\"\r\n     class='block-hero relative max-w-full alignfull has-background w-full alignfull'>\r\n\r\n    \r\n        \n<div class=\"site-padding-x pt-[var(--header-height)]\">\n    <div class=\"relative flex flex-col justify-end w-full mx-auto max-w-site-width min-h-[70vmin] sm:min-h-[60vmin] rounded overflow-hidden\">\n\n        <!-- Content -->\n        <div\n            data-hero-content\n            class=\"relative z-10 max-w-screen-xl sm:w-10\/12 module-padding-x module-padding-y text-white\"\n        >\n                            <h1 class=\"display-text\">Kontakt og \u00e5bningstider<\/h1>\n                    <\/div>\n\n        <!-- Media -->\n        \n<div\n    class=\"absolute inset-x-0 top-0 h-full mx-auto\"\n    data-hero-media-outer\n    data-hero-media-should-animate=\"true\"\n>\n    <div\n        class=\"relative w-full h-full overflow-hidden bg-black rounded\"\n        data-hero-media-container\n    >\n\n        \n            <img loading=\"lazy\" decoding=\"async\" width=\"1536\" height=\"1707\" src=\"https:\/\/casablanca.dev.gejststudio.com\/sjettefrederikskro\/wp-content\/uploads\/sites\/3\/2025\/06\/20250518_074215166_iOS-e1776772617256.jpg\" class=\"absolute top-0 left-0 h-full w-full object-cover scale-[1.06] blur-lg\" alt=\"\" style=\"opacity: 0.4;\" data-hero-media=\"true\" srcset=\"https:\/\/casablanca.dev.gejststudio.com\/sjettefrederikskro\/wp-content\/uploads\/sites\/3\/2025\/06\/20250518_074215166_iOS-e1776772617256.jpg 1536w, https:\/\/casablanca.dev.gejststudio.com\/sjettefrederikskro\/wp-content\/uploads\/sites\/3\/2025\/06\/20250518_074215166_iOS-e1776772617256-1152x1280.jpg 1152w, https:\/\/casablanca.dev.gejststudio.com\/sjettefrederikskro\/wp-content\/uploads\/sites\/3\/2025\/06\/20250518_074215166_iOS-e1776772617256-768x854.jpg 768w, https:\/\/casablanca.dev.gejststudio.com\/sjettefrederikskro\/wp-content\/uploads\/sites\/3\/2025\/06\/20250518_074215166_iOS-e1776772617256-1382x1536.jpg 1382w, https:\/\/casablanca.dev.gejststudio.com\/sjettefrederikskro\/wp-content\/uploads\/sites\/3\/2025\/06\/20250518_074215166_iOS-e1776772617256-691x768.jpg 691w\" sizes=\"auto, (max-width: 1536px) 100vw, 1536px\" \/>\n        \n        \n    <\/div>\n<\/div>\n\n    <\/div>\n<\/div>\n\r\n    \r\n<\/header>\r\n\n<\/div>\n\n\n\n\n    <section  class='block-text-and-media alignwide'>\n        <div class=\"block-inner-container grid grid-cols-1 gap-y-5 gap-x-[8vmin] md:grid-cols-2\">\n\n            <!-- Content-->\n            <div class=\"col-span-1 flex flex-col gap-5 md:gap-12 md:w-11\/12 text-left\">\n                                    <h2 class=\"display-text-md text-brand\">\n                        Information                    <\/h2>\n                \n                                    <div class=\"flex flex-col gap-5 md:gap-6\">\n                                                    <div class=\"wysiwyg-formatting\">\n                                <p>Salonvejen 1<br \/>\n8240 Risskov<\/p>\n<p>Telefon: 86 16 14 00<br \/>\nE-mail: <a href=\"mailto:kontakt@sjettefrederikskro.dk\">kontakt@sjettefrederikskro.dk<\/a><\/p>\n<p><small>Angiv venligst telefonnummer ved foresp\u00f8rgsel om booking.<\/small><\/p>\n                            <\/div>\n                        \n                                            <\/div>\n                \n                            <\/div>\n\n            <!-- Media -->\n            <div class=\" md:order-last\">\n                    <figure class=\"relative flex items-center h-full w-full overflow-hidden rounded aspect-video\">\n\n        \n            <img loading=\"lazy\" decoding=\"async\" width=\"1280\" height=\"720\" src=\"https:\/\/casablanca.dev.gejststudio.com\/sjettefrederikskro\/wp-content\/uploads\/sites\/3\/2025\/08\/2023.06.24-Ministudiet-RandiKasper-bryllup-447-e1776772808332-1280x720.jpg\" class=\"w-full h-full object-cover\" alt=\"\" srcset=\"https:\/\/casablanca.dev.gejststudio.com\/sjettefrederikskro\/wp-content\/uploads\/sites\/3\/2025\/08\/2023.06.24-Ministudiet-RandiKasper-bryllup-447-e1776772808332-1280x720.jpg 1280w, https:\/\/casablanca.dev.gejststudio.com\/sjettefrederikskro\/wp-content\/uploads\/sites\/3\/2025\/08\/2023.06.24-Ministudiet-RandiKasper-bryllup-447-e1776772808332-768x432.jpg 768w, https:\/\/casablanca.dev.gejststudio.com\/sjettefrederikskro\/wp-content\/uploads\/sites\/3\/2025\/08\/2023.06.24-Ministudiet-RandiKasper-bryllup-447-e1776772808332-1536x864.jpg 1536w, https:\/\/casablanca.dev.gejststudio.com\/sjettefrederikskro\/wp-content\/uploads\/sites\/3\/2025\/08\/2023.06.24-Ministudiet-RandiKasper-bryllup-447-e1776772808332.jpg 1600w\" sizes=\"auto, (max-width: 1280px) 100vw, 1280px\" \/>\n        \n        \n    <\/figure>\n            <\/div>\n\n        <\/div>\n    <\/section>\n\n\n\n\n<h2 class=\"wp-block-heading has-text-align-center\">\u00c5bningstider<\/h2>\n\n\n\n<p class=\"has-text-align-center\">Hvis du kan booke bord i vores onlinesystem, er Sjette Frederiks Kro \u00e5ben, n\u00e5r bookingen starter. Vi har ingen faste \u00e5bningstider.<\/p>\n\n\n\n<p class=\"has-text-align-center\"><strong>Bryllup, selskaber, arrangementer og m\u00f8depakker<\/strong><br>Vi har \u00e5bent alle ugens 7 dage for selskaber, arrangementer, m\u00f8depakker og meget mere.<\/p>\n\n\n\n<h2 class=\"wp-block-heading has-text-align-center\">Henvendelser<\/h2>\n\n\n\n<p class=\"has-text-align-center\">Henvendelser vedr. selskaber, m\u00f8der, mindeh\u00f8jtideligheder m.v. kan stilles til&nbsp;<a href=\"mailto:kontakt@sjettefrederikskro.dk\">kontakt@sjettefrederikskro.dk<\/a><\/p>\n\n\n\n<p class=\"has-text-align-center\"><br><small>Angiv venligst f\u00f8lgende:<\/small><br><small>&#8211; Anledning<\/small><br><small>&#8211; Antal g\u00e6ster<\/small><br><small>&#8211; Dato<\/small><br><small>&#8211; Kontaktoplysninger<\/small><br><small>&#8211; Hvorn\u00e5r kan vi tr\u00e6ffe jer<\/small><\/p>\n\n\n\n    <section  class='block-buttons aligncenter'>\n        <div x-data={} class=\"flex gap-x-4 gap-y-2 flex-wrap justify-center\">\n\t\t\t\t<a href=\"mailto:kontakt@sjettefrederikskro.dk?subject=Foresp%C3%B8rgsel&#038;body=Angiv%20venligst%20f%C3%B8lgende%3A%0A%0D%0A-%20Anledning%3A%0A%0D%0A-%20Antal%20g%C3%A6ster%3A%0A%0D%0A-%20Dato%3A%0A%0D%0A-%20Kontaktoplysninger%3A%0A%0D%0A-%20Hvorn%C3%A5r%20kan%20vi%20tr%C3%A6ffe%20jer%3A\" target=\"_self\"  class=\"btn max-w-fit \">\n                    Send foresp\u00f8rgsel\n\t\t\t\t<\/a>\n\t\t\t<\/div>    <\/section>\n\n\n\n\n<h2 class=\"wp-block-heading has-text-align-center\">find vej<\/h2>\n\n\n\n<p class=\"has-text-align-center\">Salonvejen 1, 8240 Risskov<br><\/p>\n\n\n\n<iframe src=\"https:\/\/www.google.com\/maps\/embed?pb=!1m18!1m12!1m3!1d2220.8388474368007!2d10.227482877126976!3d56.177178559224394!2m3!1f0!2f0!3f0!3m2!1i1024!2i768!4f13.1!3m3!1m2!1s0x464c3faea44321f5%3A0xd20518d994abda71!2sSjette%20Frederiks%20Kro!5e0!3m2!1sda!2sdk!4v1759916034175!5m2!1sda!2sdk\" width=\"600\" height=\"450\" style=\"border:0;\" allowfullscreen=\"\" loading=\"lazy\" referrerpolicy=\"no-referrer-when-downgrade\"><\/iframe>\n\n\n\n    <div  class='block-cta relative alignfull has-background bg-brand-bg text-white alignwide'>\n        <div class=\"block-inner-container\">\n\n            <div class=\"relative flex flex-col items-center justify-center text-center gap-5 lg:gap-8 w-full mx-auto max-w-site-width site-padding-x py-[5vmin]\">\n                                    <h2 class=\"display-text max-w-screen-lg text-white\">\n                        Kontakt os                    <\/h2>\n                \n                                    <div class=\"w-11\/12 max-w-md\">\n                        Lad os g\u00f8re jeres selskab uforglemmeligt for b\u00e5de jer og jeres g\u00e6ster &#8211; og som I vil se tilbage p\u00e5 med gl\u00e6de i mange \u00e5r. <br \/>\r\n<br \/>\r\nKontakt os i dag for et uforpligtende m\u00f8de.                    <\/div>\n                \n                                    <div x-data={} class=\"flex gap-x-4 gap-y-2 flex-wrap\">\n\t\t\t\t<a href=\"mailto:kontakt@sjettefrederikskro.dk?subject=Foresp%C3%B8rgsel&#038;body=Angiv%20venligst%20f%C3%B8lgende%3A%0A%0D%0A%0A%0D%0A-%20Anledning%3A%0A%0D%0A%0A%0D%0A-%20Antal%20g%C3%A6ster%3A%0A%0D%0A%0A%0D%0A-%20Dato%3A%0A%0D%0A%0A%0D%0A-%20Kontaktoplysninger%3A%0A%0D%0A%0A%0D%0A-%20Hvorn%C3%A5r%20kan%20vi%20tr%C3%A6ffe%20jer%3A\" target=\"_self\"  class=\"max-w-fit btn-white \">\n                    Send foresp\u00f8rgsel\n\t\t\t\t<\/a>\n\t\t\t<\/div>                            <\/div>\n\n        <\/div>\n    <\/div>\n\n","protected":false},"excerpt":{"rendered":"<p>\u00c5bningstider Hvis du kan booke bord i vores onlinesystem, er Sjette Frederiks Kro \u00e5ben, n\u00e5r bookingen starter. Vi har ingen faste \u00e5bningstider. Bryllup, selskaber, arrangementer og m\u00f8depakkerVi har&hellip;<\/p>\n","protected":false},"author":2,"featured_media":0,"parent":0,"menu_order":0,"comment_status":"closed","ping_status":"closed","template":"","meta":{"_acf_changed":false,"footnotes":""},"class_list":["post-1610","page","type-page","status-publish","hentry"],"acf":[],"_links":{"self":[{"href":"https:\/\/casablanca.dev.gejststudio.com\/sjettefrederikskro\/wp-json\/wp\/v2\/pages\/1610","targetHints":{"allow":["GET"]}}],"collection":[{"href":"https:\/\/casablanca.dev.gejststudio.com\/sjettefrederikskro\/wp-json\/wp\/v2\/pages"}],"about":[{"href":"https:\/\/casablanca.dev.gejststudio.com\/sjettefrederikskro\/wp-json\/wp\/v2\/types\/page"}],"author":[{"embeddable":true,"href":"https:\/\/casablanca.dev.gejststudio.com\/sjettefrederikskro\/wp-json\/wp\/v2\/users\/2"}],"replies":[{"embeddable":true,"href":"https:\/\/casablanca.dev.gejststudio.com\/sjettefrederikskro\/wp-json\/wp\/v2\/comments?post=1610"}],"version-history":[{"count":42,"href":"https:\/\/casablanca.dev.gejststudio.com\/sjettefrederikskro\/wp-json\/wp\/v2\/pages\/1610\/revisions"}],"predecessor-version":[{"id":3002,"href":"https:\/\/casablanca.dev.gejststudio.com\/sjettefrederikskro\/wp-json\/wp\/v2\/pages\/1610\/revisions\/3002"}],"wp:attachment":[{"href":"https:\/\/casablanca.dev.gejststudio.com\/sjettefrederikskro\/wp-json\/wp\/v2\/media?parent=1610"}],"curies":[{"name":"wp","href":"https:\/\/api.w.org\/{rel}","templated":true}]}}