{"id":1068,"date":"2025-06-19T07:29:42","date_gmt":"2025-06-19T05:29:42","guid":{"rendered":"https:\/\/casablanca.dev.gejststudio.com\/sjettefrederikskro\/?page_id=1068"},"modified":"2026-04-17T10:49:53","modified_gmt":"2026-04-17T08:49:53","slug":"konfirmation","status":"publish","type":"page","link":"https:\/\/casablanca.dev.gejststudio.com\/sjettefrederikskro\/konfirmation\/","title":{"rendered":"Konfirmation"},"content":{"rendered":"\n<div class=\"block-masthead relative max-w-full alignfull has-background w-full alignfull\">\n\r\n<header\r\n    data-hero\r\n    data-hero-type=\"text_and_bg\"\r\n     class='block-hero relative max-w-full alignfull has-background w-full alignfull'>\r\n\r\n    \r\n        \n<div class=\"site-padding-x pt-[var(--header-height)]\">\n    <div class=\"relative flex flex-col justify-end w-full mx-auto max-w-site-width min-h-[70vmin] sm:min-h-[60vmin] rounded overflow-hidden\">\n\n        <!-- Content -->\n        <div\n            data-hero-content\n            class=\"relative z-10 max-w-screen-xl sm:w-10\/12 module-padding-x module-padding-y text-white\"\n        >\n                            <h1 class=\"display-text\">Konfirmation<\/h1>\n                    <\/div>\n\n        <!-- Media -->\n        \n<div\n    class=\"absolute inset-x-0 top-0 h-full mx-auto\"\n    data-hero-media-outer\n    data-hero-media-should-animate=\"true\"\n>\n    <div\n        class=\"relative w-full h-full overflow-hidden bg-black rounded\"\n        data-hero-media-container\n    >\n\n        \n            <img loading=\"lazy\" decoding=\"async\" width=\"1920\" height=\"2560\" src=\"https:\/\/casablanca.dev.gejststudio.com\/sjettefrederikskro\/wp-content\/uploads\/sites\/3\/2026\/04\/5681706853677360845-1-1920x2560.jpg\" class=\"absolute top-0 left-0 h-full w-full object-cover scale-[1.06] blur-lg\" alt=\"\" style=\"opacity: 0.4;\" data-hero-media=\"true\" srcset=\"https:\/\/casablanca.dev.gejststudio.com\/sjettefrederikskro\/wp-content\/uploads\/sites\/3\/2026\/04\/5681706853677360845-1-1920x2560.jpg 1920w, https:\/\/casablanca.dev.gejststudio.com\/sjettefrederikskro\/wp-content\/uploads\/sites\/3\/2026\/04\/5681706853677360845-1-1536x2048.jpg 1536w\" sizes=\"auto, (max-width: 1920px) 100vw, 1920px\" \/>\n        \n        \n    <\/div>\n<\/div>\n\n    <\/div>\n<\/div>\n\r\n    \r\n<\/header>\r\n\n<\/div>\n\n\n\n    <section  class='block-lead-paragraph alignwide'>\n\n        <div class=\"text-xl leading-tight sm:text-3xl lg:text-4xl\">\n            Fejr konfirmation i de smukkeste rammer \u2013 midt i Riis Skov med udsigt over Aarhusbugten. Sjette Frederiks Kro er det oplagte sted at samle familie og venner til en uforglemmelig konfirmationsfest.<br \/>\r\n        <\/div>\n\n    <\/section>\n\n\n\n\n\n    <section  class='block-text-and-media alignwide'>\n        <div class=\"block-inner-container grid grid-cols-1 gap-y-5 gap-x-[8vmin] md:grid-cols-2\">\n\n            <!-- Content-->\n            <div class=\"col-span-1 flex flex-col gap-5 md:gap-12 md:w-11\/12 text-left\">\n                                    <h2 class=\"display-text-md text-brand\">\n                        V\u00e6rtskab med hjertet for konfirmanten                    <\/h2>\n                \n                                    <div class=\"flex flex-col gap-5 md:gap-6\">\n                                                    <div class=\"wysiwyg-formatting\">\n                                <p>Hos os er konfirmanten i centrum. Vi skaber trygge rammer og en fest, hvor I trygt kan l\u00e6ne jer tilbage og nyde dagen og jeres\u00a0 g\u00e6ster.<\/p>\n<p>Vi s\u00f8rger for velsmagende mad og afstemte drikkevarer i betagende omgivelser med professionelt v\u00e6rtskab.<\/p>\n                            <\/div>\n                        \n                                                    \n\t\t\t\t<a href=\"#\/p\/1942\" target=\"_self\" data-barba-prevent=\"self\" aria-label=\"Sjette Frederiks Kro - Galleri &#8211; Konfirmation + d\u00e5b\/nanvgivning\" class=\"max-w-fit btn \">\n                    Se flere billeder\n\t\t\t\t<\/a>\n\t\t\t                                            <\/div>\n                \n                            <\/div>\n\n            <!-- Media -->\n            <div class=\" md:order-last\">\n                    <figure class=\"relative flex items-center h-full w-full overflow-hidden rounded aspect-video\">\n\n        \n            <img loading=\"lazy\" decoding=\"async\" width=\"1280\" height=\"853\" src=\"https:\/\/casablanca.dev.gejststudio.com\/sjettefrederikskro\/wp-content\/uploads\/sites\/3\/2025\/08\/SFK-bryllup-fotos-159-1280x853.jpg\" class=\"w-full h-full object-cover\" alt=\"\" srcset=\"https:\/\/casablanca.dev.gejststudio.com\/sjettefrederikskro\/wp-content\/uploads\/sites\/3\/2025\/08\/SFK-bryllup-fotos-159-1280x853.jpg 1280w, https:\/\/casablanca.dev.gejststudio.com\/sjettefrederikskro\/wp-content\/uploads\/sites\/3\/2025\/08\/SFK-bryllup-fotos-159-768x512.jpg 768w, https:\/\/casablanca.dev.gejststudio.com\/sjettefrederikskro\/wp-content\/uploads\/sites\/3\/2025\/08\/SFK-bryllup-fotos-159-1536x1024.jpg 1536w, https:\/\/casablanca.dev.gejststudio.com\/sjettefrederikskro\/wp-content\/uploads\/sites\/3\/2025\/08\/SFK-bryllup-fotos-159-2048x1365.jpg 2048w\" sizes=\"auto, (max-width: 1280px) 100vw, 1280px\" \/>\n        \n        \n    <\/figure>\n            <\/div>\n\n        <\/div>\n    <\/section>\n\n\n\n\n    <section  class='block-link-list alignwide'>\n\n        \n        <ol class=\"link-list\" data-list-hover-image-reveal data-animated-list>\n                            <li>\n                    <a\n                        class=\"relative block w-full py-8 duration-300 text-brand ease-in-out outline-none hover:text-brand\"\n                        href=\"#\/p\/1089\"\n                        target=\"_self\"\n                        data-barba-prevent=\"self\" aria-label=\"Sjette Frederiks Kro - Konfirmation l\u00f8rdag dag\"                                                tabindex=\"0\"\n                    >\n                        <div class=\"overflow-hidden\">\n                            <div class=\"flex flex-col gap-2\" data-animated-list-text>\n                                <div class=\"flex gap-10 justify-between items-start\">\n                                    <div class=\"display-text-md\">\n                                        L\u00f8rdag dag                                    <\/div>\n\n                                    <div class=\"hidden md:block py-2 btn mt-2 font-sans shrink-0 text-sm\">\n                                        Se indholdet                                    <\/div>\n                                <\/div>\n\n                                                                    <span class=\"text-sm sm:text-base lg:text-lg\">5 timer med afslutning senest kl. 17.00.<\/span>\n                                                            <\/div>\n                        <\/div>\n                    <\/a>\n                    <div class=\"w-full h-px bg-beige-300\"><\/div>\n                <\/li>\n                            <li>\n                    <a\n                        class=\"relative block w-full py-8 duration-300 text-brand ease-in-out outline-none hover:text-brand\"\n                        href=\"#\/p\/1091\"\n                        target=\"_self\"\n                        data-barba-prevent=\"self\" aria-label=\"Sjette Frederiks Kro - Konfirmation l\u00f8rdag aften\"                                                tabindex=\"0\"\n                    >\n                        <div class=\"overflow-hidden\">\n                            <div class=\"flex flex-col gap-2\" data-animated-list-text>\n                                <div class=\"flex gap-10 justify-between items-start\">\n                                    <div class=\"display-text-md\">\n                                        L\u00f8rdag aften                                    <\/div>\n\n                                    <div class=\"hidden md:block py-2 btn mt-2 font-sans shrink-0 text-sm\">\n                                        Se indholdet                                    <\/div>\n                                <\/div>\n\n                                                                    <span class=\"text-sm sm:text-base lg:text-lg\">5 timer med start tidligst kl. 18.00.<\/span>\n                                                            <\/div>\n                        <\/div>\n                    <\/a>\n                    <div class=\"w-full h-px bg-beige-300\"><\/div>\n                <\/li>\n                            <li>\n                    <a\n                        class=\"relative block w-full py-8 duration-300 text-brand ease-in-out outline-none hover:text-brand\"\n                        href=\"#\/p\/1096\"\n                        target=\"_self\"\n                        data-barba-prevent=\"self\" aria-label=\"Sjette Frederiks Kro - Konfirmation s\u00f8ndag\"                                                tabindex=\"0\"\n                    >\n                        <div class=\"overflow-hidden\">\n                            <div class=\"flex flex-col gap-2\" data-animated-list-text>\n                                <div class=\"flex gap-10 justify-between items-start\">\n                                    <div class=\"display-text-md\">\n                                        S\u00f8ndag dag                                    <\/div>\n\n                                    <div class=\"hidden md:block py-2 btn mt-2 font-sans shrink-0 text-sm\">\n                                        Se indholdet                                    <\/div>\n                                <\/div>\n\n                                                                    <span class=\"text-sm sm:text-base lg:text-lg\">5,5 timer med fleksibelt ankomsttidspunkt &#8211; mulighed for tilk\u00f8b af ekstra tid.<\/span>\n                                                            <\/div>\n                        <\/div>\n                    <\/a>\n                    <div class=\"w-full h-px bg-beige-300\"><\/div>\n                <\/li>\n                    <\/ol>\n\n    <\/section>\n\n\n\n\n    <div  class='block-cta relative alignfull has-background bg-brand-bg text-white alignwide'>\n        <div class=\"block-inner-container\">\n\n            <div class=\"relative flex flex-col items-center justify-center text-center gap-5 lg:gap-8 w-full mx-auto max-w-site-width site-padding-x py-[5vmin]\">\n                                    <h2 class=\"display-text max-w-screen-lg text-white\">\n                        Kontakt os uforpligtende                     <\/h2>\n                \n                                    <div class=\"w-11\/12 max-w-md\">\n                        Lad os hj\u00e6lpe jer med at skabe en personlig, tryg og mindev\u00e6rdig konfirmationsfest.                     <\/div>\n                \n                                    <div x-data={} class=\"flex gap-x-4 gap-y-2 flex-wrap\">\n\t\t\t\t<a href=\"mailto:kontakt@sjettefrederikskro.dk?subject=Konfirmationsforesp%C3%B8rgsel&#038;body=Angiv%20venligst%20f%C3%B8lgende%3A%0A%0D%0A-%20Anledning%3A%0A%0D%0A-%20Antal%20g%C3%A6ster%3A%0A%0D%0A-%20Dato%3A%0A%0D%0A-%20Kontaktoplysninger%3A%0A%0D%0A-%20Hvorn%C3%A5r%20kan%20vi%20tr%C3%A6ffe%20jer%3A\" target=\"_self\"  class=\"max-w-fit btn-white \">\n                    Send foresp\u00f8rgsel\n\t\t\t\t<\/a>\n\t\t\t<\/div>                            <\/div>\n\n        <\/div>\n    <\/div>\n\n\n\n\n    <section  class='block-testimonials alignwide'>\n        <div class=\"block-inner-container\">\n\n            <div\n                data-testimonials-slider\n                data-autoplay-enabled=\"false\"\n            >\n                <div\n                    data-splide-carousel\n                    class=\"splide\"\n                    role=\"group\"\n                >\n                    <!-- Header -->\n                    <div class=\"flex justify-between items-start gap-10 mb-[5vmin]\">\n                        <div>\n                                                            <h2 class=\"display-text-md hyphens-auto text-brand\">\n                                    Det siger familierne                                <\/h2>\n                                                    <\/div>\n\n                        <!-- Arrows -->\n                        <div class=\"splide__arrows items-center justify-center gap-2 flex\">\n                            <div role=\"button\" tabindex=\"0\" class=\"group flex items-center justify-center size-10 border border-current rounded-full cursor-pointer splide__arrow splide__arrow--prev\">\n                                <svg class=\"w-3 duration-200 ease-in-out group-hover:-translate-x-0.5\" xmlns=\"http:\/\/www.w3.org\/2000\/svg\" viewBox=\"0 0 13 13\">\n                                    <path d=\"M12.2 6.6H1m5.6 5.6L1 6.6 6.6 1\" stroke=\"currentColor\" fill=\"none\" fill-rule=\"evenodd\" stroke-linecap=\"round\" stroke-linejoin=\"round\"\/>\n                                <\/svg>\n                            <\/div>\n\n                            <div role=\"button\" tabindex=\"0\" class=\"group flex items-center justify-center size-10 border border-current rounded-full cursor-pointer splide__arrow splide__arrow--next\">\n                                <svg class=\"w-3 duration-200 ease-in-out group-hover:translate-x-0.5\" xmlns=\"http:\/\/www.w3.org\/2000\/svg\" viewBox=\"0 0 13 13\">\n                                    <path d=\"M1 6.6h11.2M6.6 1l5.6 5.6-5.6 5.6\" stroke=\"currentColor\" fill=\"none\" fill-rule=\"evenodd\" stroke-linecap=\"round\" stroke-linejoin=\"round\"\/>\n                                <\/svg>\n                            <\/div>\n                        <\/div>\n                    <\/div>\n\n                    <div class=\"splide__track\">\n                        <div class=\"splide__list\">\n                                                            <div class=\"splide__slide grid grid-cols-1 md:grid-cols-5 gap-[5vmin] max-w-full\">\n                                    <!-- Image left-->\n                                    <div class=\"col-span-1 hidden md:flex items-start\">\n                                                                            <\/div>\n\n                                    <!-- Quote -->\n                                    <div class=\"md:col-span-3 flex flex-col mx-auto text-center max-w-screen-md\">\n                                        <div class=\"display-text-md mb-[5vmin]\">\u201c<\/div>\n\n                                        <blockquote class=\"grow flex flex-col items-center justify-center text-base sm:text-lg lg:text-xl\">\n                                            <p>Vi vil gerne sige en k\u00e6mpe stor tak for en helt igennem fantastisk dag. Stedet og jeres utrolig s\u00f8de og opm\u00e6rksomme medarbejdere var de helt perfekte rammer for Frederiks store dag. <br \/>\r\n<br \/>\r\nVi oplevede n\u00e6rv\u00e6r, rummelighed, store smil og \u00f8nsket om at dagen for Frederik skulle v\u00e6re lige som han \u00f8nskede. S\u00e5 stor tak til de sk\u00f8nne mennesker som var p\u00e5 arbejde. <br \/>\r\nVi har intet at s\u00e6tte fingeren p\u00e5 \u2013 udover det regnede, men det er jo ikke noget i kan g\u00f8re noget ved \ud83d\ude09 Frederik havde en helt igennem fantastisk dag, maden var helt vildt l\u00e6kker og med dejlige vine til. S\u00e5 ogs\u00e5 en tak til k\u00f8kkenet. <br \/>\r\n<br \/>\r\nAt der s\u00e5 ogs\u00e5 som bonus var jordb\u00e6rt\u00e6rter gik jo lige i konfirmandens hjerte \ud83d\ude42 Og tak for god styring og vejledning i processen op til. Vi har hele tiden v\u00e6ret helt trygge ved at I havde styr p\u00e5 det hele \ud83d\ude42 <br \/>\r\n<br \/>\r\nVi kommer helt sikkert til at holde kommende arrangementer ved jer igen.  <\/p>\n                                        <\/blockquote>\n\n                                        <div class=\"mt-[8vmin]\">\n                                                                                            <p class=\"text-base sm:text-lg lg:text-xl uppercase font-display leading-tighter tracking-wide\">\n                                                    Trine, mor til konfirmant                                                <\/p>\n                                                                                    <\/div>\n                                    <\/div>\n\n                                    <!-- Image right-->\n                                    <div class=\"col-span-1 hidden md:flex items-end mt-[10vmin]\">\n                                                                            <\/div>\n                                <\/div>\n                                                            <div class=\"splide__slide grid grid-cols-1 md:grid-cols-5 gap-[5vmin] max-w-full\">\n                                    <!-- Image left-->\n                                    <div class=\"col-span-1 hidden md:flex items-start\">\n                                                                            <\/div>\n\n                                    <!-- Quote -->\n                                    <div class=\"md:col-span-3 flex flex-col mx-auto text-center max-w-screen-md\">\n                                        <div class=\"display-text-md mb-[5vmin]\">\u201c<\/div>\n\n                                        <blockquote class=\"grow flex flex-col items-center justify-center text-base sm:text-lg lg:text-xl\">\n                                            <p>Tusind tak for en helt fantastisk aften, stor ros til alle tjenere som s\u00f8rgede for at alt spillede og den hj\u00e6lp vi fik til b\u00e5de det ene og andet, i var s\u00e5 gode.<br \/>\r\n<br \/>\r\nOgs\u00e5 et k\u00e6mpe tak til k\u00f8kkenet for helt fantastisk mad, det var s\u00e5 l\u00e6kkert fra start til slut. Vi gl\u00e6der os til den n\u00e6ste fest vi skal holde.<br \/>\r\nRigtig god weekend til alle og TAK herfra.<\/p>\n                                        <\/blockquote>\n\n                                        <div class=\"mt-[8vmin]\">\n                                                                                            <p class=\"text-base sm:text-lg lg:text-xl uppercase font-display leading-tighter tracking-wide\">\n                                                    For\u00e6ldre til konfirmant                                                <\/p>\n                                                                                    <\/div>\n                                    <\/div>\n\n                                    <!-- Image right-->\n                                    <div class=\"col-span-1 hidden md:flex items-end mt-[10vmin]\">\n                                                                            <\/div>\n                                <\/div>\n                                                    <\/div>\n                    <\/div>\n\n                                            <div class=\"splide__progress w-[calc(100%_-_4px)] mt-[5vmin]\">\n                            <div class=\"bg-brand\/20\">\n                                <div class=\"splide__progress__bar h-0.5 w-full bg-brand\"><\/div>\n                            <\/div>\n                        <\/div>\n                                    <\/div>\n            <\/div>\n\n\n        <\/div>\n    <\/section>\n\n","protected":false},"excerpt":{"rendered":"","protected":false},"author":2,"featured_media":0,"parent":0,"menu_order":0,"comment_status":"closed","ping_status":"closed","template":"","meta":{"_acf_changed":false,"footnotes":""},"class_list":["post-1068","page","type-page","status-publish","hentry"],"acf":[],"_links":{"self":[{"href":"https:\/\/casablanca.dev.gejststudio.com\/sjettefrederikskro\/wp-json\/wp\/v2\/pages\/1068","targetHints":{"allow":["GET"]}}],"collection":[{"href":"https:\/\/casablanca.dev.gejststudio.com\/sjettefrederikskro\/wp-json\/wp\/v2\/pages"}],"about":[{"href":"https:\/\/casablanca.dev.gejststudio.com\/sjettefrederikskro\/wp-json\/wp\/v2\/types\/page"}],"author":[{"embeddable":true,"href":"https:\/\/casablanca.dev.gejststudio.com\/sjettefrederikskro\/wp-json\/wp\/v2\/users\/2"}],"replies":[{"embeddable":true,"href":"https:\/\/casablanca.dev.gejststudio.com\/sjettefrederikskro\/wp-json\/wp\/v2\/comments?post=1068"}],"version-history":[{"count":26,"href":"https:\/\/casablanca.dev.gejststudio.com\/sjettefrederikskro\/wp-json\/wp\/v2\/pages\/1068\/revisions"}],"predecessor-version":[{"id":2957,"href":"https:\/\/casablanca.dev.gejststudio.com\/sjettefrederikskro\/wp-json\/wp\/v2\/pages\/1068\/revisions\/2957"}],"wp:attachment":[{"href":"https:\/\/casablanca.dev.gejststudio.com\/sjettefrederikskro\/wp-json\/wp\/v2\/media?parent=1068"}],"curies":[{"name":"wp","href":"https:\/\/api.w.org\/{rel}","templated":true}]}}