{"id":453,"date":"2025-08-29T10:03:46","date_gmt":"2025-08-29T08:03:46","guid":{"rendered":"https:\/\/casablanca.dev.gejststudio.com\/moranna\/?page_id=453"},"modified":"2026-04-17T10:19:31","modified_gmt":"2026-04-17T08:19:31","slug":"frokost-to-go","status":"publish","type":"page","link":"https:\/\/casablanca.dev.gejststudio.com\/moranna\/frokost-to-go\/","title":{"rendered":"Frokost To Go"},"content":{"rendered":"\n<div class=\"block-masthead relative max-w-full alignfull has-background w-full alignfull\">\n\r\n<header\r\n    data-hero\r\n    data-hero-type=\"text_and_bg\"\r\n     class='block-hero relative max-w-full alignfull has-background w-full alignfull'>\r\n\r\n    \r\n        \n<div class=\"site-padding-x pt-[var(--header-height)]\">\n    <div class=\"relative flex flex-col justify-end w-full mx-auto max-w-site-width min-h-[70vmin] sm:min-h-[60vmin] rounded overflow-hidden\">\n\n        <!-- Content -->\n        <div\n            data-hero-content\n            class=\"relative z-10 max-w-screen-xl sm:w-10\/12 module-padding-x module-padding-y text-white\"\n        >\n                            <h1 class=\"display-text\">Frokost To Go<\/h1>\n                    <\/div>\n\n        <!-- Media -->\n        \n<div\n    class=\"absolute inset-x-0 top-0 h-full mx-auto\"\n    data-hero-media-outer\n    data-hero-media-should-animate=\"true\"\n>\n    <div\n        class=\"relative w-full h-full overflow-hidden bg-black rounded\"\n        data-hero-media-container\n    >\n\n        \n            <img loading=\"lazy\" decoding=\"async\" width=\"1920\" height=\"2560\" src=\"https:\/\/casablanca.dev.gejststudio.com\/moranna\/wp-content\/uploads\/sites\/5\/2025\/08\/20250325_094343763_iOS-1920x2560.jpg\" class=\"absolute top-0 left-0 h-full w-full object-cover scale-[1.06] blur-lg\" alt=\"\" style=\"opacity: 0.4;\" data-hero-media=\"true\" srcset=\"https:\/\/casablanca.dev.gejststudio.com\/moranna\/wp-content\/uploads\/sites\/5\/2025\/08\/20250325_094343763_iOS-scaled.jpg 1920w, https:\/\/casablanca.dev.gejststudio.com\/moranna\/wp-content\/uploads\/sites\/5\/2025\/08\/20250325_094343763_iOS-960x1280.jpg 960w, https:\/\/casablanca.dev.gejststudio.com\/moranna\/wp-content\/uploads\/sites\/5\/2025\/08\/20250325_094343763_iOS-768x1024.jpg 768w, https:\/\/casablanca.dev.gejststudio.com\/moranna\/wp-content\/uploads\/sites\/5\/2025\/08\/20250325_094343763_iOS-1152x1536.jpg 1152w, https:\/\/casablanca.dev.gejststudio.com\/moranna\/wp-content\/uploads\/sites\/5\/2025\/08\/20250325_094343763_iOS-1536x2048.jpg 1536w, https:\/\/casablanca.dev.gejststudio.com\/moranna\/wp-content\/uploads\/sites\/5\/2025\/08\/20250325_094343763_iOS-576x768.jpg 576w\" sizes=\"auto, (max-width: 1920px) 100vw, 1920px\" \/>\n        \n        \n    <\/div>\n<\/div>\n\n    <\/div>\n<\/div>\n\r\n    \r\n<\/header>\r\n\n<\/div>\n\n\n\n    <section  class='block-lead-paragraph alignwide'>\n\n        <div class=\"text-xl leading-tight sm:text-3xl lg:text-4xl\">\n            Mangler du en l\u00e6kker madpakke p\u00e5 farten, frokost til kontoret eller forplejning til m\u00f8det? <br \/>\r\nHos Mor Anna finder du friskbagt br\u00f8d, hjemmelavede specialiteter og frokostklassikere, der er skabt med respekt for h\u00e5ndv\u00e6rket og r\u00e5varerne.        <\/div>\n\n    <\/section>\n\n\n\n\n<h3 class=\"wp-block-heading\"><strong>Sandwich: 65 kr.<\/strong><br><\/h3>\n\n\n\n<p>V\u00e6lg din favorit, alle lavet med spr\u00f8dt br\u00f8d og fyld af h\u00f8j kvalitet:<\/p>\n\n\n\n<ul class=\"wp-block-list\">\n<li><strong>Kylling\/karry<\/strong>: kylling, karrymayo, bacon, salatmix og syltede r\u00f8dl\u00f8g<\/li>\n\n\n\n<li><strong>Skinke\/ost<\/strong>: serranoskinke, mozzarella, semidried tomater, pesto, pestomayo og salatmix<\/li>\n\n\n\n<li><strong>Laks<\/strong>: koldr\u00f8get laks, mayo, syltet fennikel, kapers og salatmix<\/li>\n\n\n\n<li><strong>Tun<\/strong>: spicy tunsalat, chili-aioli, syltet agurk og salatmix<\/li>\n\n\n\n<li><strong>Vegetar<\/strong>: hummus, salatmix, syltede r\u00f8dl\u00f8g, agurk og edamameb\u00f8nner<\/li>\n<\/ul>\n\n\n\n<h3 class=\"wp-block-heading\"><strong><strong>Sm\u00f8rrebr\u00f8d: 3 stk. for 65 kr.<\/strong><\/strong><\/h3>\n\n\n\n<ul class=\"wp-block-list\">\n<li>Klassisk pakke med s\u00e6sonens r\u00e5varer<\/li>\n\n\n\n<li>Pakke med og uden laks<\/li>\n\n\n\n<li>Vegetar (fx kartoffel, tomat\/mozzarella og hummus\/gulerod) \u2013 bestilles dagen f\u00f8r<\/li>\n<\/ul>\n\n\n\n<h3 class=\"wp-block-heading\"><strong><strong><strong>Salater: 60 kr.<\/strong><\/strong><\/strong><\/h3>\n\n\n\n<ul class=\"wp-block-list\">\n<li><strong>Vegetarsalat<\/strong>: spidsk\u00e5l, belugalinser, r\u00f8dl\u00f8g, mozzarella, persillepesto, mandler og vinaigrette<\/li>\n\n\n\n<li><strong>Pasta-\/kyllingesalat<\/strong>: pasta, kylling, mozzarella, semidried tomater, oliven, pesto og r\u00f8gede mandler<\/li>\n<\/ul>\n\n\n\n<h3 class=\"wp-block-heading\"><strong><strong><strong><strong>Sm\u00e5 fristelser<\/strong><\/strong><\/strong><\/strong><\/h3>\n\n\n\n<ul class=\"wp-block-list\">\n<li><strong>Snack-rugbr\u00f8d<\/strong> med chokoladestykker<\/li>\n\n\n\n<li><strong>Mini-foccacia<\/strong> med persillepesto, mozzarella og tomat-relish<\/li>\n<\/ul>\n\n\n\n    <section  class='block-media-carousel alignwide' data-media-carousel data-auto-scroll=\"false\">\n        <div class=\"block-inner-container\">\n\n            \n            <div class=\"splide\" role=\"group\" data-splide-carousel>\n                <div class=\"!overflow-visible splide__track\">\n                    <div class=\"splide__list\">\n                        \n                            <figure class=\"splide__slide flex flex-col max-h-[60vh] max-w-[75%] sm:max-w-[50%] !mr-3 sm:!mr-5 lg:!mr-8 \">\n                                <div class=\"splide__slide__container overflow-hidden\">\n                                        <figure class=\"relative flex items-center h-full w-full overflow-hidden rounded \">\n\n        \n            <img loading=\"lazy\" decoding=\"async\" width=\"960\" height=\"1280\" src=\"https:\/\/casablanca.dev.gejststudio.com\/moranna\/wp-content\/uploads\/sites\/5\/2025\/08\/20250325_094300142_iOS-960x1280.jpg\" class=\"w-full h-full object-cover rounded-lg\" alt=\"\" srcset=\"https:\/\/casablanca.dev.gejststudio.com\/moranna\/wp-content\/uploads\/sites\/5\/2025\/08\/20250325_094300142_iOS-960x1280.jpg 960w, https:\/\/casablanca.dev.gejststudio.com\/moranna\/wp-content\/uploads\/sites\/5\/2025\/08\/20250325_094300142_iOS-scaled.jpg 1920w, https:\/\/casablanca.dev.gejststudio.com\/moranna\/wp-content\/uploads\/sites\/5\/2025\/08\/20250325_094300142_iOS-768x1024.jpg 768w, https:\/\/casablanca.dev.gejststudio.com\/moranna\/wp-content\/uploads\/sites\/5\/2025\/08\/20250325_094300142_iOS-1152x1536.jpg 1152w, https:\/\/casablanca.dev.gejststudio.com\/moranna\/wp-content\/uploads\/sites\/5\/2025\/08\/20250325_094300142_iOS-1536x2048.jpg 1536w, https:\/\/casablanca.dev.gejststudio.com\/moranna\/wp-content\/uploads\/sites\/5\/2025\/08\/20250325_094300142_iOS-576x768.jpg 576w\" sizes=\"auto, (max-width: 960px) 100vw, 960px\" \/>\n        \n        \n    <\/figure>\n                                <\/div>\n\n                                                            <\/figure>\n\n                        \n                            <figure class=\"splide__slide flex flex-col max-h-[60vh] max-w-[75%] sm:max-w-[50%] !mr-3 sm:!mr-5 lg:!mr-8 \">\n                                <div class=\"splide__slide__container overflow-hidden\">\n                                        <figure class=\"relative flex items-center h-full w-full overflow-hidden rounded \">\n\n        \n            <img loading=\"lazy\" decoding=\"async\" width=\"1280\" height=\"992\" src=\"https:\/\/casablanca.dev.gejststudio.com\/moranna\/wp-content\/uploads\/sites\/5\/2025\/08\/20250325_094923458_iOS-scaled-e1758100149364-1280x992.jpg\" class=\"w-full h-full object-cover rounded-lg\" alt=\"\" srcset=\"https:\/\/casablanca.dev.gejststudio.com\/moranna\/wp-content\/uploads\/sites\/5\/2025\/08\/20250325_094923458_iOS-scaled-e1758100149364-1280x992.jpg 1280w, https:\/\/casablanca.dev.gejststudio.com\/moranna\/wp-content\/uploads\/sites\/5\/2025\/08\/20250325_094923458_iOS-scaled-e1758100149364-768x595.jpg 768w, https:\/\/casablanca.dev.gejststudio.com\/moranna\/wp-content\/uploads\/sites\/5\/2025\/08\/20250325_094923458_iOS-scaled-e1758100149364-1536x1190.jpg 1536w, https:\/\/casablanca.dev.gejststudio.com\/moranna\/wp-content\/uploads\/sites\/5\/2025\/08\/20250325_094923458_iOS-scaled-e1758100149364.jpg 1920w\" sizes=\"auto, (max-width: 1280px) 100vw, 1280px\" \/>\n        \n        \n    <\/figure>\n                                <\/div>\n\n                                                            <\/figure>\n\n                        \n                            <figure class=\"splide__slide flex flex-col max-h-[60vh] max-w-[75%] sm:max-w-[50%] !mr-3 sm:!mr-5 lg:!mr-8 \">\n                                <div class=\"splide__slide__container overflow-hidden\">\n                                        <figure class=\"relative flex items-center h-full w-full overflow-hidden rounded \">\n\n        \n            <img loading=\"lazy\" decoding=\"async\" width=\"960\" height=\"1280\" src=\"https:\/\/casablanca.dev.gejststudio.com\/moranna\/wp-content\/uploads\/sites\/5\/2025\/09\/20250929_100606755_iOS-960x1280.jpg\" class=\"w-full h-full object-cover rounded-lg\" alt=\"\" srcset=\"https:\/\/casablanca.dev.gejststudio.com\/moranna\/wp-content\/uploads\/sites\/5\/2025\/09\/20250929_100606755_iOS-960x1280.jpg 960w, https:\/\/casablanca.dev.gejststudio.com\/moranna\/wp-content\/uploads\/sites\/5\/2025\/09\/20250929_100606755_iOS-scaled.jpg 1920w, https:\/\/casablanca.dev.gejststudio.com\/moranna\/wp-content\/uploads\/sites\/5\/2025\/09\/20250929_100606755_iOS-768x1024.jpg 768w, https:\/\/casablanca.dev.gejststudio.com\/moranna\/wp-content\/uploads\/sites\/5\/2025\/09\/20250929_100606755_iOS-1152x1536.jpg 1152w, https:\/\/casablanca.dev.gejststudio.com\/moranna\/wp-content\/uploads\/sites\/5\/2025\/09\/20250929_100606755_iOS-1536x2048.jpg 1536w, https:\/\/casablanca.dev.gejststudio.com\/moranna\/wp-content\/uploads\/sites\/5\/2025\/09\/20250929_100606755_iOS-576x768.jpg 576w\" sizes=\"auto, (max-width: 960px) 100vw, 960px\" \/>\n        \n        \n    <\/figure>\n                                <\/div>\n\n                                                            <\/figure>\n\n                        \n                            <figure class=\"splide__slide flex flex-col max-h-[60vh] max-w-[75%] sm:max-w-[50%] !mr-3 sm:!mr-5 lg:!mr-8 \">\n                                <div class=\"splide__slide__container overflow-hidden\">\n                                        <figure class=\"relative flex items-center h-full w-full overflow-hidden rounded \">\n\n        \n            <img loading=\"lazy\" decoding=\"async\" width=\"960\" height=\"1280\" src=\"https:\/\/casablanca.dev.gejststudio.com\/moranna\/wp-content\/uploads\/sites\/5\/2025\/08\/20250108_094831891_iOS-960x1280.jpg\" class=\"w-full h-full object-cover rounded-lg\" alt=\"\" srcset=\"https:\/\/casablanca.dev.gejststudio.com\/moranna\/wp-content\/uploads\/sites\/5\/2025\/08\/20250108_094831891_iOS-960x1280.jpg 960w, https:\/\/casablanca.dev.gejststudio.com\/moranna\/wp-content\/uploads\/sites\/5\/2025\/08\/20250108_094831891_iOS-scaled.jpg 1920w, https:\/\/casablanca.dev.gejststudio.com\/moranna\/wp-content\/uploads\/sites\/5\/2025\/08\/20250108_094831891_iOS-768x1024.jpg 768w, https:\/\/casablanca.dev.gejststudio.com\/moranna\/wp-content\/uploads\/sites\/5\/2025\/08\/20250108_094831891_iOS-1152x1536.jpg 1152w, https:\/\/casablanca.dev.gejststudio.com\/moranna\/wp-content\/uploads\/sites\/5\/2025\/08\/20250108_094831891_iOS-1536x2048.jpg 1536w, https:\/\/casablanca.dev.gejststudio.com\/moranna\/wp-content\/uploads\/sites\/5\/2025\/08\/20250108_094831891_iOS-576x768.jpg 576w\" sizes=\"auto, (max-width: 960px) 100vw, 960px\" \/>\n        \n        \n    <\/figure>\n                                <\/div>\n\n                                                            <\/figure>\n\n                        \n                            <figure class=\"splide__slide flex flex-col max-h-[60vh] max-w-[75%] sm:max-w-[50%] !mr-3 sm:!mr-5 lg:!mr-8 \">\n                                <div class=\"splide__slide__container overflow-hidden\">\n                                        <figure class=\"relative flex items-center h-full w-full overflow-hidden rounded \">\n\n        \n            <img loading=\"lazy\" decoding=\"async\" width=\"960\" height=\"1280\" src=\"https:\/\/casablanca.dev.gejststudio.com\/moranna\/wp-content\/uploads\/sites\/5\/2025\/08\/20250325_094947204_iOS-960x1280.jpg\" class=\"w-full h-full object-cover rounded-lg\" alt=\"\" srcset=\"https:\/\/casablanca.dev.gejststudio.com\/moranna\/wp-content\/uploads\/sites\/5\/2025\/08\/20250325_094947204_iOS-960x1280.jpg 960w, https:\/\/casablanca.dev.gejststudio.com\/moranna\/wp-content\/uploads\/sites\/5\/2025\/08\/20250325_094947204_iOS-scaled.jpg 1920w, https:\/\/casablanca.dev.gejststudio.com\/moranna\/wp-content\/uploads\/sites\/5\/2025\/08\/20250325_094947204_iOS-768x1024.jpg 768w, https:\/\/casablanca.dev.gejststudio.com\/moranna\/wp-content\/uploads\/sites\/5\/2025\/08\/20250325_094947204_iOS-1152x1536.jpg 1152w, https:\/\/casablanca.dev.gejststudio.com\/moranna\/wp-content\/uploads\/sites\/5\/2025\/08\/20250325_094947204_iOS-1536x2048.jpg 1536w, https:\/\/casablanca.dev.gejststudio.com\/moranna\/wp-content\/uploads\/sites\/5\/2025\/08\/20250325_094947204_iOS-576x768.jpg 576w\" sizes=\"auto, (max-width: 960px) 100vw, 960px\" \/>\n        \n        \n    <\/figure>\n                                <\/div>\n\n                                                            <\/figure>\n\n                                            <\/div>\n                <\/div>\n\n                                    <div class=\"flex items-center justify-end mt-4\">\n                        <!-- Arrows -->\n                        <div class=\"flex items-center justify-center gap-2 splide__arrows\">\n                            <div role=\"button\" tabindex=\"0\" class=\"group flex items-center justify-center size-10 border border-current rounded-full cursor-pointer splide__arrow splide__arrow--prev\">\n                                <svg class=\"w-3 duration-200 ease-in-out group-hover:-translate-x-0.5\" xmlns=\"http:\/\/www.w3.org\/2000\/svg\" viewBox=\"0 0 13 13\">\n                                    <path d=\"M12.2 6.6H1m5.6 5.6L1 6.6 6.6 1\" stroke=\"currentColor\" fill=\"none\" fill-rule=\"evenodd\" stroke-linecap=\"round\" stroke-linejoin=\"round\"\/>\n                                <\/svg>\n                            <\/div>\n\n                            <div role=\"button\" tabindex=\"0\" class=\"group flex items-center justify-center size-10 border border-current rounded-full cursor-pointer splide__arrow splide__arrow--next\">\n                                <svg class=\"w-3 duration-200 ease-in-out group-hover:translate-x-0.5\" xmlns=\"http:\/\/www.w3.org\/2000\/svg\" viewBox=\"0 0 13 13\">\n                                    <path d=\"M1 6.6h11.2M6.6 1l5.6 5.6-5.6 5.6\" stroke=\"currentColor\" fill=\"none\" fill-rule=\"evenodd\" stroke-linecap=\"round\" stroke-linejoin=\"round\"\/>\n                                <\/svg>\n                            <\/div>\n                        <\/div>\n                    <\/div>\n                            <\/div>\n\n        <\/div>\n    <\/section>\n\n\n\n\n    <div  class='block-cta relative alignfull has-background bg-brand-bg text-white alignwide'>\n        <div class=\"block-inner-container\">\n\n            <div class=\"relative flex flex-col items-center justify-center text-center gap-5 lg:gap-8 w-full mx-auto max-w-site-width site-padding-x py-[5vmin]\">\n                                    <h2 class=\"display-text max-w-screen-lg text-white\">\n                        Bestil senest<br>3 dage f\u00f8r                    <\/h2>\n                \n                                    <div class=\"w-11\/12 max-w-md\">\n                        Sandwich, salat, foccacia, sm\u00f8rrebr\u00f8d eller noget andet l\u00e6kkert &#8211; bestil hos os.                    <\/div>\n                \n                                    <div x-data={} class=\"flex gap-x-4 gap-y-2 flex-wrap\">\n\t\t\t\t<a href=\"mailto:kontakt@moranna.dk?subject=Bestilling&#038;body=\" target=\"_self\"  class=\"max-w-fit btn-white \">\n                    Send os en e-mail\n\t\t\t\t<\/a>\n\t\t\t<\/div>                            <\/div>\n\n        <\/div>\n    <\/div>\n\n","protected":false},"excerpt":{"rendered":"<p>Sandwich: 65 kr. V\u00e6lg din favorit, alle lavet med spr\u00f8dt br\u00f8d og fyld af h\u00f8j kvalitet: Sm\u00f8rrebr\u00f8d: 3 stk. for 65 kr. Salater: 60 kr. Sm\u00e5 fristelser<\/p>\n","protected":false},"author":2,"featured_media":0,"parent":0,"menu_order":0,"comment_status":"closed","ping_status":"closed","template":"","meta":{"_acf_changed":false,"footnotes":""},"class_list":["post-453","page","type-page","status-publish","hentry"],"acf":[],"_links":{"self":[{"href":"https:\/\/casablanca.dev.gejststudio.com\/moranna\/wp-json\/wp\/v2\/pages\/453","targetHints":{"allow":["GET"]}}],"collection":[{"href":"https:\/\/casablanca.dev.gejststudio.com\/moranna\/wp-json\/wp\/v2\/pages"}],"about":[{"href":"https:\/\/casablanca.dev.gejststudio.com\/moranna\/wp-json\/wp\/v2\/types\/page"}],"author":[{"embeddable":true,"href":"https:\/\/casablanca.dev.gejststudio.com\/moranna\/wp-json\/wp\/v2\/users\/2"}],"replies":[{"embeddable":true,"href":"https:\/\/casablanca.dev.gejststudio.com\/moranna\/wp-json\/wp\/v2\/comments?post=453"}],"version-history":[{"count":23,"href":"https:\/\/casablanca.dev.gejststudio.com\/moranna\/wp-json\/wp\/v2\/pages\/453\/revisions"}],"predecessor-version":[{"id":736,"href":"https:\/\/casablanca.dev.gejststudio.com\/moranna\/wp-json\/wp\/v2\/pages\/453\/revisions\/736"}],"wp:attachment":[{"href":"https:\/\/casablanca.dev.gejststudio.com\/moranna\/wp-json\/wp\/v2\/media?parent=453"}],"curies":[{"name":"wp","href":"https:\/\/api.w.org\/{rel}","templated":true}]}}