{"id":343,"date":"2025-08-29T10:03:46","date_gmt":"2025-08-29T08:03:46","guid":{"rendered":"https:\/\/casablanca.dev.gejststudio.com\/moranna\/?page_id=343"},"modified":"2026-04-27T12:52:57","modified_gmt":"2026-04-27T10:52:57","slug":"saesonaktuelt","status":"publish","type":"page","link":"https:\/\/casablanca.dev.gejststudio.com\/moranna\/saesonaktuelt\/","title":{"rendered":"S\u00e6sonaktuelt"},"content":{"rendered":"\n<div class=\"block-masthead relative max-w-full alignfull has-background w-full alignfull\">\n\r\n<header\r\n    data-hero\r\n    data-hero-type=\"text_and_bg\"\r\n     class='block-hero relative max-w-full alignfull has-background w-full alignfull'>\r\n\r\n    \r\n        \n<div class=\"site-padding-x pt-[var(--header-height)]\">\n    <div class=\"relative flex flex-col justify-end w-full mx-auto max-w-site-width min-h-[70vmin] sm:min-h-[60vmin] rounded overflow-hidden\">\n\n        <!-- Content -->\n        <div\n            data-hero-content\n            class=\"relative z-10 max-w-screen-xl sm:w-10\/12 module-padding-x module-padding-y text-white\"\n        >\n                            <h1 class=\"display-text\">S\u00e6sonaktuelt<\/h1>\n                    <\/div>\n\n        <!-- Media -->\n        \n<div\n    class=\"absolute inset-x-0 top-0 h-full mx-auto\"\n    data-hero-media-outer\n    data-hero-media-should-animate=\"true\"\n>\n    <div\n        class=\"relative w-full h-full overflow-hidden bg-black rounded\"\n        data-hero-media-container\n    >\n\n        \n            <img loading=\"lazy\" decoding=\"async\" width=\"2560\" height=\"2560\" src=\"https:\/\/casablanca.dev.gejststudio.com\/moranna\/wp-content\/uploads\/sites\/5\/2026\/04\/20260330_101322847_iOS-2560x2560.jpg\" class=\"absolute top-0 left-0 h-full w-full object-cover scale-[1.06] blur-lg\" alt=\"\" style=\"opacity: 0.4;\" data-hero-media=\"true\" srcset=\"https:\/\/casablanca.dev.gejststudio.com\/moranna\/wp-content\/uploads\/sites\/5\/2026\/04\/20260330_101322847_iOS-2560x2560.jpg 2560w, https:\/\/casablanca.dev.gejststudio.com\/moranna\/wp-content\/uploads\/sites\/5\/2026\/04\/20260330_101322847_iOS-1280x1280.jpg 1280w, https:\/\/casablanca.dev.gejststudio.com\/moranna\/wp-content\/uploads\/sites\/5\/2026\/04\/20260330_101322847_iOS-384x384.jpg 384w, https:\/\/casablanca.dev.gejststudio.com\/moranna\/wp-content\/uploads\/sites\/5\/2026\/04\/20260330_101322847_iOS-768x768.jpg 768w, https:\/\/casablanca.dev.gejststudio.com\/moranna\/wp-content\/uploads\/sites\/5\/2026\/04\/20260330_101322847_iOS-1536x1536.jpg 1536w, https:\/\/casablanca.dev.gejststudio.com\/moranna\/wp-content\/uploads\/sites\/5\/2026\/04\/20260330_101322847_iOS-2048x2048.jpg 2048w\" sizes=\"auto, (max-width: 2560px) 100vw, 2560px\" \/>\n        \n        \n    <\/div>\n<\/div>\n\n    <\/div>\n<\/div>\n\r\n    \r\n<\/header>\r\n\n<\/div>\n\n\n\n    <section  class='block-lead-paragraph alignwide'>\n\n        <div class=\"text-xl leading-tight sm:text-3xl lg:text-4xl\">\n            Kom forbi butikken i Mejlgade 5 og se vores s\u00e6sonaktuelle udvalg af l\u00e6kkerier.        <\/div>\n\n    <\/section>\n\n\n\n\n\n    <section  class='block-text-and-media alignwide'>\n        <div class=\"block-inner-container grid grid-cols-1 gap-y-5 gap-x-[8vmin] md:grid-cols-2\">\n\n            <!-- Content-->\n            <div class=\"col-span-1 flex flex-col gap-5 md:gap-12 md:w-11\/12 text-left\">\n                                    <h2 class=\"display-text-md text-brand\">\n                        Jordb\u00e6rt\u00e6rter                    <\/h2>\n                \n                                    <div class=\"flex flex-col gap-5 md:gap-6\">\n                                                    <div class=\"wysiwyg-formatting\">\n                                <p>Smag de friske, s\u00f8de jordb\u00e6rt\u00e6rter lavet med masser af k\u00e6rlighed.<\/p>\n<p>Lille: Kr. 45,-<\/p>\n<p>Stor (ca. 6-8 personer): Kr. 200,-<\/p>\n                            <\/div>\n                        \n                                            <\/div>\n                \n                            <\/div>\n\n            <!-- Media -->\n            <div class=\" md:order-last\">\n                    <figure class=\"relative flex items-center h-full w-full overflow-hidden rounded aspect-video\">\n\n        \n            <img loading=\"lazy\" decoding=\"async\" width=\"1280\" height=\"1280\" src=\"https:\/\/casablanca.dev.gejststudio.com\/moranna\/wp-content\/uploads\/sites\/5\/2026\/04\/20260330_101322847_iOS-1280x1280.jpg\" class=\"w-full h-full object-cover\" alt=\"\" srcset=\"https:\/\/casablanca.dev.gejststudio.com\/moranna\/wp-content\/uploads\/sites\/5\/2026\/04\/20260330_101322847_iOS-1280x1280.jpg 1280w, https:\/\/casablanca.dev.gejststudio.com\/moranna\/wp-content\/uploads\/sites\/5\/2026\/04\/20260330_101322847_iOS-384x384.jpg 384w, https:\/\/casablanca.dev.gejststudio.com\/moranna\/wp-content\/uploads\/sites\/5\/2026\/04\/20260330_101322847_iOS-768x768.jpg 768w, https:\/\/casablanca.dev.gejststudio.com\/moranna\/wp-content\/uploads\/sites\/5\/2026\/04\/20260330_101322847_iOS-1536x1536.jpg 1536w, https:\/\/casablanca.dev.gejststudio.com\/moranna\/wp-content\/uploads\/sites\/5\/2026\/04\/20260330_101322847_iOS-2048x2048.jpg 2048w\" sizes=\"auto, (max-width: 1280px) 100vw, 1280px\" \/>\n        \n        \n    <\/figure>\n            <\/div>\n\n        <\/div>\n    <\/section>\n\n\n\n\n\n    <section  class='block-text-and-media alignwide'>\n        <div class=\"block-inner-container grid grid-cols-1 gap-y-5 gap-x-[8vmin] md:grid-cols-2\">\n\n            <!-- Content-->\n            <div class=\"col-span-1 flex flex-col gap-5 md:gap-12 md:w-11\/12 text-left\">\n                                    <h2 class=\"display-text-md text-brand\">\n                        Konditorens egen opskrift                    <\/h2>\n                \n                                    <div class=\"flex flex-col gap-5 md:gap-6\">\n                                                    <div class=\"wysiwyg-formatting\">\n                                <p>Smag byens bedste banankage hos Mor Anna.<\/p>\n<p>Bagt fra bunden med masser af chokolade og n\u00f8dder.<\/p>\n<p>P\u00e5 toppen er bl\u00f8d kaffe- og karamelcreme.<\/p>\n                            <\/div>\n                        \n                                            <\/div>\n                \n                            <\/div>\n\n            <!-- Media -->\n            <div class=\" md:order-first\">\n                    <figure class=\"relative flex items-center h-full w-full overflow-hidden rounded aspect-video\">\n\n        \n            <img loading=\"lazy\" decoding=\"async\" width=\"1280\" height=\"1024\" src=\"https:\/\/casablanca.dev.gejststudio.com\/moranna\/wp-content\/uploads\/sites\/5\/2026\/04\/cropped2-1280x1024.jpg\" class=\"w-full h-full object-cover\" alt=\"\" srcset=\"https:\/\/casablanca.dev.gejststudio.com\/moranna\/wp-content\/uploads\/sites\/5\/2026\/04\/cropped2-1280x1024.jpg 1280w, https:\/\/casablanca.dev.gejststudio.com\/moranna\/wp-content\/uploads\/sites\/5\/2026\/04\/cropped2-768x615.jpg 768w, https:\/\/casablanca.dev.gejststudio.com\/moranna\/wp-content\/uploads\/sites\/5\/2026\/04\/cropped2-1536x1229.jpg 1536w, https:\/\/casablanca.dev.gejststudio.com\/moranna\/wp-content\/uploads\/sites\/5\/2026\/04\/cropped2-2048x1639.jpg 2048w\" sizes=\"auto, (max-width: 1280px) 100vw, 1280px\" \/>\n        \n        \n    <\/figure>\n            <\/div>\n\n        <\/div>\n    <\/section>\n\n\n\n\n\n    <section  class='block-text-and-media alignwide'>\n        <div class=\"block-inner-container grid grid-cols-1 gap-y-5 gap-x-[8vmin] md:grid-cols-2\">\n\n            <!-- Content-->\n            <div class=\"col-span-1 flex flex-col gap-5 md:gap-12 md:w-11\/12 text-left\">\n                                    <h2 class=\"display-text-md text-brand\">\n                        For\u00e5rskagen Frida                    <\/h2>\n                \n                                    <div class=\"flex flex-col gap-5 md:gap-6\">\n                                                    <div class=\"wysiwyg-formatting\">\n                                <p>M\u00e6rk for\u00e5ret i Mor Anna med vores l\u00e6kre, nye kage Frida \u2013 perfekt kombination af bl.a.:<\/p>\n<ul>\n<li>\n<h4>Rabarber<\/h4>\n<\/li>\n<li>\n<h4>Hvid chokolade<\/h4>\n<\/li>\n<li>\n<h4>Mandelknas<\/h4>\n<\/li>\n<li>\n<h4>Lakrids<\/h4>\n<\/li>\n<\/ul>\n                            <\/div>\n                        \n                                            <\/div>\n                \n                            <\/div>\n\n            <!-- Media -->\n            <div class=\" md:order-last\">\n                    <figure class=\"relative flex items-center h-full w-full overflow-hidden rounded aspect-video\">\n\n        \n            <img loading=\"lazy\" decoding=\"async\" width=\"960\" height=\"1280\" src=\"https:\/\/casablanca.dev.gejststudio.com\/moranna\/wp-content\/uploads\/sites\/5\/2026\/04\/20260303_075410309_iOS-960x1280.jpg\" class=\"w-full h-full object-cover\" alt=\"\" srcset=\"https:\/\/casablanca.dev.gejststudio.com\/moranna\/wp-content\/uploads\/sites\/5\/2026\/04\/20260303_075410309_iOS-960x1280.jpg 960w, https:\/\/casablanca.dev.gejststudio.com\/moranna\/wp-content\/uploads\/sites\/5\/2026\/04\/20260303_075410309_iOS-scaled.jpg 1920w, https:\/\/casablanca.dev.gejststudio.com\/moranna\/wp-content\/uploads\/sites\/5\/2026\/04\/20260303_075410309_iOS-768x1024.jpg 768w, https:\/\/casablanca.dev.gejststudio.com\/moranna\/wp-content\/uploads\/sites\/5\/2026\/04\/20260303_075410309_iOS-1152x1536.jpg 1152w, https:\/\/casablanca.dev.gejststudio.com\/moranna\/wp-content\/uploads\/sites\/5\/2026\/04\/20260303_075410309_iOS-1536x2048.jpg 1536w, https:\/\/casablanca.dev.gejststudio.com\/moranna\/wp-content\/uploads\/sites\/5\/2026\/04\/20260303_075410309_iOS-576x768.jpg 576w\" sizes=\"auto, (max-width: 960px) 100vw, 960px\" \/>\n        \n        \n    <\/figure>\n            <\/div>\n\n        <\/div>\n    <\/section>\n\n\n\n\n<p class=\"has-text-align-center\"><strong>\u00d8nsker du flere muligheder at v\u00e6lge mellem?<\/strong><\/p>\n\n\n\n    <section  class='block-buttons aligncenter'>\n        <div x-data={} class=\"flex gap-x-4 gap-y-2 flex-wrap justify-center\">\n\t\t\t\t<a href=\"https:\/\/casablanca.dev.gejststudio.com\/moranna\/kager\/\" target=\"_self\"  class=\"btn max-w-fit \">\n                    Se vores store udvalg af kager\n\t\t\t\t<\/a>\n\t\t\t<\/div>    <\/section>\n\n\n\n\n    <div  class='block-cta relative alignfull has-background bg-brand-bg text-white alignwide'>\n        <div class=\"block-inner-container\">\n\n            <div class=\"relative flex flex-col items-center justify-center text-center gap-5 lg:gap-8 w-full mx-auto max-w-site-width site-padding-x py-[5vmin]\">\n                                    <h2 class=\"display-text max-w-screen-lg text-white\">\n                        Bestil senest 3 dage f\u00f8r                    <\/h2>\n                \n                                    <div class=\"w-11\/12 max-w-md\">\n                        Send os en e-mail med dine \u00f8nsker senest 3 hverdage f\u00f8r festlighederne, s\u00e5 finder vi en l\u00f8sning, som passer til dine behov.                    <\/div>\n                \n                                    <div x-data={} class=\"flex gap-x-4 gap-y-2 flex-wrap\">\n\t\t\t\t<a href=\"mailto:kontakt@moranna.dk?subject=Bestilling&#038;body=\" target=\"_self\"  class=\"max-w-fit btn-white \">\n                    Send os en e-mail\n\t\t\t\t<\/a>\n\t\t\t<\/div>                            <\/div>\n\n        <\/div>\n    <\/div>\n\n","protected":false},"excerpt":{"rendered":"<p>\u00d8nsker du flere muligheder at v\u00e6lge mellem?<\/p>\n","protected":false},"author":2,"featured_media":0,"parent":0,"menu_order":0,"comment_status":"closed","ping_status":"closed","template":"","meta":{"_acf_changed":false,"footnotes":""},"class_list":["post-343","page","type-page","status-publish","hentry"],"acf":[],"_links":{"self":[{"href":"https:\/\/casablanca.dev.gejststudio.com\/moranna\/wp-json\/wp\/v2\/pages\/343","targetHints":{"allow":["GET"]}}],"collection":[{"href":"https:\/\/casablanca.dev.gejststudio.com\/moranna\/wp-json\/wp\/v2\/pages"}],"about":[{"href":"https:\/\/casablanca.dev.gejststudio.com\/moranna\/wp-json\/wp\/v2\/types\/page"}],"author":[{"embeddable":true,"href":"https:\/\/casablanca.dev.gejststudio.com\/moranna\/wp-json\/wp\/v2\/users\/2"}],"replies":[{"embeddable":true,"href":"https:\/\/casablanca.dev.gejststudio.com\/moranna\/wp-json\/wp\/v2\/comments?post=343"}],"version-history":[{"count":8,"href":"https:\/\/casablanca.dev.gejststudio.com\/moranna\/wp-json\/wp\/v2\/pages\/343\/revisions"}],"predecessor-version":[{"id":737,"href":"https:\/\/casablanca.dev.gejststudio.com\/moranna\/wp-json\/wp\/v2\/pages\/343\/revisions\/737"}],"wp:attachment":[{"href":"https:\/\/casablanca.dev.gejststudio.com\/moranna\/wp-json\/wp\/v2\/media?parent=343"}],"curies":[{"name":"wp","href":"https:\/\/api.w.org\/{rel}","templated":true}]}}