{"id":869,"date":"2025-06-26T14:17:04","date_gmt":"2025-06-26T12:17:04","guid":{"rendered":"https:\/\/casablanca.dev.gejststudio.com\/casablanca\/?page_id=869"},"modified":"2026-04-17T11:57:48","modified_gmt":"2026-04-17T09:57:48","slug":"crunch","status":"publish","type":"page","link":"https:\/\/casablanca.dev.gejststudio.com\/casablanca\/crunch\/","title":{"rendered":"Crunch"},"content":{"rendered":"\n<div class=\"block-masthead relative max-w-full alignfull has-background w-full alignfull\">\n\r\n<header\r\n    data-hero\r\n    data-hero-type=\"text_and_bg\"\r\n     class='block-hero relative max-w-full alignfull has-background w-full alignfull'>\r\n\r\n    \r\n        \n<div class=\"site-padding-x pt-[var(--header-height)]\">\n    <div class=\"relative flex flex-col justify-end w-full mx-auto max-w-site-width min-h-[70vmin] sm:min-h-[60vmin] rounded overflow-hidden\">\n\n        <!-- Content -->\n        <div\n            data-hero-content\n            class=\"relative z-10 max-w-screen-xl sm:w-10\/12 module-padding-x module-padding-y text-white\"\n        >\n                            <h1 class=\"display-text\">Byens bedste Crunch<\/h1>\n                    <\/div>\n\n        <!-- Media -->\n        \n<div\n    class=\"absolute inset-x-0 top-0 h-full mx-auto\"\n    data-hero-media-outer\n    data-hero-media-should-animate=\"true\"\n>\n    <div\n        class=\"relative w-full h-full overflow-hidden bg-black rounded\"\n        data-hero-media-container\n    >\n\n        \n            <img loading=\"lazy\" decoding=\"async\" width=\"2560\" height=\"890\" src=\"https:\/\/casablanca.dev.gejststudio.com\/casablanca\/wp-content\/uploads\/sites\/7\/2026\/03\/2026-Casa-byens-bedste2-2560x890.jpg\" class=\"absolute top-0 left-0 h-full w-full object-cover scale-[1.06] blur-lg\" alt=\"\" style=\"opacity: 0.4;\" data-hero-media=\"true\" srcset=\"https:\/\/casablanca.dev.gejststudio.com\/casablanca\/wp-content\/uploads\/sites\/7\/2026\/03\/2026-Casa-byens-bedste2-2560x890.jpg 2560w, https:\/\/casablanca.dev.gejststudio.com\/casablanca\/wp-content\/uploads\/sites\/7\/2026\/03\/2026-Casa-byens-bedste2-1280x445.jpg 1280w, https:\/\/casablanca.dev.gejststudio.com\/casablanca\/wp-content\/uploads\/sites\/7\/2026\/03\/2026-Casa-byens-bedste2-768x267.jpg 768w, https:\/\/casablanca.dev.gejststudio.com\/casablanca\/wp-content\/uploads\/sites\/7\/2026\/03\/2026-Casa-byens-bedste2-1536x534.jpg 1536w, https:\/\/casablanca.dev.gejststudio.com\/casablanca\/wp-content\/uploads\/sites\/7\/2026\/03\/2026-Casa-byens-bedste2-2048x712.jpg 2048w\" sizes=\"auto, (max-width: 2560px) 100vw, 2560px\" \/>\n        \n        \n    <\/div>\n<\/div>\n\n    <\/div>\n<\/div>\n\r\n    \r\n<\/header>\r\n\n<\/div>\n\n\n\n    <section  class='block-lead-paragraph alignwide'>\n\n        <div class=\"text-xl leading-tight sm:text-3xl lg:text-4xl\">\n            Alle ugens dage kan du nyde Aarhus\u2019 bedste morgenmad hos Casablanca \u2013 mere end 700 g\u00e6ster om ugen kan ikke tage fejl!<br \/>\r\nNyd vores Crunch-buffet, der bl.a. byder p\u00e5 l\u00e6kkert, friskbagt br\u00f8d fra vores eget bageri, Mor Anna, og kaffespecialiteter ad libitum: cappuccino, caffe latte, flat white og cortado.        <\/div>\n\n    <\/section>\n\n\n\n\n    <section  class='block-buttons aligncenter'>\n        <div x-data={} class=\"flex gap-x-4 gap-y-2 flex-wrap justify-center\">\n\t\t\t\t<a href=\"#\/p\/3089\" target=\"_self\" data-barba-prevent=\"self\" aria-label=\"Casablanca - Indhold Crunch\" class=\"btn max-w-fit \">\n                    Se hele menuen\n\t\t\t\t<\/a>\n\t\t\t<\/div>    <\/section>\n\n\n\n\n\n    <section  class='block-text-and-media alignwide'>\n        <div class=\"block-inner-container grid grid-cols-1 gap-y-5 gap-x-[8vmin] md:grid-cols-2\">\n\n            <!-- Content-->\n            <div class=\"col-span-1 flex flex-col gap-5 md:gap-12 md:w-11\/12 text-left\">\n                \n                                    <div class=\"flex flex-col gap-5 md:gap-6\">\n                                                    <div class=\"wysiwyg-formatting\">\n                                <ul>\n<li>\n<h4>Almindelige Crunch-reservationer er g\u00e6ldende i 2 timer.<\/h4>\n<\/li>\n<li>\n<h4>Tilk\u00f8b af bobler: Kr. 75,- pr. glas.<\/h4>\n<\/li>\n<li>\n<h4>B\u00f8rn under 2 \u00e5r er gratis.<\/h4>\n<\/li>\n<li>\n<h4>B\u00f8rn under 6 \u00e5r er halv pris.<\/h4>\n<\/li>\n<li>\n<h4>I Crunch-buffeten er det nemt for dig at se hvilke elementer i menuen, der er glutenfri, laktosefri og veganske.<\/h4>\n<\/li>\n<li>\n<h4>\u00d8nskes glutenfrit br\u00f8d, skriv det i kommentarfeltet, n\u00e5r du booker bord.<\/h4>\n<\/li>\n<li>\n<h4>Ved booking over til 8 personer, kontakt os venligst pr. e-mail.<\/h4>\n<\/li>\n<li>\n<h4>Der er ikke mulighed for gavebord og taler.<\/h4>\n<\/li>\n<\/ul>\n                            <\/div>\n                        \n                                                    \n\t\t\t\t<a href=\"mailto:kontakt@casablanca.dk?subject=Kronch%20til%20flere%20end%208%20personer&#038;body=Angiv%20venligst%20f%C3%B8lgende%3A%0A%0D%0A-%20Anledning%3A%0A%0D%0A-%20Antal%20g%C3%A6ster%3A%0A%0D%0A-%20Dato%3A%0A%0D%0A-%20Kontaktoplysninger%3A%0A%0D%0A-%20Hvorn%C3%A5r%20kan%20vi%20tr%C3%A6ffe%20jer%3A\" target=\"_self\"  class=\"max-w-fit btn \">\n                    Kontakt ang. booking til over 8 personer\n\t\t\t\t<\/a>\n\t\t\t                                            <\/div>\n                \n                            <\/div>\n\n            <!-- Media -->\n            <div class=\" md:order-last\">\n                    <figure class=\"relative flex items-center h-full w-full overflow-hidden rounded aspect-video\">\n\n        \n            <img loading=\"lazy\" decoding=\"async\" width=\"960\" height=\"1280\" src=\"https:\/\/casablanca.dev.gejststudio.com\/casablanca\/wp-content\/uploads\/sites\/7\/2026\/02\/20250118_080124635_iOS-Copy-960x1280.jpg\" class=\"w-full h-full object-cover\" alt=\"\" srcset=\"https:\/\/casablanca.dev.gejststudio.com\/casablanca\/wp-content\/uploads\/sites\/7\/2026\/02\/20250118_080124635_iOS-Copy-960x1280.jpg 960w, https:\/\/casablanca.dev.gejststudio.com\/casablanca\/wp-content\/uploads\/sites\/7\/2026\/02\/20250118_080124635_iOS-Copy-scaled.jpg 1920w, https:\/\/casablanca.dev.gejststudio.com\/casablanca\/wp-content\/uploads\/sites\/7\/2026\/02\/20250118_080124635_iOS-Copy-768x1024.jpg 768w, https:\/\/casablanca.dev.gejststudio.com\/casablanca\/wp-content\/uploads\/sites\/7\/2026\/02\/20250118_080124635_iOS-Copy-1152x1536.jpg 1152w, https:\/\/casablanca.dev.gejststudio.com\/casablanca\/wp-content\/uploads\/sites\/7\/2026\/02\/20250118_080124635_iOS-Copy-1536x2048.jpg 1536w, https:\/\/casablanca.dev.gejststudio.com\/casablanca\/wp-content\/uploads\/sites\/7\/2026\/02\/20250118_080124635_iOS-Copy-576x768.jpg 576w\" sizes=\"auto, (max-width: 960px) 100vw, 960px\" \/>\n        \n        \n    <\/figure>\n            <\/div>\n\n        <\/div>\n    <\/section>\n\n\n\n\n    <section  class='block-media-carousel alignwide' data-media-carousel data-auto-scroll=\"false\">\n        <div class=\"block-inner-container\">\n\n            \n            <div class=\"splide\" role=\"group\" data-splide-carousel>\n                <div class=\"!overflow-visible splide__track\">\n                    <div class=\"splide__list\">\n                        \n                            <figure class=\"splide__slide flex flex-col max-h-[60vh] max-w-[75%] sm:max-w-[50%] !mr-3 sm:!mr-5 lg:!mr-8 \">\n                                <div class=\"splide__slide__container overflow-hidden\">\n                                        <figure class=\"relative flex items-center h-full w-full overflow-hidden rounded \">\n\n        \n            <img loading=\"lazy\" decoding=\"async\" width=\"960\" height=\"1280\" src=\"https:\/\/casablanca.dev.gejststudio.com\/casablanca\/wp-content\/uploads\/sites\/7\/2026\/03\/20260310_104134940_iOS-960x1280.jpg\" class=\"w-full h-full object-cover rounded-lg\" alt=\"\" srcset=\"https:\/\/casablanca.dev.gejststudio.com\/casablanca\/wp-content\/uploads\/sites\/7\/2026\/03\/20260310_104134940_iOS-960x1280.jpg 960w, https:\/\/casablanca.dev.gejststudio.com\/casablanca\/wp-content\/uploads\/sites\/7\/2026\/03\/20260310_104134940_iOS-scaled.jpg 1920w, https:\/\/casablanca.dev.gejststudio.com\/casablanca\/wp-content\/uploads\/sites\/7\/2026\/03\/20260310_104134940_iOS-768x1024.jpg 768w, https:\/\/casablanca.dev.gejststudio.com\/casablanca\/wp-content\/uploads\/sites\/7\/2026\/03\/20260310_104134940_iOS-1152x1536.jpg 1152w, https:\/\/casablanca.dev.gejststudio.com\/casablanca\/wp-content\/uploads\/sites\/7\/2026\/03\/20260310_104134940_iOS-1536x2048.jpg 1536w, https:\/\/casablanca.dev.gejststudio.com\/casablanca\/wp-content\/uploads\/sites\/7\/2026\/03\/20260310_104134940_iOS-576x768.jpg 576w\" sizes=\"auto, (max-width: 960px) 100vw, 960px\" \/>\n        \n        \n    <\/figure>\n                                <\/div>\n\n                                                            <\/figure>\n\n                        \n                            <figure class=\"splide__slide flex flex-col max-h-[60vh] max-w-[75%] sm:max-w-[50%] !mr-3 sm:!mr-5 lg:!mr-8 \">\n                                <div class=\"splide__slide__container overflow-hidden\">\n                                        <figure class=\"relative flex items-center h-full w-full overflow-hidden rounded \">\n\n        \n            <img loading=\"lazy\" decoding=\"async\" width=\"1280\" height=\"960\" src=\"https:\/\/casablanca.dev.gejststudio.com\/casablanca\/wp-content\/uploads\/sites\/7\/2026\/02\/Smag-23-1280x960.jpg\" class=\"w-full h-full object-cover rounded-lg\" alt=\"\" srcset=\"https:\/\/casablanca.dev.gejststudio.com\/casablanca\/wp-content\/uploads\/sites\/7\/2026\/02\/Smag-23-1280x960.jpg 1280w, https:\/\/casablanca.dev.gejststudio.com\/casablanca\/wp-content\/uploads\/sites\/7\/2026\/02\/Smag-23-768x576.jpg 768w, https:\/\/casablanca.dev.gejststudio.com\/casablanca\/wp-content\/uploads\/sites\/7\/2026\/02\/Smag-23-1536x1152.jpg 1536w, https:\/\/casablanca.dev.gejststudio.com\/casablanca\/wp-content\/uploads\/sites\/7\/2026\/02\/Smag-23-2048x1536.jpg 2048w\" sizes=\"auto, (max-width: 1280px) 100vw, 1280px\" \/>\n        \n        \n    <\/figure>\n                                <\/div>\n\n                                                            <\/figure>\n\n                        \n                            <figure class=\"splide__slide flex flex-col max-h-[60vh] max-w-[75%] sm:max-w-[50%] !mr-3 sm:!mr-5 lg:!mr-8 \">\n                                <div class=\"splide__slide__container overflow-hidden\">\n                                        <figure class=\"relative flex items-center h-full w-full overflow-hidden rounded \">\n\n        \n            <img loading=\"lazy\" decoding=\"async\" width=\"960\" height=\"1280\" src=\"https:\/\/casablanca.dev.gejststudio.com\/casablanca\/wp-content\/uploads\/sites\/7\/2026\/02\/Messenger_creation_94CB8288-BA3B-4998-A82F-DBB570569C82-960x1280.jpeg\" class=\"w-full h-full object-cover rounded-lg\" alt=\"\" srcset=\"https:\/\/casablanca.dev.gejststudio.com\/casablanca\/wp-content\/uploads\/sites\/7\/2026\/02\/Messenger_creation_94CB8288-BA3B-4998-A82F-DBB570569C82-960x1280.jpeg 960w, https:\/\/casablanca.dev.gejststudio.com\/casablanca\/wp-content\/uploads\/sites\/7\/2026\/02\/Messenger_creation_94CB8288-BA3B-4998-A82F-DBB570569C82-768x1024.jpeg 768w, https:\/\/casablanca.dev.gejststudio.com\/casablanca\/wp-content\/uploads\/sites\/7\/2026\/02\/Messenger_creation_94CB8288-BA3B-4998-A82F-DBB570569C82-1152x1536.jpeg 1152w, https:\/\/casablanca.dev.gejststudio.com\/casablanca\/wp-content\/uploads\/sites\/7\/2026\/02\/Messenger_creation_94CB8288-BA3B-4998-A82F-DBB570569C82-576x768.jpeg 576w, https:\/\/casablanca.dev.gejststudio.com\/casablanca\/wp-content\/uploads\/sites\/7\/2026\/02\/Messenger_creation_94CB8288-BA3B-4998-A82F-DBB570569C82.jpeg 1536w\" sizes=\"auto, (max-width: 960px) 100vw, 960px\" \/>\n        \n        \n    <\/figure>\n                                <\/div>\n\n                                                            <\/figure>\n\n                        \n                            <figure class=\"splide__slide flex flex-col max-h-[60vh] max-w-[75%] sm:max-w-[50%] !mr-3 sm:!mr-5 lg:!mr-8 \">\n                                <div class=\"splide__slide__container overflow-hidden\">\n                                        <figure class=\"relative flex items-center h-full w-full overflow-hidden rounded \">\n\n        \n            <img loading=\"lazy\" decoding=\"async\" width=\"960\" height=\"1280\" src=\"https:\/\/casablanca.dev.gejststudio.com\/casablanca\/wp-content\/uploads\/sites\/7\/2026\/03\/20260310_104219329_iOS-960x1280.jpg\" class=\"w-full h-full object-cover rounded-lg\" alt=\"\" srcset=\"https:\/\/casablanca.dev.gejststudio.com\/casablanca\/wp-content\/uploads\/sites\/7\/2026\/03\/20260310_104219329_iOS-960x1280.jpg 960w, https:\/\/casablanca.dev.gejststudio.com\/casablanca\/wp-content\/uploads\/sites\/7\/2026\/03\/20260310_104219329_iOS-scaled.jpg 1920w, https:\/\/casablanca.dev.gejststudio.com\/casablanca\/wp-content\/uploads\/sites\/7\/2026\/03\/20260310_104219329_iOS-768x1024.jpg 768w, https:\/\/casablanca.dev.gejststudio.com\/casablanca\/wp-content\/uploads\/sites\/7\/2026\/03\/20260310_104219329_iOS-1152x1536.jpg 1152w, https:\/\/casablanca.dev.gejststudio.com\/casablanca\/wp-content\/uploads\/sites\/7\/2026\/03\/20260310_104219329_iOS-1536x2048.jpg 1536w, https:\/\/casablanca.dev.gejststudio.com\/casablanca\/wp-content\/uploads\/sites\/7\/2026\/03\/20260310_104219329_iOS-576x768.jpg 576w\" sizes=\"auto, (max-width: 960px) 100vw, 960px\" \/>\n        \n        \n    <\/figure>\n                                <\/div>\n\n                                                            <\/figure>\n\n                        \n                            <figure class=\"splide__slide flex flex-col max-h-[60vh] max-w-[75%] sm:max-w-[50%] !mr-3 sm:!mr-5 lg:!mr-8 \">\n                                <div class=\"splide__slide__container overflow-hidden\">\n                                        <figure class=\"relative flex items-center h-full w-full overflow-hidden rounded \">\n\n        \n            <img loading=\"lazy\" decoding=\"async\" width=\"960\" height=\"1280\" src=\"https:\/\/casablanca.dev.gejststudio.com\/casablanca\/wp-content\/uploads\/sites\/7\/2026\/02\/Smag-2-960x1280.jpg\" class=\"w-full h-full object-cover rounded-lg\" alt=\"\" srcset=\"https:\/\/casablanca.dev.gejststudio.com\/casablanca\/wp-content\/uploads\/sites\/7\/2026\/02\/Smag-2-960x1280.jpg 960w, https:\/\/casablanca.dev.gejststudio.com\/casablanca\/wp-content\/uploads\/sites\/7\/2026\/02\/Smag-2-scaled.jpg 1920w, https:\/\/casablanca.dev.gejststudio.com\/casablanca\/wp-content\/uploads\/sites\/7\/2026\/02\/Smag-2-768x1024.jpg 768w, https:\/\/casablanca.dev.gejststudio.com\/casablanca\/wp-content\/uploads\/sites\/7\/2026\/02\/Smag-2-1152x1536.jpg 1152w, https:\/\/casablanca.dev.gejststudio.com\/casablanca\/wp-content\/uploads\/sites\/7\/2026\/02\/Smag-2-1536x2048.jpg 1536w, https:\/\/casablanca.dev.gejststudio.com\/casablanca\/wp-content\/uploads\/sites\/7\/2026\/02\/Smag-2-576x768.jpg 576w\" sizes=\"auto, (max-width: 960px) 100vw, 960px\" \/>\n        \n        \n    <\/figure>\n                                <\/div>\n\n                                                            <\/figure>\n\n                        \n                            <figure class=\"splide__slide flex flex-col max-h-[60vh] max-w-[75%] sm:max-w-[50%] !mr-3 sm:!mr-5 lg:!mr-8 \">\n                                <div class=\"splide__slide__container overflow-hidden\">\n                                        <figure class=\"relative flex items-center h-full w-full overflow-hidden rounded \">\n\n        \n            <img loading=\"lazy\" decoding=\"async\" width=\"960\" height=\"1280\" src=\"https:\/\/casablanca.dev.gejststudio.com\/casablanca\/wp-content\/uploads\/sites\/7\/2026\/02\/Smag-21-960x1280.jpg\" class=\"w-full h-full object-cover rounded-lg\" alt=\"\" srcset=\"https:\/\/casablanca.dev.gejststudio.com\/casablanca\/wp-content\/uploads\/sites\/7\/2026\/02\/Smag-21-960x1280.jpg 960w, https:\/\/casablanca.dev.gejststudio.com\/casablanca\/wp-content\/uploads\/sites\/7\/2026\/02\/Smag-21-scaled.jpg 1920w, https:\/\/casablanca.dev.gejststudio.com\/casablanca\/wp-content\/uploads\/sites\/7\/2026\/02\/Smag-21-768x1024.jpg 768w, https:\/\/casablanca.dev.gejststudio.com\/casablanca\/wp-content\/uploads\/sites\/7\/2026\/02\/Smag-21-1152x1536.jpg 1152w, https:\/\/casablanca.dev.gejststudio.com\/casablanca\/wp-content\/uploads\/sites\/7\/2026\/02\/Smag-21-1536x2048.jpg 1536w, https:\/\/casablanca.dev.gejststudio.com\/casablanca\/wp-content\/uploads\/sites\/7\/2026\/02\/Smag-21-576x768.jpg 576w\" sizes=\"auto, (max-width: 960px) 100vw, 960px\" \/>\n        \n        \n    <\/figure>\n                                <\/div>\n\n                                                            <\/figure>\n\n                        \n                            <figure class=\"splide__slide flex flex-col max-h-[60vh] max-w-[75%] sm:max-w-[50%] !mr-3 sm:!mr-5 lg:!mr-8 \">\n                                <div class=\"splide__slide__container overflow-hidden\">\n                                        <figure class=\"relative flex items-center h-full w-full overflow-hidden rounded \">\n\n        \n            <img loading=\"lazy\" decoding=\"async\" width=\"960\" height=\"1280\" src=\"https:\/\/casablanca.dev.gejststudio.com\/casablanca\/wp-content\/uploads\/sites\/7\/2026\/02\/20250118_075733528_iOS-Copy-960x1280.jpg\" class=\"w-full h-full object-cover rounded-lg\" alt=\"\" srcset=\"https:\/\/casablanca.dev.gejststudio.com\/casablanca\/wp-content\/uploads\/sites\/7\/2026\/02\/20250118_075733528_iOS-Copy-960x1280.jpg 960w, https:\/\/casablanca.dev.gejststudio.com\/casablanca\/wp-content\/uploads\/sites\/7\/2026\/02\/20250118_075733528_iOS-Copy-scaled.jpg 1920w, https:\/\/casablanca.dev.gejststudio.com\/casablanca\/wp-content\/uploads\/sites\/7\/2026\/02\/20250118_075733528_iOS-Copy-768x1024.jpg 768w, https:\/\/casablanca.dev.gejststudio.com\/casablanca\/wp-content\/uploads\/sites\/7\/2026\/02\/20250118_075733528_iOS-Copy-1152x1536.jpg 1152w, https:\/\/casablanca.dev.gejststudio.com\/casablanca\/wp-content\/uploads\/sites\/7\/2026\/02\/20250118_075733528_iOS-Copy-1536x2048.jpg 1536w, https:\/\/casablanca.dev.gejststudio.com\/casablanca\/wp-content\/uploads\/sites\/7\/2026\/02\/20250118_075733528_iOS-Copy-576x768.jpg 576w\" sizes=\"auto, (max-width: 960px) 100vw, 960px\" \/>\n        \n        \n    <\/figure>\n                                <\/div>\n\n                                                            <\/figure>\n\n                                            <\/div>\n                <\/div>\n\n                                    <div class=\"flex items-center justify-end mt-4\">\n                        <!-- Arrows -->\n                        <div class=\"flex items-center justify-center gap-2 splide__arrows\">\n                            <div role=\"button\" tabindex=\"0\" class=\"group flex items-center justify-center size-10 border border-current rounded-full cursor-pointer splide__arrow splide__arrow--prev\">\n                                <svg class=\"w-3 duration-200 ease-in-out group-hover:-translate-x-0.5\" xmlns=\"http:\/\/www.w3.org\/2000\/svg\" viewBox=\"0 0 13 13\">\n                                    <path d=\"M12.2 6.6H1m5.6 5.6L1 6.6 6.6 1\" stroke=\"currentColor\" fill=\"none\" fill-rule=\"evenodd\" stroke-linecap=\"round\" stroke-linejoin=\"round\"\/>\n                                <\/svg>\n                            <\/div>\n\n                            <div role=\"button\" tabindex=\"0\" class=\"group flex items-center justify-center size-10 border border-current rounded-full cursor-pointer splide__arrow splide__arrow--next\">\n                                <svg class=\"w-3 duration-200 ease-in-out group-hover:translate-x-0.5\" xmlns=\"http:\/\/www.w3.org\/2000\/svg\" viewBox=\"0 0 13 13\">\n                                    <path d=\"M1 6.6h11.2M6.6 1l5.6 5.6-5.6 5.6\" stroke=\"currentColor\" fill=\"none\" fill-rule=\"evenodd\" stroke-linecap=\"round\" stroke-linejoin=\"round\"\/>\n                                <\/svg>\n                            <\/div>\n                        <\/div>\n                    <\/div>\n                            <\/div>\n\n        <\/div>\n    <\/section>\n\n\n\n\n    <div  class='block-cta relative alignfull has-background bg-brand-bg text-white alignwide'>\n        <div class=\"block-inner-container\">\n\n            <div class=\"relative flex flex-col items-center justify-center text-center gap-5 lg:gap-8 w-full mx-auto max-w-site-width site-padding-x py-[5vmin]\">\n                                    <h2 class=\"display-text max-w-screen-lg text-white\">\n                        Book bord                     <\/h2>\n                \n                                    <div class=\"w-11\/12 max-w-md\">\n                        Nyd byens bedste Crunch med dem, du holder af.                    <\/div>\n                \n                                    <div x-data={} class=\"flex gap-x-4 gap-y-2 flex-wrap\">\n\t\t\t\t<a href=\"https:\/\/casablanca.booketbord.dk\/onlinebooking\" target=\"_blank\" rel=\"nofollow noopener\" class=\"max-w-fit btn-white \">\n                    Book bord\n\t\t\t\t<\/a>\n\t\t\t<\/div>                            <\/div>\n\n        <\/div>\n    <\/div>\n\n","protected":false},"excerpt":{"rendered":"","protected":false},"author":2,"featured_media":0,"parent":0,"menu_order":0,"comment_status":"closed","ping_status":"closed","template":"","meta":{"_acf_changed":false,"footnotes":""},"class_list":["post-869","page","type-page","status-publish","hentry"],"acf":[],"_links":{"self":[{"href":"https:\/\/casablanca.dev.gejststudio.com\/casablanca\/wp-json\/wp\/v2\/pages\/869","targetHints":{"allow":["GET"]}}],"collection":[{"href":"https:\/\/casablanca.dev.gejststudio.com\/casablanca\/wp-json\/wp\/v2\/pages"}],"about":[{"href":"https:\/\/casablanca.dev.gejststudio.com\/casablanca\/wp-json\/wp\/v2\/types\/page"}],"author":[{"embeddable":true,"href":"https:\/\/casablanca.dev.gejststudio.com\/casablanca\/wp-json\/wp\/v2\/users\/2"}],"replies":[{"embeddable":true,"href":"https:\/\/casablanca.dev.gejststudio.com\/casablanca\/wp-json\/wp\/v2\/comments?post=869"}],"version-history":[{"count":60,"href":"https:\/\/casablanca.dev.gejststudio.com\/casablanca\/wp-json\/wp\/v2\/pages\/869\/revisions"}],"predecessor-version":[{"id":3391,"href":"https:\/\/casablanca.dev.gejststudio.com\/casablanca\/wp-json\/wp\/v2\/pages\/869\/revisions\/3391"}],"wp:attachment":[{"href":"https:\/\/casablanca.dev.gejststudio.com\/casablanca\/wp-json\/wp\/v2\/media?parent=869"}],"curies":[{"name":"wp","href":"https:\/\/api.w.org\/{rel}","templated":true}]}}