{"id":3319,"date":"2025-06-26T14:17:04","date_gmt":"2025-06-26T12:17:04","guid":{"rendered":"https:\/\/casablanca.dev.gejststudio.com\/casablanca\/?page_id=3319"},"modified":"2026-04-10T11:44:21","modified_gmt":"2026-04-10T09:44:21","slug":"spis-sammen","status":"publish","type":"page","link":"https:\/\/casablanca.dev.gejststudio.com\/casablanca\/spis-sammen\/","title":{"rendered":"&#8220;Spis sammen&#8221;"},"content":{"rendered":"\n<div class=\"block-masthead relative max-w-full alignfull has-background w-full alignfull\">\n\r\n<header\r\n    data-hero\r\n    data-hero-type=\"text_and_bg\"\r\n     class='block-hero relative max-w-full alignfull has-background w-full alignfull'>\r\n\r\n    \r\n        \n<div class=\"site-padding-x pt-[var(--header-height)]\">\n    <div class=\"relative flex flex-col justify-end w-full mx-auto max-w-site-width min-h-[70vmin] sm:min-h-[60vmin] rounded overflow-hidden\">\n\n        <!-- Content -->\n        <div\n            data-hero-content\n            class=\"relative z-10 max-w-screen-xl sm:w-10\/12 module-padding-x module-padding-y text-white\"\n        >\n                            <h1 class=\"display-text\">&#8220;Spis sammen&#8221;<\/h1>\n                    <\/div>\n\n        <!-- Media -->\n        \n<div\n    class=\"absolute inset-x-0 top-0 h-full mx-auto\"\n    data-hero-media-outer\n    data-hero-media-should-animate=\"true\"\n>\n    <div\n        class=\"relative w-full h-full overflow-hidden bg-black rounded\"\n        data-hero-media-container\n    >\n\n        \n            <img loading=\"lazy\" decoding=\"async\" width=\"1920\" height=\"2560\" src=\"https:\/\/casablanca.dev.gejststudio.com\/casablanca\/wp-content\/uploads\/sites\/7\/2026\/03\/20260304_185323004_iOS-1920x2560.jpg\" class=\"absolute top-0 left-0 h-full w-full object-cover scale-[1.06] blur-lg\" alt=\"\" style=\"opacity: 0.4;\" data-hero-media=\"true\" srcset=\"https:\/\/casablanca.dev.gejststudio.com\/casablanca\/wp-content\/uploads\/sites\/7\/2026\/03\/20260304_185323004_iOS-scaled.jpg 1920w, https:\/\/casablanca.dev.gejststudio.com\/casablanca\/wp-content\/uploads\/sites\/7\/2026\/03\/20260304_185323004_iOS-960x1280.jpg 960w, https:\/\/casablanca.dev.gejststudio.com\/casablanca\/wp-content\/uploads\/sites\/7\/2026\/03\/20260304_185323004_iOS-768x1024.jpg 768w, https:\/\/casablanca.dev.gejststudio.com\/casablanca\/wp-content\/uploads\/sites\/7\/2026\/03\/20260304_185323004_iOS-1152x1536.jpg 1152w, https:\/\/casablanca.dev.gejststudio.com\/casablanca\/wp-content\/uploads\/sites\/7\/2026\/03\/20260304_185323004_iOS-1536x2048.jpg 1536w, https:\/\/casablanca.dev.gejststudio.com\/casablanca\/wp-content\/uploads\/sites\/7\/2026\/03\/20260304_185323004_iOS-576x768.jpg 576w\" sizes=\"auto, (max-width: 1920px) 100vw, 1920px\" \/>\n        \n        \n    <\/div>\n<\/div>\n\n    <\/div>\n<\/div>\n\r\n    \r\n<\/header>\r\n\n<\/div>\n\n\n\n    <section  class='block-lead-paragraph alignwide'>\n\n        <div class=\"text-xl leading-tight sm:text-3xl lg:text-4xl\">\n            Nyd dagens ret sammen med andre \u201ci samme b\u00e5d\u201d. Her er ikke et menukort, men en l\u00e6kker ret lavet fra bunden og afstemt efter \u00e5rstiden \u2013 hver onsdag.        <\/div>\n\n    <\/section>\n\n\n\n\n\n    <section  class='block-text-and-media alignwide'>\n        <div class=\"block-inner-container grid grid-cols-1 gap-y-5 gap-x-[8vmin] md:grid-cols-2\">\n\n            <!-- Content-->\n            <div class=\"col-span-1 flex flex-col gap-5 md:gap-12 md:w-11\/12 text-left\">\n                                    <h2 class=\"display-text-md text-brand\">\n                        &#8220;Spis sammen&#8221; &#8211; ved hvert sit bord                    <\/h2>\n                \n                                    <div class=\"flex flex-col gap-5 md:gap-6\">\n                                                    <div class=\"wysiwyg-formatting\">\n                                <h4>Fransk mad med nordisk isl\u00e6t<\/h4>\n<ul>\n<li>\n<h4>Onsdag byder k\u00f8kkenchef, Patrice Burger, p\u00e5 en velsmagende ret lavet fra bunden \u2013 ny ret hver onsdag!<\/h4>\n<\/li>\n<li>\n<h4>Br\u00f8dbuffet med br\u00f8d fra Mor Anna, vores eget bageri, samt sm\u00f8r.<\/h4>\n<\/li>\n<li>\n<h4>Drikkevarer kan tilk\u00f8bes. Postevand er inkluderet.<\/h4>\n<\/li>\n<li>\n<h4>Ankomst mellem kl. 17.00 og 19.00.<\/h4>\n<\/li>\n<li>\n<h4>Kr. 129,- pr. person.<\/h4>\n<\/li>\n<\/ul>\n                            <\/div>\n                        \n                                            <\/div>\n                \n                            <\/div>\n\n            <!-- Media -->\n            <div class=\" md:order-last\">\n                    <figure class=\"relative flex items-center h-full w-full overflow-hidden rounded aspect-video\">\n\n        \n            <img loading=\"lazy\" decoding=\"async\" width=\"1280\" height=\"1001\" src=\"https:\/\/casablanca.dev.gejststudio.com\/casablanca\/wp-content\/uploads\/sites\/7\/2026\/02\/20250918_172529223_iOS-scaled-e1775632855138-1280x1001.jpg\" class=\"w-full h-full object-cover\" alt=\"\" srcset=\"https:\/\/casablanca.dev.gejststudio.com\/casablanca\/wp-content\/uploads\/sites\/7\/2026\/02\/20250918_172529223_iOS-scaled-e1775632855138-1280x1001.jpg 1280w, https:\/\/casablanca.dev.gejststudio.com\/casablanca\/wp-content\/uploads\/sites\/7\/2026\/02\/20250918_172529223_iOS-scaled-e1775632855138-768x601.jpg 768w, https:\/\/casablanca.dev.gejststudio.com\/casablanca\/wp-content\/uploads\/sites\/7\/2026\/02\/20250918_172529223_iOS-scaled-e1775632855138-1536x1202.jpg 1536w, https:\/\/casablanca.dev.gejststudio.com\/casablanca\/wp-content\/uploads\/sites\/7\/2026\/02\/20250918_172529223_iOS-scaled-e1775632855138.jpg 1920w\" sizes=\"auto, (max-width: 1280px) 100vw, 1280px\" \/>\n        \n        \n    <\/figure>\n            <\/div>\n\n        <\/div>\n    <\/section>\n\n\n\n\n<h3 class=\"wp-block-heading has-text-align-center\">15. april<\/h3>\n\n\n\n<p class=\"has-text-align-center\">Coq au vin<br>med bagte guler\u00f8dder, selleri, perlel\u00f8g og champignon, <br>serveret med knuste kartofler og urter.<\/p>\n\n\n\n<h3 class=\"wp-block-heading has-text-align-center\">22. april<\/h3>\n\n\n\n<p class=\"has-text-align-center\">Stegt laks<br>med ristet spidsk\u00e5l, variation af asparges, kartofler og hollandaise.<\/p>\n\n\n\n<h3 class=\"wp-block-heading has-text-align-center\">29. april<\/h3>\n\n\n\n<p class=\"has-text-align-center\">Pariserb\u00f8f a la Patrice.<\/p>\n\n\n\n    <div  class='block-cta relative alignfull has-background bg-brand-bg text-white alignwide'>\n        <div class=\"block-inner-container\">\n\n            <div class=\"relative flex flex-col items-center justify-center text-center gap-5 lg:gap-8 w-full mx-auto max-w-site-width site-padding-x py-[5vmin]\">\n                                    <h2 class=\"display-text max-w-screen-lg text-white\">\n                        K\u00f8b billet                    <\/h2>\n                \n                                    <div class=\"w-11\/12 max-w-md\">\n                        Nyd den l\u00e6kreste mad i Latinerkvarteret med andre &#8220;i samme b\u00e5d&#8221;.                    <\/div>\n                \n                                    <div x-data={} class=\"flex gap-x-4 gap-y-2 flex-wrap\">\n\t\t\t\t<a href=\"https:\/\/casablanca.booketbord.dk\/onlinebooking\" target=\"_blank\" rel=\"nofollow noopener\" class=\"max-w-fit btn-white \">\n                    K\u00f8b billet\n\t\t\t\t<\/a>\n\t\t\t<\/div>                            <\/div>\n\n        <\/div>\n    <\/div>\n\n","protected":false},"excerpt":{"rendered":"<p>15. april Coq au vinmed bagte guler\u00f8dder, selleri, perlel\u00f8g og champignon, serveret med knuste kartofler og urter. 22. april Stegt laksmed ristet spidsk\u00e5l, variation af asparges, kartofler og&hellip;<\/p>\n","protected":false},"author":2,"featured_media":0,"parent":0,"menu_order":0,"comment_status":"closed","ping_status":"closed","template":"","meta":{"_acf_changed":false,"footnotes":""},"class_list":["post-3319","page","type-page","status-publish","hentry"],"acf":[],"_links":{"self":[{"href":"https:\/\/casablanca.dev.gejststudio.com\/casablanca\/wp-json\/wp\/v2\/pages\/3319","targetHints":{"allow":["GET"]}}],"collection":[{"href":"https:\/\/casablanca.dev.gejststudio.com\/casablanca\/wp-json\/wp\/v2\/pages"}],"about":[{"href":"https:\/\/casablanca.dev.gejststudio.com\/casablanca\/wp-json\/wp\/v2\/types\/page"}],"author":[{"embeddable":true,"href":"https:\/\/casablanca.dev.gejststudio.com\/casablanca\/wp-json\/wp\/v2\/users\/2"}],"replies":[{"embeddable":true,"href":"https:\/\/casablanca.dev.gejststudio.com\/casablanca\/wp-json\/wp\/v2\/comments?post=3319"}],"version-history":[{"count":7,"href":"https:\/\/casablanca.dev.gejststudio.com\/casablanca\/wp-json\/wp\/v2\/pages\/3319\/revisions"}],"predecessor-version":[{"id":3379,"href":"https:\/\/casablanca.dev.gejststudio.com\/casablanca\/wp-json\/wp\/v2\/pages\/3319\/revisions\/3379"}],"wp:attachment":[{"href":"https:\/\/casablanca.dev.gejststudio.com\/casablanca\/wp-json\/wp\/v2\/media?parent=3319"}],"curies":[{"name":"wp","href":"https:\/\/api.w.org\/{rel}","templated":true}]}}