{"id":3259,"date":"2025-06-26T14:17:04","date_gmt":"2025-06-26T12:17:04","guid":{"rendered":"https:\/\/casablanca.dev.gejststudio.com\/casablanca\/?page_id=3259"},"modified":"2026-04-08T12:43:51","modified_gmt":"2026-04-08T10:43:51","slug":"teatermenu","status":"publish","type":"page","link":"https:\/\/casablanca.dev.gejststudio.com\/casablanca\/teatermenu\/","title":{"rendered":"Teatermenu"},"content":{"rendered":"\n<div class=\"block-masthead relative max-w-full alignfull has-background w-full alignfull\">\n\r\n<header\r\n    data-hero\r\n    data-hero-type=\"text_and_bg\"\r\n     class='block-hero relative max-w-full alignfull has-background w-full alignfull'>\r\n\r\n    \r\n        \n<div class=\"site-padding-x pt-[var(--header-height)]\">\n    <div class=\"relative flex flex-col justify-end w-full mx-auto max-w-site-width min-h-[70vmin] sm:min-h-[60vmin] rounded overflow-hidden\">\n\n        <!-- Content -->\n        <div\n            data-hero-content\n            class=\"relative z-10 max-w-screen-xl sm:w-10\/12 module-padding-x module-padding-y text-white\"\n        >\n                            <h1 class=\"display-text\">Teatermenu<\/h1>\n                    <\/div>\n\n        <!-- Media -->\n        \n<div\n    class=\"absolute inset-x-0 top-0 h-full mx-auto\"\n    data-hero-media-outer\n    data-hero-media-should-animate=\"true\"\n>\n    <div\n        class=\"relative w-full h-full overflow-hidden bg-black rounded\"\n        data-hero-media-container\n    >\n\n        \n            <img loading=\"lazy\" decoding=\"async\" width=\"2560\" height=\"2048\" src=\"https:\/\/casablanca.dev.gejststudio.com\/casablanca\/wp-content\/uploads\/sites\/7\/2026\/03\/Aarhusteater-2560x2048.jpg\" class=\"absolute top-0 left-0 h-full w-full object-cover scale-[1.06] blur-lg\" alt=\"\" style=\"opacity: 0.4;\" data-hero-media=\"true\" srcset=\"https:\/\/casablanca.dev.gejststudio.com\/casablanca\/wp-content\/uploads\/sites\/7\/2026\/03\/Aarhusteater-2560x2048.jpg 2560w, https:\/\/casablanca.dev.gejststudio.com\/casablanca\/wp-content\/uploads\/sites\/7\/2026\/03\/Aarhusteater-1280x1024.jpg 1280w, https:\/\/casablanca.dev.gejststudio.com\/casablanca\/wp-content\/uploads\/sites\/7\/2026\/03\/Aarhusteater-768x614.jpg 768w, https:\/\/casablanca.dev.gejststudio.com\/casablanca\/wp-content\/uploads\/sites\/7\/2026\/03\/Aarhusteater-1536x1229.jpg 1536w, https:\/\/casablanca.dev.gejststudio.com\/casablanca\/wp-content\/uploads\/sites\/7\/2026\/03\/Aarhusteater-2048x1638.jpg 2048w\" sizes=\"auto, (max-width: 2560px) 100vw, 2560px\" \/>\n        \n        \n    <\/div>\n<\/div>\n\n    <\/div>\n<\/div>\n\r\n    \r\n<\/header>\r\n\n<\/div>\n\n\n\n    <section  class='block-lead-paragraph alignwide'>\n\n        <div class=\"text-xl leading-tight sm:text-3xl lg:text-4xl\">\n            En aften i teatret fortjener en god begyndelse. Kun 2 minutters fra Aarhus Teater ligger Casablanca \u2013 det oplagte sted for jer at nyde den sk\u00f8nneste mad, inden jeres kulturelle oplevelse.        <\/div>\n\n    <\/section>\n\n\n\n\n\n    <section  class='block-text-and-media alignwide'>\n        <div class=\"block-inner-container grid grid-cols-1 gap-y-5 gap-x-[8vmin] md:grid-cols-2\">\n\n            <!-- Content-->\n            <div class=\"col-span-1 flex flex-col gap-5 md:gap-12 md:w-11\/12 text-left\">\n                                    <h2 class=\"display-text-md text-brand\">\n                        2 minutters gang fra Aarhus Teater                    <\/h2>\n                \n                                    <div class=\"flex flex-col gap-5 md:gap-6\">\n                                                    <div class=\"wysiwyg-formatting\">\n                                <p>Her er stemningen uformel, varm og levende. Vi laver alt fra bunden og serverer retter, der b\u00e5de m\u00e6tter og begejstrer \u2013 uden at det bliver h\u00f8jtideligt.<\/p>\n<p>Kombinationen af god mad, n\u00e6rv\u00e6rende service og den centrale placering g\u00f8r det let at starte aftenen i ro og forts\u00e6tte videre mod teatret lige rundt om hj\u00f8rnet.<\/p>\n                            <\/div>\n                        \n                                                    \n\t\t\t\t<a href=\"#\/p\/2724\" target=\"_self\" data-barba-prevent=\"self\" aria-label=\"Casablanca - Aktuel menu\" class=\"max-w-fit btn \">\n                    L\u00e6s vores aktuelle menu\n\t\t\t\t<\/a>\n\t\t\t                                            <\/div>\n                \n                            <\/div>\n\n            <!-- Media -->\n            <div class=\" md:order-last\">\n                    <figure class=\"relative flex items-center h-full w-full overflow-hidden rounded aspect-video\">\n\n        \n            <img loading=\"lazy\" decoding=\"async\" width=\"1280\" height=\"960\" src=\"https:\/\/casablanca.dev.gejststudio.com\/casablanca\/wp-content\/uploads\/sites\/7\/2026\/03\/20260323_095128802_iOS-1280x960.jpg\" class=\"w-full h-full object-cover\" alt=\"\" srcset=\"https:\/\/casablanca.dev.gejststudio.com\/casablanca\/wp-content\/uploads\/sites\/7\/2026\/03\/20260323_095128802_iOS-1280x960.jpg 1280w, https:\/\/casablanca.dev.gejststudio.com\/casablanca\/wp-content\/uploads\/sites\/7\/2026\/03\/20260323_095128802_iOS-768x576.jpg 768w, https:\/\/casablanca.dev.gejststudio.com\/casablanca\/wp-content\/uploads\/sites\/7\/2026\/03\/20260323_095128802_iOS-1536x1152.jpg 1536w, https:\/\/casablanca.dev.gejststudio.com\/casablanca\/wp-content\/uploads\/sites\/7\/2026\/03\/20260323_095128802_iOS-2048x1536.jpg 2048w\" sizes=\"auto, (max-width: 1280px) 100vw, 1280px\" \/>\n        \n        \n    <\/figure>\n            <\/div>\n\n        <\/div>\n    <\/section>\n\n\n\n\n    <div  class='block-cta relative alignfull has-background bg-brand-bg text-white alignwide'>\n        <div class=\"block-inner-container\">\n\n            <div class=\"relative flex flex-col items-center justify-center text-center gap-5 lg:gap-8 w-full mx-auto max-w-site-width site-padding-x py-[5vmin]\">\n                                    <h2 class=\"display-text max-w-screen-lg text-white\">\n                        Book bord                     <\/h2>\n                \n                                    <div class=\"w-11\/12 max-w-md\">\n                        Start jeres kulturelle aften med den sk\u00f8nneste mad 2 minutters gang fra Aarhus Teater &#8211; p\u00e5 Casablanca.                    <\/div>\n                \n                                    <div x-data={} class=\"flex gap-x-4 gap-y-2 flex-wrap\">\n\t\t\t\t<a href=\"https:\/\/casablanca.booketbord.dk\/onlinebooking\" target=\"_blank\" rel=\"nofollow noopener\" class=\"max-w-fit btn-white \">\n                    Book bord\n\t\t\t\t<\/a>\n\t\t\t<\/div>                            <\/div>\n\n        <\/div>\n    <\/div>\n\n","protected":false},"excerpt":{"rendered":"","protected":false},"author":2,"featured_media":0,"parent":0,"menu_order":0,"comment_status":"closed","ping_status":"closed","template":"","meta":{"_acf_changed":false,"footnotes":""},"class_list":["post-3259","page","type-page","status-publish","hentry"],"acf":[],"_links":{"self":[{"href":"https:\/\/casablanca.dev.gejststudio.com\/casablanca\/wp-json\/wp\/v2\/pages\/3259","targetHints":{"allow":["GET"]}}],"collection":[{"href":"https:\/\/casablanca.dev.gejststudio.com\/casablanca\/wp-json\/wp\/v2\/pages"}],"about":[{"href":"https:\/\/casablanca.dev.gejststudio.com\/casablanca\/wp-json\/wp\/v2\/types\/page"}],"author":[{"embeddable":true,"href":"https:\/\/casablanca.dev.gejststudio.com\/casablanca\/wp-json\/wp\/v2\/users\/2"}],"replies":[{"embeddable":true,"href":"https:\/\/casablanca.dev.gejststudio.com\/casablanca\/wp-json\/wp\/v2\/comments?post=3259"}],"version-history":[{"count":3,"href":"https:\/\/casablanca.dev.gejststudio.com\/casablanca\/wp-json\/wp\/v2\/pages\/3259\/revisions"}],"predecessor-version":[{"id":3348,"href":"https:\/\/casablanca.dev.gejststudio.com\/casablanca\/wp-json\/wp\/v2\/pages\/3259\/revisions\/3348"}],"wp:attachment":[{"href":"https:\/\/casablanca.dev.gejststudio.com\/casablanca\/wp-json\/wp\/v2\/media?parent=3259"}],"curies":[{"name":"wp","href":"https:\/\/api.w.org\/{rel}","templated":true}]}}