{"id":1610,"date":"2025-06-26T11:08:55","date_gmt":"2025-06-26T09:08:55","guid":{"rendered":"https:\/\/casablanca.dev.gejststudio.com\/casablanca\/?page_id=1610"},"modified":"2026-03-27T12:00:17","modified_gmt":"2026-03-27T11:00:17","slug":"kontakt-og-abningstider","status":"publish","type":"page","link":"https:\/\/casablanca.dev.gejststudio.com\/casablanca\/kontakt-og-abningstider\/","title":{"rendered":"Kontakt og \u00e5bningstider"},"content":{"rendered":"\n<div class=\"block-masthead relative max-w-full alignfull has-background w-full alignfull\">\n\r\n<header\r\n    data-hero\r\n    data-hero-type=\"text_and_bg\"\r\n     class='block-hero relative max-w-full alignfull has-background w-full alignfull'>\r\n\r\n    \r\n        \n<div class=\"site-padding-x pt-[var(--header-height)]\">\n    <div class=\"relative flex flex-col justify-end w-full mx-auto max-w-site-width min-h-[70vmin] sm:min-h-[60vmin] rounded overflow-hidden\">\n\n        <!-- Content -->\n        <div\n            data-hero-content\n            class=\"relative z-10 max-w-screen-xl sm:w-10\/12 module-padding-x module-padding-y text-white\"\n        >\n                            <h1 class=\"display-text\">Kontakt og \u00e5bningstider<\/h1>\n                    <\/div>\n\n        <!-- Media -->\n        \n<div\n    class=\"absolute inset-x-0 top-0 h-full mx-auto\"\n    data-hero-media-outer\n    data-hero-media-should-animate=\"true\"\n>\n    <div\n        class=\"relative w-full h-full overflow-hidden bg-black rounded\"\n        data-hero-media-container\n    >\n\n        \n            <img loading=\"lazy\" decoding=\"async\" width=\"1920\" height=\"2560\" src=\"https:\/\/casablanca.dev.gejststudio.com\/casablanca\/wp-content\/uploads\/sites\/7\/2026\/03\/20260323_093702398_iOS-1920x2560.jpg\" class=\"absolute top-0 left-0 h-full w-full object-cover scale-[1.06] blur-lg\" alt=\"\" style=\"opacity: 0.4;\" data-hero-media=\"true\" srcset=\"https:\/\/casablanca.dev.gejststudio.com\/casablanca\/wp-content\/uploads\/sites\/7\/2026\/03\/20260323_093702398_iOS-scaled.jpg 1920w, https:\/\/casablanca.dev.gejststudio.com\/casablanca\/wp-content\/uploads\/sites\/7\/2026\/03\/20260323_093702398_iOS-960x1280.jpg 960w, https:\/\/casablanca.dev.gejststudio.com\/casablanca\/wp-content\/uploads\/sites\/7\/2026\/03\/20260323_093702398_iOS-768x1024.jpg 768w, https:\/\/casablanca.dev.gejststudio.com\/casablanca\/wp-content\/uploads\/sites\/7\/2026\/03\/20260323_093702398_iOS-1152x1536.jpg 1152w, https:\/\/casablanca.dev.gejststudio.com\/casablanca\/wp-content\/uploads\/sites\/7\/2026\/03\/20260323_093702398_iOS-1536x2048.jpg 1536w, https:\/\/casablanca.dev.gejststudio.com\/casablanca\/wp-content\/uploads\/sites\/7\/2026\/03\/20260323_093702398_iOS-576x768.jpg 576w\" sizes=\"auto, (max-width: 1920px) 100vw, 1920px\" \/>\n        \n        \n    <\/div>\n<\/div>\n\n    <\/div>\n<\/div>\n\r\n    \r\n<\/header>\r\n\n<\/div>\n\n\n\n\n    <section  class='block-text-and-media alignwide'>\n        <div class=\"block-inner-container grid grid-cols-1 gap-y-5 gap-x-[8vmin] md:grid-cols-2\">\n\n            <!-- Content-->\n            <div class=\"col-span-1 flex flex-col gap-5 md:gap-12 md:w-11\/12 text-left\">\n                                    <h2 class=\"display-text-md text-brand\">\n                        Information                    <\/h2>\n                \n                                    <div class=\"flex flex-col gap-5 md:gap-6\">\n                                                    <div class=\"wysiwyg-formatting\">\n                                <p>Rosensgade 12<br \/>\n8000 Aarhus C<\/p>\n<p>Telefon: 86 13 82 22<br \/>\nE-mail: <a href=\"mailto:kontakt@casablanca.dk\">kontakt@casablanca.dk<\/a><\/p>\n<p><small>Angiv venligst telefonnummer ved foresp\u00f8rgsel om booking.<\/small><\/p>\n                            <\/div>\n                        \n                                            <\/div>\n                \n                            <\/div>\n\n            <!-- Media -->\n            <div class=\" md:order-last\">\n                    <figure class=\"relative flex items-center h-full w-full overflow-hidden rounded aspect-video\">\n\n        \n            <img loading=\"lazy\" decoding=\"async\" width=\"1280\" height=\"960\" src=\"https:\/\/casablanca.dev.gejststudio.com\/casablanca\/wp-content\/uploads\/sites\/7\/2026\/02\/Smag-27-1280x960.jpg\" class=\"w-full h-full object-cover\" alt=\"\" srcset=\"https:\/\/casablanca.dev.gejststudio.com\/casablanca\/wp-content\/uploads\/sites\/7\/2026\/02\/Smag-27-1280x960.jpg 1280w, https:\/\/casablanca.dev.gejststudio.com\/casablanca\/wp-content\/uploads\/sites\/7\/2026\/02\/Smag-27-768x576.jpg 768w, https:\/\/casablanca.dev.gejststudio.com\/casablanca\/wp-content\/uploads\/sites\/7\/2026\/02\/Smag-27-1536x1152.jpg 1536w, https:\/\/casablanca.dev.gejststudio.com\/casablanca\/wp-content\/uploads\/sites\/7\/2026\/02\/Smag-27-2048x1536.jpg 2048w\" sizes=\"auto, (max-width: 1280px) 100vw, 1280px\" \/>\n        \n        \n    <\/figure>\n            <\/div>\n\n        <\/div>\n    <\/section>\n\n\n\n\n<h2 class=\"wp-block-heading has-text-align-center\">\u00c5bningstider<\/h2>\n\n\n\n<p class=\"has-text-align-center\">Mandag \u2013 torsdag: Kl. 08.30<br>Fredag: Kl. 08.30 til ca. 00.00<br>L\u00f8rdag: Kl. 09.00 til ca. 00.00<br>S\u00f8ndag og helligdage: Kl. 09.00 \u2013 15.00<\/p>\n\n\n\n<p class=\"has-text-align-center\">Vi tager forbehold for pris\u00e6ndringer og fejl i prisangivelser.<\/p>\n\n\n\n<h2 class=\"wp-block-heading has-text-align-center\">Reservationer<\/h2>\n\n\n\n<p>Hold dit selskab, m\u00f8de, reception eller andet arrangement p\u00e5 Casablanca og oplev den specielle atmosf\u00e6re i de unikke lokaler. Send en foresp\u00f8rgsel p\u00e5 e-mail og f\u00e5 et tilbud retur.<\/p>\n\n\n\n<p class=\"has-text-align-center\">Hvis I er en st\u00f8rre gruppe eller \u00f8nsker m\u00f8destart tidligere end kl. 08.30, har vi mulighed for det.<br>Send os jeres \u00f8nske p\u00e5\u00a0<a href=\"mailto:kontakt@casablanca.dk\">kontakt@casablanca.dk<\/a>.<\/p>\n\n\n\n<p class=\"has-text-align-center\"><br><small>Angiv venligst f\u00f8lgende:<\/small><br><small>&#8211; Anledning<\/small><br><small>&#8211; Antal g\u00e6ster<\/small><br><small>&#8211; Dato<\/small><br><small>&#8211; Kontaktoplysninger<\/small><br><small>&#8211; Hvorn\u00e5r kan vi tr\u00e6ffe jer<\/small><\/p>\n\n\n\n    <section  class='block-buttons aligncenter'>\n        <div x-data={} class=\"flex gap-x-4 gap-y-2 flex-wrap justify-center\">\n\t\t\t\t<a href=\"mailto:kontakt@casablanca.dk?subject=Foresp%C3%B8rgsel&#038;body=Angiv%20venligst%20f%C3%B8lgende%3A%0A%0D%0A-%20Anledning%3A%0A%0D%0A-%20Antal%20g%C3%A6ster%3A%0A%0D%0A-%20Dato%3A%0A%0D%0A-%20Kontaktoplysninger%3A%0A%0D%0A-%20Hvorn%C3%A5r%20kan%20vi%20tr%C3%A6ffe%20jer%3A\" target=\"_self\"  class=\"btn max-w-fit \">\n                    Send os en e-mail\n\t\t\t\t<\/a>\n\t\t\t<\/div>    <\/section>\n\n\n\n\n<h2 class=\"wp-block-heading has-text-align-center\">find vej<\/h2>\n\n\n\n<p class=\"has-text-align-center\">Rosensgade 12, 8000 Aarhus C<br><\/p>\n\n\n\n<iframe src=\"https:\/\/www.google.com\/maps\/embed?pb=!1m18!1m12!1m3!1d2221.9686495740834!2d10.208756977125981!3d56.157646660735914!2m3!1f0!2f0!3f0!3m2!1i1024!2i768!4f13.1!3m3!1m2!1s0x464c3f96d8b88bef%3A0x3b8c4bf3af0a3722!2sCasablanca%20Aarhus!5e0!3m2!1sda!2sdk!4v1774609038879!5m2!1sda!2sdk\" width=\"600\" height=\"450\" style=\"border:0;\" allowfullscreen=\"\" loading=\"lazy\" referrerpolicy=\"no-referrer-when-downgrade\"><\/iframe>\n\n\n\n    <div  class='block-cta relative alignfull has-background bg-brand-bg text-white alignwide'>\n        <div class=\"block-inner-container\">\n\n            <div class=\"relative flex flex-col items-center justify-center text-center gap-5 lg:gap-8 w-full mx-auto max-w-site-width site-padding-x py-[5vmin]\">\n                                    <h2 class=\"display-text max-w-screen-lg text-white\">\n                        Kontakt os                    <\/h2>\n                \n                                    <div class=\"w-11\/12 max-w-md\">\n                        Kontakt os uforpligtende i dag for at h\u00f8re mere om jeres muligheder hos os.                     <\/div>\n                \n                                    <div x-data={} class=\"flex gap-x-4 gap-y-2 flex-wrap\">\n\t\t\t\t<a href=\"mailto:kontakt@casablanca.dk?subject=Foresp%C3%B8rgsel&#038;body=Angiv%20venligst%20f%C3%B8lgende%3A%0A%0D%0A%0A%0D%0A-%20Anledning%3A%0A%0D%0A%0A%0D%0A-%20Antal%20g%C3%A6ster%3A%0A%0D%0A%0A%0D%0A-%20Dato%3A%0A%0D%0A%0A%0D%0A-%20Kontaktoplysninger%3A%0A%0D%0A%0A%0D%0A-%20Hvorn%C3%A5r%20kan%20vi%20tr%C3%A6ffe%20jer%3A\" target=\"_self\"  class=\"max-w-fit btn-white \">\n                    Send en e-mail\n\t\t\t\t<\/a>\n\t\t\t<\/div>                            <\/div>\n\n        <\/div>\n    <\/div>\n\n","protected":false},"excerpt":{"rendered":"<p>\u00c5bningstider Mandag \u2013 torsdag: Kl. 08.30Fredag: Kl. 08.30 til ca. 00.00L\u00f8rdag: Kl. 09.00 til ca. 00.00S\u00f8ndag og helligdage: Kl. 09.00 \u2013 15.00 Vi tager forbehold for pris\u00e6ndringer og&hellip;<\/p>\n","protected":false},"author":2,"featured_media":0,"parent":0,"menu_order":0,"comment_status":"closed","ping_status":"closed","template":"","meta":{"_acf_changed":false,"footnotes":""},"class_list":["post-1610","page","type-page","status-publish","hentry"],"acf":[],"_links":{"self":[{"href":"https:\/\/casablanca.dev.gejststudio.com\/casablanca\/wp-json\/wp\/v2\/pages\/1610","targetHints":{"allow":["GET"]}}],"collection":[{"href":"https:\/\/casablanca.dev.gejststudio.com\/casablanca\/wp-json\/wp\/v2\/pages"}],"about":[{"href":"https:\/\/casablanca.dev.gejststudio.com\/casablanca\/wp-json\/wp\/v2\/types\/page"}],"author":[{"embeddable":true,"href":"https:\/\/casablanca.dev.gejststudio.com\/casablanca\/wp-json\/wp\/v2\/users\/2"}],"replies":[{"embeddable":true,"href":"https:\/\/casablanca.dev.gejststudio.com\/casablanca\/wp-json\/wp\/v2\/comments?post=1610"}],"version-history":[{"count":40,"href":"https:\/\/casablanca.dev.gejststudio.com\/casablanca\/wp-json\/wp\/v2\/pages\/1610\/revisions"}],"predecessor-version":[{"id":3292,"href":"https:\/\/casablanca.dev.gejststudio.com\/casablanca\/wp-json\/wp\/v2\/pages\/1610\/revisions\/3292"}],"wp:attachment":[{"href":"https:\/\/casablanca.dev.gejststudio.com\/casablanca\/wp-json\/wp\/v2\/media?parent=1610"}],"curies":[{"name":"wp","href":"https:\/\/api.w.org\/{rel}","templated":true}]}}