{"id":1609,"date":"2025-06-26T11:08:55","date_gmt":"2025-06-26T09:08:55","guid":{"rendered":"https:\/\/casablanca.dev.gejststudio.com\/casablanca\/?page_id=1609"},"modified":"2026-04-08T13:55:14","modified_gmt":"2026-04-08T11:55:14","slug":"praktisk","status":"publish","type":"page","link":"https:\/\/casablanca.dev.gejststudio.com\/casablanca\/praktisk\/","title":{"rendered":"Praktisk"},"content":{"rendered":"\n<div class=\"block-masthead relative max-w-full alignfull has-background w-full alignfull\">\n\r\n<header\r\n    data-hero\r\n    data-hero-type=\"text_and_bg\"\r\n     class='block-hero relative max-w-full alignfull has-background w-full alignfull'>\r\n\r\n    \r\n        \n<div class=\"site-padding-x pt-[var(--header-height)]\">\n    <div class=\"relative flex flex-col justify-end w-full mx-auto max-w-site-width min-h-[70vmin] sm:min-h-[60vmin] rounded overflow-hidden\">\n\n        <!-- Content -->\n        <div\n            data-hero-content\n            class=\"relative z-10 max-w-screen-xl sm:w-10\/12 module-padding-x module-padding-y text-white\"\n        >\n                            <h1 class=\"display-text\">Praktisk<\/h1>\n                    <\/div>\n\n        <!-- Media -->\n        \n<div\n    class=\"absolute inset-x-0 top-0 h-full mx-auto\"\n    data-hero-media-outer\n    data-hero-media-should-animate=\"true\"\n>\n    <div\n        class=\"relative w-full h-full overflow-hidden bg-black rounded\"\n        data-hero-media-container\n    >\n\n        \n            <img loading=\"lazy\" decoding=\"async\" width=\"2560\" height=\"1827\" src=\"https:\/\/casablanca.dev.gejststudio.com\/casablanca\/wp-content\/uploads\/sites\/7\/2026\/03\/20260305_110450656_iOS_cropped-2560x1827.jpg\" class=\"absolute top-0 left-0 h-full w-full object-cover scale-[1.06] blur-lg\" alt=\"\" style=\"opacity: 0.4;\" data-hero-media=\"true\" srcset=\"https:\/\/casablanca.dev.gejststudio.com\/casablanca\/wp-content\/uploads\/sites\/7\/2026\/03\/20260305_110450656_iOS_cropped-2560x1827.jpg 2560w, https:\/\/casablanca.dev.gejststudio.com\/casablanca\/wp-content\/uploads\/sites\/7\/2026\/03\/20260305_110450656_iOS_cropped-1280x914.jpg 1280w, https:\/\/casablanca.dev.gejststudio.com\/casablanca\/wp-content\/uploads\/sites\/7\/2026\/03\/20260305_110450656_iOS_cropped-768x548.jpg 768w, https:\/\/casablanca.dev.gejststudio.com\/casablanca\/wp-content\/uploads\/sites\/7\/2026\/03\/20260305_110450656_iOS_cropped-1536x1096.jpg 1536w, https:\/\/casablanca.dev.gejststudio.com\/casablanca\/wp-content\/uploads\/sites\/7\/2026\/03\/20260305_110450656_iOS_cropped-2048x1462.jpg 2048w\" sizes=\"auto, (max-width: 2560px) 100vw, 2560px\" \/>\n        \n        \n    <\/div>\n<\/div>\n\n    <\/div>\n<\/div>\n\r\n    \r\n<\/header>\r\n\n<\/div>\n\n\n\n    <section  class='block-lead-paragraph alignwide'>\n\n        <div class=\"text-xl leading-tight sm:text-3xl lg:text-4xl\">\n            Her finder du svar p\u00e5 de mest almindelige sp\u00f8rgsm\u00e5l forud for dit bes\u00f8g.<br \/>\r\nFinder du ikke det, du s\u00f8ger, er du velkommen til at kontakte os.        <\/div>\n\n    <\/section>\n\n\n\n\n<h2 class=\"wp-block-heading\">Bordreservation i restauranten<\/h2>\n\n\n\n<section  class='block-accordion aligncenter'>\n\n    <div data-accordion class=\"accordion \">\n\n        <div class=\"accordion-summary\" data-accordion-summary>\n\n            <div class=\"accordion-summary__heading\">\n                Husk b\u00f8rn ved booking            <\/div>\n\n            <div class=\"accordion-summary__toggle\">\n                <span><\/span>\n                <span><\/span>\n            <\/div>\n\n        <\/div>\n\n        <div class=\"accordion-content\">\n\n<p>Ved bordreservation skal I ogs\u00e5 reservere plads til b\u00f8rn \u2013 b\u00e5de med og uden behov for h\u00f8jstol. <br>Vi har pusleplads til r\u00e5dighed p\u00e5 f\u00f8rstesal.<\/p>\n\n<\/div>\n\n    <\/div>\n\n<\/section>\n\n\n\n<section  class='block-accordion aligncenter'>\n\n    <div data-accordion class=\"accordion \">\n\n        <div class=\"accordion-summary\" data-accordion-summary>\n\n            <div class=\"accordion-summary__heading\">\n                Bord ved vinduet            <\/div>\n\n            <div class=\"accordion-summary__toggle\">\n                <span><\/span>\n                <span><\/span>\n            <\/div>\n\n        <\/div>\n\n        <div class=\"accordion-content\">\n\n<p>Vi kan desv\u00e6rre ikke love et bestemt bord p\u00e5 forh\u00e5nd, men noter gerne jeres \u00f8nske ved booking, s\u00e5 g\u00f8r vi vores bedste.<\/p>\n\n<\/div>\n\n    <\/div>\n\n<\/section>\n\n\n\n<section  class='block-accordion aligncenter'>\n\n    <div data-accordion class=\"accordion \">\n\n        <div class=\"accordion-summary\" data-accordion-summary>\n\n            <div class=\"accordion-summary__heading\">\n                Pladser udend\u00f8rs            <\/div>\n\n            <div class=\"accordion-summary__toggle\">\n                <span><\/span>\n                <span><\/span>\n            <\/div>\n\n        <\/div>\n\n        <div class=\"accordion-content\">\n\n<p>Det er ikke muligt at booke bord udend\u00f8rs. Book jeres bord og v\u00e6lg selv ved ankomsten, om I \u00f8nsker at sidde inde eller ude. N\u00e5r vejret tillader det, er der mulighed for at sidde ude foran Casablanca, og om sommeren har vi borde udend\u00f8rs p\u00e5 den anden side af Rosensgade. <\/p>\n\n<\/div>\n\n    <\/div>\n\n<\/section>\n\n\n\n<section  class='block-accordion aligncenter'>\n\n    <div data-accordion class=\"accordion \">\n\n        <div class=\"accordion-summary\" data-accordion-summary>\n\n            <div class=\"accordion-summary__heading\">\n                Parkering            <\/div>\n\n            <div class=\"accordion-summary__toggle\">\n                <span><\/span>\n                <span><\/span>\n            <\/div>\n\n        <\/div>\n\n        <div class=\"accordion-content\">\n\n<p>Vi anbefaler, at du parkerer i P-hus Navitas, som ligger 4 min. gang fra Casablanca.<\/p>\n\n\n\n<p><strong>P-hus Navitas<\/strong><br>Inge Lehmanns Gade 10<br>8000 Aarhus C<br>Ca. pris: Kr. 17,- \/ time<\/p>\n\n\n\n<p>Her finder du P-hus Navitas:<\/p>\n\n\n\n<figure class=\"wp-block-image alignwide size-large\"><img loading=\"lazy\" decoding=\"async\" width=\"2560\" height=\"1573\" src=\"https:\/\/casablanca.dev.gejststudio.com\/casablanca\/wp-content\/uploads\/sites\/7\/2026\/03\/Kort-over-casablanca-og-navitas_2026_uden-logo2-2560x1573.jpg\" alt=\"\" class=\"wp-image-3204\" srcset=\"https:\/\/casablanca.dev.gejststudio.com\/casablanca\/wp-content\/uploads\/sites\/7\/2026\/03\/Kort-over-casablanca-og-navitas_2026_uden-logo2-2560x1573.jpg 2560w, https:\/\/casablanca.dev.gejststudio.com\/casablanca\/wp-content\/uploads\/sites\/7\/2026\/03\/Kort-over-casablanca-og-navitas_2026_uden-logo2-1280x787.jpg 1280w, https:\/\/casablanca.dev.gejststudio.com\/casablanca\/wp-content\/uploads\/sites\/7\/2026\/03\/Kort-over-casablanca-og-navitas_2026_uden-logo2-768x472.jpg 768w, https:\/\/casablanca.dev.gejststudio.com\/casablanca\/wp-content\/uploads\/sites\/7\/2026\/03\/Kort-over-casablanca-og-navitas_2026_uden-logo2-1536x944.jpg 1536w, https:\/\/casablanca.dev.gejststudio.com\/casablanca\/wp-content\/uploads\/sites\/7\/2026\/03\/Kort-over-casablanca-og-navitas_2026_uden-logo2-2048x1259.jpg 2048w\" sizes=\"auto, (max-width: 2560px) 100vw, 2560px\" \/><\/figure>\n\n<\/div>\n\n    <\/div>\n\n<\/section>\n\n\n\n<section  class='block-accordion aligncenter'>\n\n    <div data-accordion class=\"accordion \">\n\n        <div class=\"accordion-summary\" data-accordion-summary>\n\n            <div class=\"accordion-summary__heading\">\n                Tilg\u00e6ngelighed            <\/div>\n\n            <div class=\"accordion-summary__toggle\">\n                <span><\/span>\n                <span><\/span>\n            <\/div>\n\n        <\/div>\n\n        <div class=\"accordion-content\">\n\n<p>Vi har dame- og herretoiletter b\u00e5de i stueplan og p\u00e5 f\u00f8rstesal samt <strong>handicaptoilet<\/strong> i stueplan.<\/p>\n\n<\/div>\n\n    <\/div>\n\n<\/section>\n\n\n\n<section  class='block-accordion aligncenter'>\n\n    <div data-accordion class=\"accordion \">\n\n        <div class=\"accordion-summary\" data-accordion-summary>\n\n            <div class=\"accordion-summary__heading\">\n                Allergier og s\u00e6rlige hensyn            <\/div>\n\n            <div class=\"accordion-summary__toggle\">\n                <span><\/span>\n                <span><\/span>\n            <\/div>\n\n        <\/div>\n\n        <div class=\"accordion-content\">\n\n<p>Vi tager selvf\u00f8lgelig h\u00f8jde for allergier, vegetariske og andre s\u00e6rlige kostbehov.<br>Not\u00e9r venligst specifikke oplysninger i kommentarfeltet.<\/p>\n\n<\/div>\n\n    <\/div>\n\n<\/section>\n\n\n\n<section  class='block-accordion aligncenter'>\n\n    <div data-accordion class=\"accordion \">\n\n        <div class=\"accordion-summary\" data-accordion-summary>\n\n            <div class=\"accordion-summary__heading\">\n                \u00c6ndringer i booking            <\/div>\n\n            <div class=\"accordion-summary__toggle\">\n                <span><\/span>\n                <span><\/span>\n            <\/div>\n\n        <\/div>\n\n        <div class=\"accordion-content\">\n\n<p>Vil du \u00e6ndre eller aflyse din reservation, kan det g\u00f8res online via det bookingnummer, du har modtaget i bekr\u00e6ftelsen.<\/p>\n\n\n\n<p><strong>Forsinket ankomst?<\/strong><br>Giv os blot besked, hvis I er mere end 15 minutter forsinket \u2013 vi holder bordet og gl\u00e6der os til at se jer.<\/p>\n\n<\/div>\n\n    <\/div>\n\n<\/section>\n\n\n\n<h2 class=\"wp-block-heading\">Selskaber og arrangementer<\/h2>\n\n\n\n<section  class='block-accordion aligncenter'>\n\n    <div data-accordion class=\"accordion \">\n\n        <div class=\"accordion-summary\" data-accordion-summary>\n\n            <div class=\"accordion-summary__heading\">\n                Adgang og faciliteter            <\/div>\n\n            <div class=\"accordion-summary__toggle\">\n                <span><\/span>\n                <span><\/span>\n            <\/div>\n\n        <\/div>\n\n        <div class=\"accordion-content\">\n\n<p>Som v\u00e6rt har du adgang til lokalet op til <strong>30 min. f\u00f8r<\/strong>. Dette g\u00e6lder ikke dine g\u00e6ster.<\/p>\n\n\n\n<p>Afslutning <strong>senest 15 min. efter<\/strong> det aftalte sluttidspunkt.<\/p>\n\n\n\n<p>\u00d8nske om forl\u00e6nget leje kan (hvis muligt) aftales med ansvarlig tjener senest en time f\u00f8r arrangementets oprindelige afslutning.<\/p>\n\n<\/div>\n\n    <\/div>\n\n<\/section>\n\n\n\n<section  class='block-accordion aligncenter'>\n\n    <div data-accordion class=\"accordion \">\n\n        <div class=\"accordion-summary\" data-accordion-summary>\n\n            <div class=\"accordion-summary__heading\">\n                Gavebord            <\/div>\n\n            <div class=\"accordion-summary__toggle\">\n                <span><\/span>\n                <span><\/span>\n            <\/div>\n\n        <\/div>\n\n        <div class=\"accordion-content\">\n\n<p>\u00d8nsker I gavebord, bedes I give besked via e-mail. Gaver kan ikke opbevares.<\/p>\n\n<\/div>\n\n    <\/div>\n\n<\/section>\n\n\n\n<section  class='block-accordion aligncenter'>\n\n    <div data-accordion class=\"accordion \">\n\n        <div class=\"accordion-summary\" data-accordion-summary>\n\n            <div class=\"accordion-summary__heading\">\n                Husk b\u00f8rn ved booking            <\/div>\n\n            <div class=\"accordion-summary__toggle\">\n                <span><\/span>\n                <span><\/span>\n            <\/div>\n\n        <\/div>\n\n        <div class=\"accordion-content\">\n\n<p>Ved bordreservation skal I ogs\u00e5 reservere plads til b\u00f8rn \u2013 b\u00e5de med og uden behov for h\u00f8jstol. <\/p>\n\n<\/div>\n\n    <\/div>\n\n<\/section>\n\n\n\n<section  class='block-accordion aligncenter'>\n\n    <div data-accordion class=\"accordion \">\n\n        <div class=\"accordion-summary\" data-accordion-summary>\n\n            <div class=\"accordion-summary__heading\">\n                Allergier og s\u00e6rlige hensyn            <\/div>\n\n            <div class=\"accordion-summary__toggle\">\n                <span><\/span>\n                <span><\/span>\n            <\/div>\n\n        <\/div>\n\n        <div class=\"accordion-content\">\n\n<p>Vi tager selvf\u00f8lgelig h\u00f8jde for allergier, vegetariske og andre s\u00e6rlige kostbehov.<br>Not\u00e9r venligst specifikke oplysninger i kommentarfeltet.<\/p>\n\n<\/div>\n\n    <\/div>\n\n<\/section>\n\n\n\n<section  class='block-accordion aligncenter'>\n\n    <div data-accordion class=\"accordion \">\n\n        <div class=\"accordion-summary\" data-accordion-summary>\n\n            <div class=\"accordion-summary__heading\">\n                Parkering            <\/div>\n\n            <div class=\"accordion-summary__toggle\">\n                <span><\/span>\n                <span><\/span>\n            <\/div>\n\n        <\/div>\n\n        <div class=\"accordion-content\">\n\n<p>Vi anbefaler, at du parkerer i P-hus Navitas, som ligger 4 min. gang fra Casablanca.<\/p>\n\n\n\n<p><strong>P-hus Navitas<\/strong><br>Inge Lehmanns Gade 10<br>8000 Aarhus C<br>Ca. pris: Kr. 17,- \/ time<\/p>\n\n\n\n<p>Her finder du P-hus Navitas:<\/p>\n\n\n\n<figure class=\"wp-block-image alignwide size-large\"><img loading=\"lazy\" decoding=\"async\" width=\"2560\" height=\"1573\" src=\"https:\/\/casablanca.dev.gejststudio.com\/casablanca\/wp-content\/uploads\/sites\/7\/2026\/03\/Kort-over-casablanca-og-navitas_2026_uden-logo2-2560x1573.jpg\" alt=\"\" class=\"wp-image-3204\" srcset=\"https:\/\/casablanca.dev.gejststudio.com\/casablanca\/wp-content\/uploads\/sites\/7\/2026\/03\/Kort-over-casablanca-og-navitas_2026_uden-logo2-2560x1573.jpg 2560w, https:\/\/casablanca.dev.gejststudio.com\/casablanca\/wp-content\/uploads\/sites\/7\/2026\/03\/Kort-over-casablanca-og-navitas_2026_uden-logo2-1280x787.jpg 1280w, https:\/\/casablanca.dev.gejststudio.com\/casablanca\/wp-content\/uploads\/sites\/7\/2026\/03\/Kort-over-casablanca-og-navitas_2026_uden-logo2-768x472.jpg 768w, https:\/\/casablanca.dev.gejststudio.com\/casablanca\/wp-content\/uploads\/sites\/7\/2026\/03\/Kort-over-casablanca-og-navitas_2026_uden-logo2-1536x944.jpg 1536w, https:\/\/casablanca.dev.gejststudio.com\/casablanca\/wp-content\/uploads\/sites\/7\/2026\/03\/Kort-over-casablanca-og-navitas_2026_uden-logo2-2048x1259.jpg 2048w\" sizes=\"auto, (max-width: 2560px) 100vw, 2560px\" \/><\/figure>\n\n<\/div>\n\n    <\/div>\n\n<\/section>\n\n\n\n<section  class='block-accordion aligncenter'>\n\n    <div data-accordion class=\"accordion \">\n\n        <div class=\"accordion-summary\" data-accordion-summary>\n\n            <div class=\"accordion-summary__heading\">\n                Glemte sager            <\/div>\n\n            <div class=\"accordion-summary__toggle\">\n                <span><\/span>\n                <span><\/span>\n            <\/div>\n\n        <\/div>\n\n        <div class=\"accordion-content\">\n\n<p>Vi har et omr\u00e5de med glemte ejendele. Kontakt os p\u00e5 <a href=\"mailto:kontakt@sjettefrederikskro.dk\">kontakt@casablanca.dk<\/a> for at aftale, hvorn\u00e5r du kan hente dine glemte ejendele.<\/p>\n\n<\/div>\n\n    <\/div>\n\n<\/section>\n\n\n\n<h2 class=\"wp-block-heading alignwide has-text-align-center\">Vi gl\u00e6der os til at tage imod jer<\/h2>\n","protected":false},"excerpt":{"rendered":"<p>Bordreservation i restauranten Selskaber og arrangementer Vi gl\u00e6der os til at tage imod jer<\/p>\n","protected":false},"author":2,"featured_media":0,"parent":0,"menu_order":0,"comment_status":"closed","ping_status":"closed","template":"","meta":{"_acf_changed":false,"footnotes":""},"class_list":["post-1609","page","type-page","status-publish","hentry"],"acf":[],"_links":{"self":[{"href":"https:\/\/casablanca.dev.gejststudio.com\/casablanca\/wp-json\/wp\/v2\/pages\/1609","targetHints":{"allow":["GET"]}}],"collection":[{"href":"https:\/\/casablanca.dev.gejststudio.com\/casablanca\/wp-json\/wp\/v2\/pages"}],"about":[{"href":"https:\/\/casablanca.dev.gejststudio.com\/casablanca\/wp-json\/wp\/v2\/types\/page"}],"author":[{"embeddable":true,"href":"https:\/\/casablanca.dev.gejststudio.com\/casablanca\/wp-json\/wp\/v2\/users\/2"}],"replies":[{"embeddable":true,"href":"https:\/\/casablanca.dev.gejststudio.com\/casablanca\/wp-json\/wp\/v2\/comments?post=1609"}],"version-history":[{"count":34,"href":"https:\/\/casablanca.dev.gejststudio.com\/casablanca\/wp-json\/wp\/v2\/pages\/1609\/revisions"}],"predecessor-version":[{"id":3360,"href":"https:\/\/casablanca.dev.gejststudio.com\/casablanca\/wp-json\/wp\/v2\/pages\/1609\/revisions\/3360"}],"wp:attachment":[{"href":"https:\/\/casablanca.dev.gejststudio.com\/casablanca\/wp-json\/wp\/v2\/media?parent=1609"}],"curies":[{"name":"wp","href":"https:\/\/api.w.org\/{rel}","templated":true}]}}