{"id":1156,"date":"2025-06-19T07:29:42","date_gmt":"2025-06-19T05:29:42","guid":{"rendered":"https:\/\/casablanca.dev.gejststudio.com\/casablanca\/?page_id=1156"},"modified":"2026-04-17T14:09:14","modified_gmt":"2026-04-17T12:09:14","slug":"aftenselskab","status":"publish","type":"page","link":"https:\/\/casablanca.dev.gejststudio.com\/casablanca\/aftenselskab\/","title":{"rendered":"Aftenselskab"},"content":{"rendered":"\n<div class=\"block-masthead relative max-w-full alignfull has-background w-full alignfull\">\n\r\n<header\r\n    data-hero\r\n    data-hero-type=\"text_and_bg\"\r\n     class='block-hero relative max-w-full alignfull has-background w-full alignfull'>\r\n\r\n    \r\n        \n<div class=\"site-padding-x pt-[var(--header-height)]\">\n    <div class=\"relative flex flex-col justify-end w-full mx-auto max-w-site-width min-h-[70vmin] sm:min-h-[60vmin] rounded overflow-hidden\">\n\n        <!-- Content -->\n        <div\n            data-hero-content\n            class=\"relative z-10 max-w-screen-xl sm:w-10\/12 module-padding-x module-padding-y text-white\"\n        >\n                            <h1 class=\"display-text\">Aftenselskab<\/h1>\n                    <\/div>\n\n        <!-- Media -->\n        \n<div\n    class=\"absolute inset-x-0 top-0 h-full mx-auto\"\n    data-hero-media-outer\n    data-hero-media-should-animate=\"true\"\n>\n    <div\n        class=\"relative w-full h-full overflow-hidden bg-black rounded\"\n        data-hero-media-container\n    >\n\n        \n            <img loading=\"lazy\" decoding=\"async\" width=\"2560\" height=\"1920\" src=\"https:\/\/casablanca.dev.gejststudio.com\/casablanca\/wp-content\/uploads\/sites\/7\/2026\/02\/20250428_100450363_iOS-2560x1920.jpg\" class=\"absolute top-0 left-0 h-full w-full object-cover scale-[1.06] blur-lg\" alt=\"\" style=\"opacity: 0.4;\" data-hero-media=\"true\" srcset=\"https:\/\/casablanca.dev.gejststudio.com\/casablanca\/wp-content\/uploads\/sites\/7\/2026\/02\/20250428_100450363_iOS-2560x1920.jpg 2560w, https:\/\/casablanca.dev.gejststudio.com\/casablanca\/wp-content\/uploads\/sites\/7\/2026\/02\/20250428_100450363_iOS-1280x960.jpg 1280w, https:\/\/casablanca.dev.gejststudio.com\/casablanca\/wp-content\/uploads\/sites\/7\/2026\/02\/20250428_100450363_iOS-768x576.jpg 768w, https:\/\/casablanca.dev.gejststudio.com\/casablanca\/wp-content\/uploads\/sites\/7\/2026\/02\/20250428_100450363_iOS-1536x1152.jpg 1536w, https:\/\/casablanca.dev.gejststudio.com\/casablanca\/wp-content\/uploads\/sites\/7\/2026\/02\/20250428_100450363_iOS-2048x1536.jpg 2048w\" sizes=\"auto, (max-width: 2560px) 100vw, 2560px\" \/>\n        \n        \n    <\/div>\n<\/div>\n\n    <\/div>\n<\/div>\n\r\n    \r\n<\/header>\r\n\n<\/div>\n\n\n\n    <section  class='block-lead-paragraph alignwide'>\n\n        <div class=\"text-xl leading-tight sm:text-3xl lg:text-4xl\">\n            Casablanca danner rammen om aftenselskaber i Aarhus C med n\u00e6rv\u00e6rende v\u00e6rtskab, smagfulde retter og stemning, s\u00e5 I straks f\u00f8ler jer godt tilpas \u2013 midt i Latinerkvarterets s\u00e6rlige atmosf\u00e6re.        <\/div>\n\n    <\/section>\n\n\n\n\n\n    <section  class='block-text-and-media alignwide'>\n        <div class=\"block-inner-container grid grid-cols-1 gap-y-5 gap-x-[8vmin] md:grid-cols-2\">\n\n            <!-- Content-->\n            <div class=\"col-span-1 flex flex-col gap-5 md:gap-12 md:w-11\/12 text-left\">\n                                    <h2 class=\"display-text-md text-brand\">\n                        En aften med ro til at v\u00e6re v\u00e6rt                    <\/h2>\n                \n                                    <div class=\"flex flex-col gap-5 md:gap-6\">\n                                                    <div class=\"wysiwyg-formatting\">\n                                <p data-start=\"1457\" data-end=\"1617\">Vi ved, hvor meget det betyder, at tingene fungerer. Derfor m\u00f8der vi jer i \u00f8jenh\u00f8jde \u2013 med opm\u00e6rksom service, god timing og et k\u00f8kken, der laver alt fra bunden.<\/p>\n<p data-start=\"1619\" data-end=\"1785\">Vores kokke s\u00e6tter en \u00e6re i velsmagende mad, og vores tjenere s\u00f8rger for, at I f\u00f8ler jer godt taget imod fra f\u00f8rste \u00f8jeblik. Det er d\u00e9t, vi forst\u00e5r ved godt v\u00e6rtskab.<\/p>\n                            <\/div>\n                        \n                                                    \n\t\t\t\t<a href=\"#\/p\/2253\" target=\"_self\" data-barba-prevent=\"self\" aria-label=\"Casablanca - Galleri &#8211; Selskabslokaler samlet\" class=\"max-w-fit btn \">\n                    Se vores flotte selskabslokaler\n\t\t\t\t<\/a>\n\t\t\t                                            <\/div>\n                \n                            <\/div>\n\n            <!-- Media -->\n            <div class=\" md:order-last\">\n                    <figure class=\"relative flex items-center h-full w-full overflow-hidden rounded aspect-video\">\n\n        \n            <img loading=\"lazy\" decoding=\"async\" width=\"960\" height=\"1280\" src=\"https:\/\/casablanca.dev.gejststudio.com\/casablanca\/wp-content\/uploads\/sites\/7\/2026\/02\/20260127_182813152_iOS-960x1280.jpg\" class=\"w-full h-full object-cover\" alt=\"\" srcset=\"https:\/\/casablanca.dev.gejststudio.com\/casablanca\/wp-content\/uploads\/sites\/7\/2026\/02\/20260127_182813152_iOS-960x1280.jpg 960w, https:\/\/casablanca.dev.gejststudio.com\/casablanca\/wp-content\/uploads\/sites\/7\/2026\/02\/20260127_182813152_iOS-scaled.jpg 1920w, https:\/\/casablanca.dev.gejststudio.com\/casablanca\/wp-content\/uploads\/sites\/7\/2026\/02\/20260127_182813152_iOS-768x1024.jpg 768w, https:\/\/casablanca.dev.gejststudio.com\/casablanca\/wp-content\/uploads\/sites\/7\/2026\/02\/20260127_182813152_iOS-1152x1536.jpg 1152w, https:\/\/casablanca.dev.gejststudio.com\/casablanca\/wp-content\/uploads\/sites\/7\/2026\/02\/20260127_182813152_iOS-1536x2048.jpg 1536w, https:\/\/casablanca.dev.gejststudio.com\/casablanca\/wp-content\/uploads\/sites\/7\/2026\/02\/20260127_182813152_iOS-576x768.jpg 576w\" sizes=\"auto, (max-width: 960px) 100vw, 960px\" \/>\n        \n        \n    <\/figure>\n            <\/div>\n\n        <\/div>\n    <\/section>\n\n\n\n\n    <section data-tabs  class='block-tabbed-content  scroll-mt-24 alignwide'>\n        <div class=\"block-inner-container\">\n\n            <div class=\"w-full grid grid-cols-1 md:grid-cols-5 gap-x-12\">\n\n                <!-- Desktop tabs-->\n                <div class=\"md:col-span-2 hidden md:flex flex-col gap-5\">\n                                            <button\n                            class=\"\n                                hyphens-auto leading-tighter font-display heading-transform text-[2rem] lg:text-[2.5rem] xl:text-[3rem] text-left cursor-pointer hover:opacity-100 duration-200 ease-in-out\n                                text-brand                                opacity-100                            \"\n                            data-tab-button=\"1\"\n                        >\n                            Next Door                        <\/button>\n                                            <button\n                            class=\"\n                                hyphens-auto leading-tighter font-display heading-transform text-[2rem] lg:text-[2.5rem] xl:text-[3rem] text-left cursor-pointer hover:opacity-100 duration-200 ease-in-out\n                                text-brand                                opacity-40                            \"\n                            data-tab-button=\"2\"\n                        >\n                            Rendezvous                        <\/button>\n                                            <button\n                            class=\"\n                                hyphens-auto leading-tighter font-display heading-transform text-[2rem] lg:text-[2.5rem] xl:text-[3rem] text-left cursor-pointer hover:opacity-100 duration-200 ease-in-out\n                                text-brand                                opacity-40                            \"\n                            data-tab-button=\"3\"\n                        >\n                            La Chambre S\u00e9par\u00e9e                        <\/button>\n                                            <button\n                            class=\"\n                                hyphens-auto leading-tighter font-display heading-transform text-[2rem] lg:text-[2.5rem] xl:text-[3rem] text-left cursor-pointer hover:opacity-100 duration-200 ease-in-out\n                                text-brand                                opacity-40                            \"\n                            data-tab-button=\"4\"\n                        >\n                            Vink\u00e6lder                        <\/button>\n                                    <\/div>\n\n                <!-- Content tabs -->\n                <div class=\"md:col-span-3 flex flex-col\">\n                                            <div>\n                            <!-- Mobile tab -->\n                            <button\n                                class=\"\n                                    block md:hidden scroll-mt-16 display-text-md mb-5 text-left cursor-pointer hover:opacity-100 duration-200 ease-in-out\n                                    text-brand                                    opacity-100                                \"\n                                data-tab-button=\"1\"\n                                data-scroll-to-button\n                            >\n                                Next Door                            <\/button>\n\n                            <!-- Tab content -->\n                            <div\n                                class=\"\n                                    w-full mb-6 flex-col xl:flex-row gap-y-8 gap-x-[10vmin] md:gap-y-12\n                                    flex                                \"\n                                data-tab-content=\"1\"\n                            >\n                                <div class=\"max-w-screen-md flex flex-col gap-5 lg:gap-7 grow\">\n                                                                            <h3 class=\"text-2xl text-brand\">\n                                            Maks. 52 g\u00e6ster                                        <\/h3>\n                                    \n                                                                            <div class=\"wysiwyg-formatting\">\n                                            <p>Fra kr. 795,- pr. pers.<\/p>\n                                        <\/div>\n                                    \n                                    <div x-data={} class=\"flex gap-x-4 gap-y-2 flex-wrap\">\n\t\t\t\t<a href=\"mailto:Kontakt@casablanca.dk?subject=Aftenselskab&#038;body=Angiv%20venligst%20f%C3%B8lgende%3A%20%0A%0D%0A-%20Anledning%3A%20%0A%0D%0A-%20Antal%20g%C3%A6ster%3A%20%0A%0D%0A-%20Dato%3A%20%0A%0D%0A-%20Kontaktoplysninger%3A%20%0A%0D%0A-%20Hvorn%C3%A5r%20kan%20vi%20tr%C3%A6ffe%20jer%3A\" target=\"_self\"  class=\"max-w-fit btn \">\n                    Send foresp\u00f8rgsel\n\t\t\t\t<\/a>\n\t\t\t<\/div>                                <\/div>\n\n                                <img loading=\"lazy\" decoding=\"async\" width=\"576\" height=\"768\" src=\"https:\/\/casablanca.dev.gejststudio.com\/casablanca\/wp-content\/uploads\/sites\/7\/2026\/02\/20250428_100523491_iOS-576x768.jpg\" class=\"w-full hidden xl:block !max-w-70 !h-full rounded\" alt=\"\" srcset=\"https:\/\/casablanca.dev.gejststudio.com\/casablanca\/wp-content\/uploads\/sites\/7\/2026\/02\/20250428_100523491_iOS-576x768.jpg 576w, https:\/\/casablanca.dev.gejststudio.com\/casablanca\/wp-content\/uploads\/sites\/7\/2026\/02\/20250428_100523491_iOS-960x1280.jpg 960w, https:\/\/casablanca.dev.gejststudio.com\/casablanca\/wp-content\/uploads\/sites\/7\/2026\/02\/20250428_100523491_iOS-scaled.jpg 1920w, https:\/\/casablanca.dev.gejststudio.com\/casablanca\/wp-content\/uploads\/sites\/7\/2026\/02\/20250428_100523491_iOS-768x1024.jpg 768w, https:\/\/casablanca.dev.gejststudio.com\/casablanca\/wp-content\/uploads\/sites\/7\/2026\/02\/20250428_100523491_iOS-1152x1536.jpg 1152w, https:\/\/casablanca.dev.gejststudio.com\/casablanca\/wp-content\/uploads\/sites\/7\/2026\/02\/20250428_100523491_iOS-1536x2048.jpg 1536w\" sizes=\"auto, (max-width: 576px) 100vw, 576px\" \/>                            <\/div>\n                        <\/div>\n                                            <div>\n                            <!-- Mobile tab -->\n                            <button\n                                class=\"\n                                    block md:hidden scroll-mt-16 display-text-md mb-5 text-left cursor-pointer hover:opacity-100 duration-200 ease-in-out\n                                    text-brand                                    opacity-40                                \"\n                                data-tab-button=\"2\"\n                                data-scroll-to-button\n                            >\n                                Rendezvous                            <\/button>\n\n                            <!-- Tab content -->\n                            <div\n                                class=\"\n                                    w-full mb-6 flex-col xl:flex-row gap-y-8 gap-x-[10vmin] md:gap-y-12\n                                    hidden                                \"\n                                data-tab-content=\"2\"\n                            >\n                                <div class=\"max-w-screen-md flex flex-col gap-5 lg:gap-7 grow\">\n                                                                            <h3 class=\"text-2xl text-brand\">\n                                            Maks. 40 g\u00e6ster                                        <\/h3>\n                                    \n                                                                            <div class=\"wysiwyg-formatting\">\n                                            <p>Fra kr. 795,- pr. pers.<\/p>\n                                        <\/div>\n                                    \n                                    <div x-data={} class=\"flex gap-x-4 gap-y-2 flex-wrap\">\n\t\t\t\t<a href=\"mailto:Kontakt@casablanca.dk?subject=Aftenselskab&#038;body=Angiv%20venligst%20f%C3%B8lgende%3A%20%0A%0D%0A-%20Anledning%3A%20%0A%0D%0A-%20Antal%20g%C3%A6ster%3A%20%0A%0D%0A-%20Dato%3A%20%0A%0D%0A-%20Kontaktoplysninger%3A%20%0A%0D%0A-%20Hvorn%C3%A5r%20kan%20vi%20tr%C3%A6ffe%20jer%3A\" target=\"_self\"  class=\"max-w-fit btn \">\n                    Send foresp\u00f8rgsel\n\t\t\t\t<\/a>\n\t\t\t<\/div>                                <\/div>\n\n                                <img loading=\"lazy\" decoding=\"async\" width=\"576\" height=\"768\" src=\"https:\/\/casablanca.dev.gejststudio.com\/casablanca\/wp-content\/uploads\/sites\/7\/2026\/02\/20250504_085543057_iOS-576x768.jpg\" class=\"w-full hidden xl:block !max-w-70 !h-full rounded\" alt=\"\" srcset=\"https:\/\/casablanca.dev.gejststudio.com\/casablanca\/wp-content\/uploads\/sites\/7\/2026\/02\/20250504_085543057_iOS-576x768.jpg 576w, https:\/\/casablanca.dev.gejststudio.com\/casablanca\/wp-content\/uploads\/sites\/7\/2026\/02\/20250504_085543057_iOS-960x1280.jpg 960w, https:\/\/casablanca.dev.gejststudio.com\/casablanca\/wp-content\/uploads\/sites\/7\/2026\/02\/20250504_085543057_iOS-scaled.jpg 1920w, https:\/\/casablanca.dev.gejststudio.com\/casablanca\/wp-content\/uploads\/sites\/7\/2026\/02\/20250504_085543057_iOS-768x1024.jpg 768w, https:\/\/casablanca.dev.gejststudio.com\/casablanca\/wp-content\/uploads\/sites\/7\/2026\/02\/20250504_085543057_iOS-1152x1536.jpg 1152w, https:\/\/casablanca.dev.gejststudio.com\/casablanca\/wp-content\/uploads\/sites\/7\/2026\/02\/20250504_085543057_iOS-1536x2048.jpg 1536w\" sizes=\"auto, (max-width: 576px) 100vw, 576px\" \/>                            <\/div>\n                        <\/div>\n                                            <div>\n                            <!-- Mobile tab -->\n                            <button\n                                class=\"\n                                    block md:hidden scroll-mt-16 display-text-md mb-5 text-left cursor-pointer hover:opacity-100 duration-200 ease-in-out\n                                    text-brand                                    opacity-40                                \"\n                                data-tab-button=\"3\"\n                                data-scroll-to-button\n                            >\n                                La Chambre S\u00e9par\u00e9e                            <\/button>\n\n                            <!-- Tab content -->\n                            <div\n                                class=\"\n                                    w-full mb-6 flex-col xl:flex-row gap-y-8 gap-x-[10vmin] md:gap-y-12\n                                    hidden                                \"\n                                data-tab-content=\"3\"\n                            >\n                                <div class=\"max-w-screen-md flex flex-col gap-5 lg:gap-7 grow\">\n                                                                            <h3 class=\"text-2xl text-brand\">\n                                            Maks. 24 g\u00e6ster                                        <\/h3>\n                                    \n                                                                            <div class=\"wysiwyg-formatting\">\n                                            <p>Fra kr. 795,- pr. pers.<\/p>\n                                        <\/div>\n                                    \n                                    <div x-data={} class=\"flex gap-x-4 gap-y-2 flex-wrap\">\n\t\t\t\t<a href=\"mailto:Kontakt@casablanca.dk?subject=Aftenselskab&#038;body=Angiv%20venligst%20f%C3%B8lgende%3A%20%0A%0D%0A-%20Anledning%3A%20%0A%0D%0A-%20Antal%20g%C3%A6ster%3A%20%0A%0D%0A-%20Dato%3A%20%0A%0D%0A-%20Kontaktoplysninger%3A%20%0A%0D%0A-%20Hvorn%C3%A5r%20kan%20vi%20tr%C3%A6ffe%20jer%3A\" target=\"_self\"  class=\"max-w-fit btn \">\n                    Send foresp\u00f8rgsel\n\t\t\t\t<\/a>\n\t\t\t<\/div>                                <\/div>\n\n                                <img loading=\"lazy\" decoding=\"async\" width=\"576\" height=\"768\" src=\"https:\/\/casablanca.dev.gejststudio.com\/casablanca\/wp-content\/uploads\/sites\/7\/2026\/02\/20251114_161217865_iOS-576x768.jpg\" class=\"w-full hidden xl:block !max-w-70 !h-full rounded\" alt=\"\" srcset=\"https:\/\/casablanca.dev.gejststudio.com\/casablanca\/wp-content\/uploads\/sites\/7\/2026\/02\/20251114_161217865_iOS-576x768.jpg 576w, https:\/\/casablanca.dev.gejststudio.com\/casablanca\/wp-content\/uploads\/sites\/7\/2026\/02\/20251114_161217865_iOS-960x1280.jpg 960w, https:\/\/casablanca.dev.gejststudio.com\/casablanca\/wp-content\/uploads\/sites\/7\/2026\/02\/20251114_161217865_iOS-scaled.jpg 1920w, https:\/\/casablanca.dev.gejststudio.com\/casablanca\/wp-content\/uploads\/sites\/7\/2026\/02\/20251114_161217865_iOS-768x1024.jpg 768w, https:\/\/casablanca.dev.gejststudio.com\/casablanca\/wp-content\/uploads\/sites\/7\/2026\/02\/20251114_161217865_iOS-1152x1536.jpg 1152w, https:\/\/casablanca.dev.gejststudio.com\/casablanca\/wp-content\/uploads\/sites\/7\/2026\/02\/20251114_161217865_iOS-1536x2048.jpg 1536w\" sizes=\"auto, (max-width: 576px) 100vw, 576px\" \/>                            <\/div>\n                        <\/div>\n                                            <div>\n                            <!-- Mobile tab -->\n                            <button\n                                class=\"\n                                    block md:hidden scroll-mt-16 display-text-md mb-5 text-left cursor-pointer hover:opacity-100 duration-200 ease-in-out\n                                    text-brand                                    opacity-40                                \"\n                                data-tab-button=\"4\"\n                                data-scroll-to-button\n                            >\n                                Vink\u00e6lder                            <\/button>\n\n                            <!-- Tab content -->\n                            <div\n                                class=\"\n                                    w-full mb-6 flex-col xl:flex-row gap-y-8 gap-x-[10vmin] md:gap-y-12\n                                    hidden                                \"\n                                data-tab-content=\"4\"\n                            >\n                                <div class=\"max-w-screen-md flex flex-col gap-5 lg:gap-7 grow\">\n                                                                            <h3 class=\"text-2xl text-brand\">\n                                            Maks. 24 g\u00e6ster                                        <\/h3>\n                                    \n                                                                            <div class=\"wysiwyg-formatting\">\n                                            <p>Fra kr. 795,- pr. pers.<\/p>\n                                        <\/div>\n                                    \n                                    <div x-data={} class=\"flex gap-x-4 gap-y-2 flex-wrap\">\n\t\t\t\t<a href=\"mailto:Kontakt@casablanca.dk?subject=Aftenselskab&#038;body=Angiv%20venligst%20f%C3%B8lgende%3A%20%0A%0D%0A-%20Anledning%3A%20%0A%0D%0A-%20Antal%20g%C3%A6ster%3A%20%0A%0D%0A-%20Dato%3A%20%0A%0D%0A-%20Kontaktoplysninger%3A%20%0A%0D%0A-%20Hvorn%C3%A5r%20kan%20vi%20tr%C3%A6ffe%20jer%3A\" target=\"_self\"  class=\"max-w-fit btn \">\n                    Send foresp\u00f8rgsel\n\t\t\t\t<\/a>\n\t\t\t<\/div>                                <\/div>\n\n                                <img loading=\"lazy\" decoding=\"async\" width=\"768\" height=\"609\" src=\"https:\/\/casablanca.dev.gejststudio.com\/casablanca\/wp-content\/uploads\/sites\/7\/2026\/02\/20251002_082011626_iOS_cropped-768x609.jpg\" class=\"w-full hidden xl:block !max-w-70 !h-full rounded\" alt=\"\" srcset=\"https:\/\/casablanca.dev.gejststudio.com\/casablanca\/wp-content\/uploads\/sites\/7\/2026\/02\/20251002_082011626_iOS_cropped-768x609.jpg 768w, https:\/\/casablanca.dev.gejststudio.com\/casablanca\/wp-content\/uploads\/sites\/7\/2026\/02\/20251002_082011626_iOS_cropped-1280x1015.jpg 1280w, https:\/\/casablanca.dev.gejststudio.com\/casablanca\/wp-content\/uploads\/sites\/7\/2026\/02\/20251002_082011626_iOS_cropped-1536x1218.jpg 1536w, https:\/\/casablanca.dev.gejststudio.com\/casablanca\/wp-content\/uploads\/sites\/7\/2026\/02\/20251002_082011626_iOS_cropped-2048x1623.jpg 2048w\" sizes=\"auto, (max-width: 768px) 100vw, 768px\" \/>                            <\/div>\n                        <\/div>\n                                    <\/div>\n            <\/div>\n\n        <\/div>\n    <\/section>\n\n\n\n\n    <section  class='block-buttons aligncenter'>\n        <div x-data={} class=\"flex gap-x-4 gap-y-2 flex-wrap justify-center\">\n\t\t\t\t<a href=\"#\/p\/2253\" target=\"_self\" data-barba-prevent=\"self\" aria-label=\"Casablanca - Galleri &#8211; Selskabslokaler samlet\" class=\"btn max-w-fit \">\n                    Se vores selskabslokaler\n\t\t\t\t<\/a>\n\t\t\t<\/div>    <\/section>\n\n\n\n\n    <div  class='block-cta relative alignfull has-background bg-brand-bg text-white alignwide'>\n        <div class=\"block-inner-container\">\n\n            <div class=\"relative flex flex-col items-center justify-center text-center gap-5 lg:gap-8 w-full mx-auto max-w-site-width site-padding-x py-[5vmin]\">\n                                    <h2 class=\"display-text max-w-screen-lg text-white\">\n                        Kontakt os                    <\/h2>\n                \n                                    <div class=\"w-11\/12 max-w-md\">\n                        Fort\u00e6l os om jeres \u00f8nsker, og lad os skabe en aften, I ikke glemmer.                    <\/div>\n                \n                                    <div x-data={} class=\"flex gap-x-4 gap-y-2 flex-wrap\">\n\t\t\t\t<a href=\"mailto:kontakt@casablanca.dk?subject=Aftenselskab&#038;body=Angiv%20venligst%20f%C3%B8lgende%3A%0A%0D%0A-%20Anledning%3A%0A%0D%0A-%20Antal%20g%C3%A6ster%3A%0A%0D%0A-%20Dato%3A%0A%0D%0A-%20Kontaktoplysninger%3A%0A%0D%0A-%20Hvorn%C3%A5r%20kan%20vi%20tr%C3%A6ffe%20dig%3A\" target=\"_self\"  class=\"max-w-fit btn-white \">\n                    Send foresp\u00f8rgsel\n\t\t\t\t<\/a>\n\t\t\t<\/div>                            <\/div>\n\n        <\/div>\n    <\/div>\n\n","protected":false},"excerpt":{"rendered":"","protected":false},"author":2,"featured_media":0,"parent":0,"menu_order":0,"comment_status":"closed","ping_status":"closed","template":"","meta":{"_acf_changed":false,"footnotes":""},"class_list":["post-1156","page","type-page","status-publish","hentry"],"acf":[],"_links":{"self":[{"href":"https:\/\/casablanca.dev.gejststudio.com\/casablanca\/wp-json\/wp\/v2\/pages\/1156","targetHints":{"allow":["GET"]}}],"collection":[{"href":"https:\/\/casablanca.dev.gejststudio.com\/casablanca\/wp-json\/wp\/v2\/pages"}],"about":[{"href":"https:\/\/casablanca.dev.gejststudio.com\/casablanca\/wp-json\/wp\/v2\/types\/page"}],"author":[{"embeddable":true,"href":"https:\/\/casablanca.dev.gejststudio.com\/casablanca\/wp-json\/wp\/v2\/users\/2"}],"replies":[{"embeddable":true,"href":"https:\/\/casablanca.dev.gejststudio.com\/casablanca\/wp-json\/wp\/v2\/comments?post=1156"}],"version-history":[{"count":72,"href":"https:\/\/casablanca.dev.gejststudio.com\/casablanca\/wp-json\/wp\/v2\/pages\/1156\/revisions"}],"predecessor-version":[{"id":3417,"href":"https:\/\/casablanca.dev.gejststudio.com\/casablanca\/wp-json\/wp\/v2\/pages\/1156\/revisions\/3417"}],"wp:attachment":[{"href":"https:\/\/casablanca.dev.gejststudio.com\/casablanca\/wp-json\/wp\/v2\/media?parent=1156"}],"curies":[{"name":"wp","href":"https:\/\/api.w.org\/{rel}","templated":true}]}}