{"id":1068,"date":"2025-06-19T07:29:42","date_gmt":"2025-06-19T05:29:42","guid":{"rendered":"https:\/\/casablanca.dev.gejststudio.com\/casablanca\/?page_id=1068"},"modified":"2026-04-17T12:30:16","modified_gmt":"2026-04-17T10:30:16","slug":"konfirmation","status":"publish","type":"page","link":"https:\/\/casablanca.dev.gejststudio.com\/casablanca\/konfirmation\/","title":{"rendered":"Konfirmation"},"content":{"rendered":"\n<div class=\"block-masthead relative max-w-full alignfull has-background w-full alignfull\">\n\r\n<header\r\n    data-hero\r\n    data-hero-type=\"text_and_bg\"\r\n     class='block-hero relative max-w-full alignfull has-background w-full alignfull'>\r\n\r\n    \r\n        \n<div class=\"site-padding-x pt-[var(--header-height)]\">\n    <div class=\"relative flex flex-col justify-end w-full mx-auto max-w-site-width min-h-[70vmin] sm:min-h-[60vmin] rounded overflow-hidden\">\n\n        <!-- Content -->\n        <div\n            data-hero-content\n            class=\"relative z-10 max-w-screen-xl sm:w-10\/12 module-padding-x module-padding-y text-white\"\n        >\n                            <h1 class=\"display-text\">Konfirmation<\/h1>\n                    <\/div>\n\n        <!-- Media -->\n        \n<div\n    class=\"absolute inset-x-0 top-0 h-full mx-auto\"\n    data-hero-media-outer\n    data-hero-media-should-animate=\"true\"\n>\n    <div\n        class=\"relative w-full h-full overflow-hidden bg-black rounded\"\n        data-hero-media-container\n    >\n\n        \n            <img loading=\"lazy\" decoding=\"async\" width=\"1920\" height=\"2560\" src=\"https:\/\/casablanca.dev.gejststudio.com\/casablanca\/wp-content\/uploads\/sites\/7\/2026\/02\/20250428_100656787_iOS-1920x2560.jpg\" class=\"absolute top-0 left-0 h-full w-full object-cover scale-[1.06] blur-lg\" alt=\"\" style=\"opacity: 0.4;\" data-hero-media=\"true\" srcset=\"https:\/\/casablanca.dev.gejststudio.com\/casablanca\/wp-content\/uploads\/sites\/7\/2026\/02\/20250428_100656787_iOS-scaled.jpg 1920w, https:\/\/casablanca.dev.gejststudio.com\/casablanca\/wp-content\/uploads\/sites\/7\/2026\/02\/20250428_100656787_iOS-960x1280.jpg 960w, https:\/\/casablanca.dev.gejststudio.com\/casablanca\/wp-content\/uploads\/sites\/7\/2026\/02\/20250428_100656787_iOS-768x1024.jpg 768w, https:\/\/casablanca.dev.gejststudio.com\/casablanca\/wp-content\/uploads\/sites\/7\/2026\/02\/20250428_100656787_iOS-1152x1536.jpg 1152w, https:\/\/casablanca.dev.gejststudio.com\/casablanca\/wp-content\/uploads\/sites\/7\/2026\/02\/20250428_100656787_iOS-1536x2048.jpg 1536w, https:\/\/casablanca.dev.gejststudio.com\/casablanca\/wp-content\/uploads\/sites\/7\/2026\/02\/20250428_100656787_iOS-576x768.jpg 576w\" sizes=\"auto, (max-width: 1920px) 100vw, 1920px\" \/>\n        \n        \n    <\/div>\n<\/div>\n\n    <\/div>\n<\/div>\n\r\n    \r\n<\/header>\r\n\n<\/div>\n\n\n\n    <section  class='block-lead-paragraph alignwide'>\n\n        <div class=\"text-xl leading-tight sm:text-3xl lg:text-4xl\">\n            Hos os er konfirmanden i centrum. N\u00e5r I fejrer konfirmation p\u00e5 Casablanca s\u00f8rger vi for, at I b\u00e5de op til og p\u00e5 selve dagen kan l\u00e6ne jer tilbage og nyde oplevelsen, mens vi st\u00e5r for alt det praktiske.        <\/div>\n\n    <\/section>\n\n\n\n\n\n    <section  class='block-text-and-media  has-background bg-brand-bg text-white alignwide'>\n        <div class=\"block-inner-container grid grid-cols-1 gap-y-5 gap-x-[8vmin] md:grid-cols-2\">\n\n            <!-- Content-->\n            <div class=\"col-span-1 flex flex-col gap-5 md:gap-12 md:w-11\/12 text-left\">\n                                    <h2 class=\"display-text-md text-white\">\n                        Konfirmation p\u00e5 Casablanca                    <\/h2>\n                \n                                    <div class=\"flex flex-col gap-5 md:gap-6\">\n                                                    <div class=\"wysiwyg-formatting\">\n                                <p>\u2022 Bobler, hyldeblomstdrik og hjemmelavede snacks.<br \/>\n\u2022 Middag med l\u00e6kker 3-retters menu.<br \/>\n\u2022 Drikkevarer ad libitum.<br \/>\n\u2022 Kaffe, te og s\u00f8dt.<\/p>\n<p>Festen kan forl\u00e6nges med &#8220;tak for i dag&#8221;-mad efter aftale.<\/p>\n                            <\/div>\n                        \n                                            <\/div>\n                \n                            <\/div>\n\n            <!-- Media -->\n            <div class=\" md:order-last\">\n                    <figure class=\"relative flex items-center h-full w-full overflow-hidden rounded aspect-video\">\n\n        \n            <img loading=\"lazy\" decoding=\"async\" width=\"1280\" height=\"1128\" src=\"https:\/\/casablanca.dev.gejststudio.com\/casablanca\/wp-content\/uploads\/sites\/7\/2026\/04\/20260304_185202341_iOS-scaled-e1775717643232-1280x1128.jpg\" class=\"w-full h-full object-cover\" alt=\"\" srcset=\"https:\/\/casablanca.dev.gejststudio.com\/casablanca\/wp-content\/uploads\/sites\/7\/2026\/04\/20260304_185202341_iOS-scaled-e1775717643232-1280x1128.jpg 1280w, https:\/\/casablanca.dev.gejststudio.com\/casablanca\/wp-content\/uploads\/sites\/7\/2026\/04\/20260304_185202341_iOS-scaled-e1775717643232-768x677.jpg 768w, https:\/\/casablanca.dev.gejststudio.com\/casablanca\/wp-content\/uploads\/sites\/7\/2026\/04\/20260304_185202341_iOS-scaled-e1775717643232-1536x1353.jpg 1536w, https:\/\/casablanca.dev.gejststudio.com\/casablanca\/wp-content\/uploads\/sites\/7\/2026\/04\/20260304_185202341_iOS-scaled-e1775717643232.jpg 1918w\" sizes=\"auto, (max-width: 1280px) 100vw, 1280px\" \/>\n        \n        \n    <\/figure>\n            <\/div>\n\n        <\/div>\n    <\/section>\n\n\n\n\n    <section data-tabs  class='block-tabbed-content  scroll-mt-24 alignwide'>\n        <div class=\"block-inner-container\">\n\n            <div class=\"w-full grid grid-cols-1 md:grid-cols-5 gap-x-12\">\n\n                <!-- Desktop tabs-->\n                <div class=\"md:col-span-2 hidden md:flex flex-col gap-5\">\n                                            <button\n                            class=\"\n                                hyphens-auto leading-tighter font-display heading-transform text-[2rem] lg:text-[2.5rem] xl:text-[3rem] text-left cursor-pointer hover:opacity-100 duration-200 ease-in-out\n                                text-brand                                opacity-100                            \"\n                            data-tab-button=\"1\"\n                        >\n                            Le Chambre S\u00e9par\u00e9e                        <\/button>\n                                            <button\n                            class=\"\n                                hyphens-auto leading-tighter font-display heading-transform text-[2rem] lg:text-[2.5rem] xl:text-[3rem] text-left cursor-pointer hover:opacity-100 duration-200 ease-in-out\n                                text-brand                                opacity-40                            \"\n                            data-tab-button=\"2\"\n                        >\n                            Rendezvous                        <\/button>\n                                            <button\n                            class=\"\n                                hyphens-auto leading-tighter font-display heading-transform text-[2rem] lg:text-[2.5rem] xl:text-[3rem] text-left cursor-pointer hover:opacity-100 duration-200 ease-in-out\n                                text-brand                                opacity-40                            \"\n                            data-tab-button=\"3\"\n                        >\n                            Next Door                        <\/button>\n                                    <\/div>\n\n                <!-- Content tabs -->\n                <div class=\"md:col-span-3 flex flex-col\">\n                                            <div>\n                            <!-- Mobile tab -->\n                            <button\n                                class=\"\n                                    block md:hidden scroll-mt-16 display-text-md mb-5 text-left cursor-pointer hover:opacity-100 duration-200 ease-in-out\n                                    text-brand                                    opacity-100                                \"\n                                data-tab-button=\"1\"\n                                data-scroll-to-button\n                            >\n                                Le Chambre S\u00e9par\u00e9e                            <\/button>\n\n                            <!-- Tab content -->\n                            <div\n                                class=\"\n                                    w-full mb-6 flex-col xl:flex-row gap-y-8 gap-x-[10vmin] md:gap-y-12\n                                    flex                                \"\n                                data-tab-content=\"1\"\n                            >\n                                <div class=\"max-w-screen-md flex flex-col gap-5 lg:gap-7 grow\">\n                                                                            <h3 class=\"text-2xl text-brand\">\n                                            Maks. 24 g\u00e6ster                                        <\/h3>\n                                    \n                                                                            <div class=\"wysiwyg-formatting\">\n                                            <p>Minimumsbetaling af 16 personer: Kr. 12.000,-<\/p>\n<p>Herefter pris pr. pers.: Kr. 750,-<\/p>\n                                        <\/div>\n                                    \n                                    <div x-data={} class=\"flex gap-x-4 gap-y-2 flex-wrap\">\n\t\t\t\t<a href=\"mailto:Kontakt@casablanca.dk?subject=Konfirmationsforesp%C3%B8rgsel&#038;body=Angiv%20venligst%20f%C3%B8lgende%3A%20%0A%0D%0A-%20Anledning%3A%20%0A%0D%0A-%20Antal%20g%C3%A6ster%3A%20%0A%0D%0A-%20Dato%3A%20%0A%0D%0A-%20Kontaktoplysninger%3A%20%0A%0D%0A-%20Hvorn%C3%A5r%20kan%20vi%20tr%C3%A6ffe%20jer%3A\" target=\"_self\"  class=\"max-w-fit btn \">\n                    Send foresp\u00f8rgsel\n\t\t\t\t<\/a>\n\t\t\t<\/div>                                <\/div>\n\n                                <img loading=\"lazy\" decoding=\"async\" width=\"576\" height=\"768\" src=\"https:\/\/casablanca.dev.gejststudio.com\/casablanca\/wp-content\/uploads\/sites\/7\/2026\/02\/20251114_161214299_iOS-576x768.jpg\" class=\"w-full hidden xl:block !max-w-70 !h-full rounded\" alt=\"\" srcset=\"https:\/\/casablanca.dev.gejststudio.com\/casablanca\/wp-content\/uploads\/sites\/7\/2026\/02\/20251114_161214299_iOS-576x768.jpg 576w, https:\/\/casablanca.dev.gejststudio.com\/casablanca\/wp-content\/uploads\/sites\/7\/2026\/02\/20251114_161214299_iOS-960x1280.jpg 960w, https:\/\/casablanca.dev.gejststudio.com\/casablanca\/wp-content\/uploads\/sites\/7\/2026\/02\/20251114_161214299_iOS-scaled.jpg 1920w, https:\/\/casablanca.dev.gejststudio.com\/casablanca\/wp-content\/uploads\/sites\/7\/2026\/02\/20251114_161214299_iOS-768x1024.jpg 768w, https:\/\/casablanca.dev.gejststudio.com\/casablanca\/wp-content\/uploads\/sites\/7\/2026\/02\/20251114_161214299_iOS-1152x1536.jpg 1152w, https:\/\/casablanca.dev.gejststudio.com\/casablanca\/wp-content\/uploads\/sites\/7\/2026\/02\/20251114_161214299_iOS-1536x2048.jpg 1536w\" sizes=\"auto, (max-width: 576px) 100vw, 576px\" \/>                            <\/div>\n                        <\/div>\n                                            <div>\n                            <!-- Mobile tab -->\n                            <button\n                                class=\"\n                                    block md:hidden scroll-mt-16 display-text-md mb-5 text-left cursor-pointer hover:opacity-100 duration-200 ease-in-out\n                                    text-brand                                    opacity-40                                \"\n                                data-tab-button=\"2\"\n                                data-scroll-to-button\n                            >\n                                Rendezvous                            <\/button>\n\n                            <!-- Tab content -->\n                            <div\n                                class=\"\n                                    w-full mb-6 flex-col xl:flex-row gap-y-8 gap-x-[10vmin] md:gap-y-12\n                                    hidden                                \"\n                                data-tab-content=\"2\"\n                            >\n                                <div class=\"max-w-screen-md flex flex-col gap-5 lg:gap-7 grow\">\n                                                                            <h3 class=\"text-2xl text-brand\">\n                                            Maks. 40 g\u00e6ster                                        <\/h3>\n                                    \n                                                                            <div class=\"wysiwyg-formatting\">\n                                            <p>Minimumsbetaling af 26 personer: Kr. 19.500,-<\/p>\n<p>Herefter pris pr. pers.: Kr. 750,-<\/p>\n                                        <\/div>\n                                    \n                                    <div x-data={} class=\"flex gap-x-4 gap-y-2 flex-wrap\">\n\t\t\t\t<a href=\"mailto:Kontakt@casablanca.dk?subject=Konfirmationsforesp%C3%B8rgsel&#038;body=Angiv%20venligst%20f%C3%B8lgende%3A%20%0A%0D%0A-%20Anledning%3A%20%0A%0D%0A-%20Antal%20g%C3%A6ster%3A%20%0A%0D%0A-%20Dato%3A%20%0A%0D%0A-%20Kontaktoplysninger%3A%20%0A%0D%0A-%20Hvorn%C3%A5r%20kan%20vi%20tr%C3%A6ffe%20jer%3A\" target=\"_self\"  class=\"max-w-fit btn \">\n                    Send foresp\u00f8rgsel\n\t\t\t\t<\/a>\n\t\t\t<\/div>                                <\/div>\n\n                                <img loading=\"lazy\" decoding=\"async\" width=\"576\" height=\"768\" src=\"https:\/\/casablanca.dev.gejststudio.com\/casablanca\/wp-content\/uploads\/sites\/7\/2026\/02\/20250504_085410113_iOS-576x768.jpg\" class=\"w-full hidden xl:block !max-w-70 !h-full rounded\" alt=\"\" srcset=\"https:\/\/casablanca.dev.gejststudio.com\/casablanca\/wp-content\/uploads\/sites\/7\/2026\/02\/20250504_085410113_iOS-576x768.jpg 576w, https:\/\/casablanca.dev.gejststudio.com\/casablanca\/wp-content\/uploads\/sites\/7\/2026\/02\/20250504_085410113_iOS-960x1280.jpg 960w, https:\/\/casablanca.dev.gejststudio.com\/casablanca\/wp-content\/uploads\/sites\/7\/2026\/02\/20250504_085410113_iOS-scaled.jpg 1920w, https:\/\/casablanca.dev.gejststudio.com\/casablanca\/wp-content\/uploads\/sites\/7\/2026\/02\/20250504_085410113_iOS-768x1024.jpg 768w, https:\/\/casablanca.dev.gejststudio.com\/casablanca\/wp-content\/uploads\/sites\/7\/2026\/02\/20250504_085410113_iOS-1152x1536.jpg 1152w, https:\/\/casablanca.dev.gejststudio.com\/casablanca\/wp-content\/uploads\/sites\/7\/2026\/02\/20250504_085410113_iOS-1536x2048.jpg 1536w\" sizes=\"auto, (max-width: 576px) 100vw, 576px\" \/>                            <\/div>\n                        <\/div>\n                                            <div>\n                            <!-- Mobile tab -->\n                            <button\n                                class=\"\n                                    block md:hidden scroll-mt-16 display-text-md mb-5 text-left cursor-pointer hover:opacity-100 duration-200 ease-in-out\n                                    text-brand                                    opacity-40                                \"\n                                data-tab-button=\"3\"\n                                data-scroll-to-button\n                            >\n                                Next Door                            <\/button>\n\n                            <!-- Tab content -->\n                            <div\n                                class=\"\n                                    w-full mb-6 flex-col xl:flex-row gap-y-8 gap-x-[10vmin] md:gap-y-12\n                                    hidden                                \"\n                                data-tab-content=\"3\"\n                            >\n                                <div class=\"max-w-screen-md flex flex-col gap-5 lg:gap-7 grow\">\n                                                                            <h3 class=\"text-2xl text-brand\">\n                                            Maks. 52 g\u00e6ster                                        <\/h3>\n                                    \n                                                                            <div class=\"wysiwyg-formatting\">\n                                            <p>Minimumsbetaling af 36 personer: Kr. 28.800,-<\/p>\n<p>Herefter pris pr. pers.: Kr. 800,-<\/p>\n<p>Med start fra kl. 15.00.<\/p>\n                                        <\/div>\n                                    \n                                    <div x-data={} class=\"flex gap-x-4 gap-y-2 flex-wrap\">\n\t\t\t\t<a href=\"mailto:Kontakt@casablanca.dk?subject=Konfirmationsforesp%C3%B8rgsel&#038;body=Angiv%20venligst%20f%C3%B8lgende%3A%20%0A%0D%0A-%20Anledning%3A%20%0A%0D%0A-%20Antal%20g%C3%A6ster%3A%20%0A%0D%0A-%20Dato%3A%20%0A%0D%0A-%20Kontaktoplysninger%3A%20%0A%0D%0A-%20Hvorn%C3%A5r%20kan%20vi%20tr%C3%A6ffe%20jer%3A\" target=\"_self\"  class=\"max-w-fit btn \">\n                    Send foresp\u00f8rgsel\n\t\t\t\t<\/a>\n\t\t\t<\/div>                                <\/div>\n\n                                <img loading=\"lazy\" decoding=\"async\" width=\"768\" height=\"576\" src=\"https:\/\/casablanca.dev.gejststudio.com\/casablanca\/wp-content\/uploads\/sites\/7\/2026\/02\/20250428_101138056_iOS-768x576.jpg\" class=\"w-full hidden xl:block !max-w-70 !h-full rounded\" alt=\"\" srcset=\"https:\/\/casablanca.dev.gejststudio.com\/casablanca\/wp-content\/uploads\/sites\/7\/2026\/02\/20250428_101138056_iOS-768x576.jpg 768w, https:\/\/casablanca.dev.gejststudio.com\/casablanca\/wp-content\/uploads\/sites\/7\/2026\/02\/20250428_101138056_iOS-1280x960.jpg 1280w, https:\/\/casablanca.dev.gejststudio.com\/casablanca\/wp-content\/uploads\/sites\/7\/2026\/02\/20250428_101138056_iOS-1536x1152.jpg 1536w, https:\/\/casablanca.dev.gejststudio.com\/casablanca\/wp-content\/uploads\/sites\/7\/2026\/02\/20250428_101138056_iOS-2048x1536.jpg 2048w\" sizes=\"auto, (max-width: 768px) 100vw, 768px\" \/>                            <\/div>\n                        <\/div>\n                                    <\/div>\n            <\/div>\n\n        <\/div>\n    <\/section>\n\n\n\n\n    <section  class='block-buttons alignwide'>\n        <div x-data={} class=\"flex gap-x-4 gap-y-2 flex-wrap justify-center\">\n\t\t\t\t<a href=\"#\/p\/2253\" target=\"_self\" data-barba-prevent=\"self\" aria-label=\"Casablanca - Galleri &#8211; Selskabslokaler samlet\" class=\"btn max-w-fit \">\n                    Se flere billeder af vores selskabslokaler\n\t\t\t\t<\/a>\n\t\t\t<\/div>    <\/section>\n\n\n\n\n\n    <section  class='block-text-and-media alignwide'>\n        <div class=\"block-inner-container grid grid-cols-1 gap-y-5 gap-x-[8vmin] md:grid-cols-2\">\n\n            <!-- Content-->\n            <div class=\"col-span-1 flex flex-col gap-5 md:gap-12 md:w-11\/12 text-left\">\n                                    <h2 class=\"display-text-md text-brand\">\n                        Konfirmationsfest i hjertet af Aarhus                    <\/h2>\n                \n                                    <div class=\"flex flex-col gap-5 md:gap-6\">\n                                                    <div class=\"wysiwyg-formatting\">\n                                <p>Casablanca har en unik beliggenhed midt i hjertet af Latinerkvarteret \u2013 i g\u00e5afstand til gode parkeringsmuligheder i DOKK1 eller i parkeringshuset NAVITAS.<\/p>\n<p>Hold jeres konfirmation i et af vores nyrenoverede selskabslokaler, der kan rumme b\u00e5de st\u00f8rre selskaber og sm\u00e5 intime arrangementer.<\/p>\n                            <\/div>\n                        \n                                            <\/div>\n                \n                            <\/div>\n\n            <!-- Media -->\n            <div class=\" md:order-first\">\n                    <figure class=\"relative flex items-center h-full w-full overflow-hidden rounded aspect-video\">\n\n        \n            <img loading=\"lazy\" decoding=\"async\" width=\"1280\" height=\"853\" src=\"https:\/\/casablanca.dev.gejststudio.com\/casablanca\/wp-content\/uploads\/sites\/7\/2026\/02\/Cafe-Casablanca-Rendez-vous-01-1280x853.jpg\" class=\"w-full h-full object-cover\" alt=\"\" srcset=\"https:\/\/casablanca.dev.gejststudio.com\/casablanca\/wp-content\/uploads\/sites\/7\/2026\/02\/Cafe-Casablanca-Rendez-vous-01-1280x853.jpg 1280w, https:\/\/casablanca.dev.gejststudio.com\/casablanca\/wp-content\/uploads\/sites\/7\/2026\/02\/Cafe-Casablanca-Rendez-vous-01-768x512.jpg 768w, https:\/\/casablanca.dev.gejststudio.com\/casablanca\/wp-content\/uploads\/sites\/7\/2026\/02\/Cafe-Casablanca-Rendez-vous-01-1536x1024.jpg 1536w, https:\/\/casablanca.dev.gejststudio.com\/casablanca\/wp-content\/uploads\/sites\/7\/2026\/02\/Cafe-Casablanca-Rendez-vous-01-2048x1365.jpg 2048w\" sizes=\"auto, (max-width: 1280px) 100vw, 1280px\" \/>\n        \n        \n    <\/figure>\n            <\/div>\n\n        <\/div>\n    <\/section>\n\n\n\n\n    <div  class='block-cta relative alignfull has-background bg-brand-bg text-white alignwide'>\n        <div class=\"block-inner-container\">\n\n            <div class=\"relative flex flex-col items-center justify-center text-center gap-5 lg:gap-8 w-full mx-auto max-w-site-width site-padding-x py-[5vmin]\">\n                                    <h2 class=\"display-text max-w-screen-lg text-white\">\n                        Kontakt os uforpligtende                     <\/h2>\n                \n                                    <div class=\"w-11\/12 max-w-md\">\n                        Lad os hj\u00e6lpe jer med at skabe en personlig, tryg og mindev\u00e6rdig konfirmationsfest.                     <\/div>\n                \n                                    <div x-data={} class=\"flex gap-x-4 gap-y-2 flex-wrap\">\n\t\t\t\t<a href=\"mailto:kontakt@casablanca.dk?subject=Konfirmationsforesp%C3%B8rgsel&#038;body=Angiv%20venligst%20f%C3%B8lgende%3A%0A%0D%0A-%20Anledning%3A%0A%0D%0A-%20Antal%20g%C3%A6ster%3A%0A%0D%0A-%20Dato%3A%0A%0D%0A-%20Kontaktoplysninger%3A%0A%0D%0A-%20Hvorn%C3%A5r%20kan%20vi%20tr%C3%A6ffe%20jer%3A\" target=\"_self\"  class=\"max-w-fit btn-white \">\n                    Send foresp\u00f8rgsel\n\t\t\t\t<\/a>\n\t\t\t<\/div>                            <\/div>\n\n        <\/div>\n    <\/div>\n\n","protected":false},"excerpt":{"rendered":"","protected":false},"author":2,"featured_media":0,"parent":0,"menu_order":0,"comment_status":"closed","ping_status":"closed","template":"","meta":{"_acf_changed":false,"footnotes":""},"class_list":["post-1068","page","type-page","status-publish","hentry"],"acf":[],"_links":{"self":[{"href":"https:\/\/casablanca.dev.gejststudio.com\/casablanca\/wp-json\/wp\/v2\/pages\/1068","targetHints":{"allow":["GET"]}}],"collection":[{"href":"https:\/\/casablanca.dev.gejststudio.com\/casablanca\/wp-json\/wp\/v2\/pages"}],"about":[{"href":"https:\/\/casablanca.dev.gejststudio.com\/casablanca\/wp-json\/wp\/v2\/types\/page"}],"author":[{"embeddable":true,"href":"https:\/\/casablanca.dev.gejststudio.com\/casablanca\/wp-json\/wp\/v2\/users\/2"}],"replies":[{"embeddable":true,"href":"https:\/\/casablanca.dev.gejststudio.com\/casablanca\/wp-json\/wp\/v2\/comments?post=1068"}],"version-history":[{"count":26,"href":"https:\/\/casablanca.dev.gejststudio.com\/casablanca\/wp-json\/wp\/v2\/pages\/1068\/revisions"}],"predecessor-version":[{"id":3404,"href":"https:\/\/casablanca.dev.gejststudio.com\/casablanca\/wp-json\/wp\/v2\/pages\/1068\/revisions\/3404"}],"wp:attachment":[{"href":"https:\/\/casablanca.dev.gejststudio.com\/casablanca\/wp-json\/wp\/v2\/media?parent=1068"}],"curies":[{"name":"wp","href":"https:\/\/api.w.org\/{rel}","templated":true}]}}